{"id":40513,"date":"2024-10-04T13:03:40","date_gmt":"2024-10-04T13:03:40","guid":{"rendered":"https:\/\/espacetriathlon.com\/product\/parachute-de-natation-8-pouces\/"},"modified":"2025-12-03T11:11:56","modified_gmt":"2025-12-03T11:11:56","slug":"parachute-de-natation-8-pouces","status":"publish","type":"product","link":"https:\/\/espacetriathlon.com\/fr\/product\/parachute-de-natation-8-pouces\/","title":{"rendered":"Parachute de natation 8 inches"},"content":{"rendered":"<p>8 pouces<\/p>\n","protected":false},"excerpt":{"rendered":"<p>Le parachute de natation Finis 20 cm se compose d&#8217;une ceinture en nylon confortable et r\u00e9glable reli\u00e9e \u00e0 un parachute.<br \/>\nCelui-ci offre diff\u00e9rents niveaux de r\u00e9sistance pour l&#8217;entra\u00eenement quotidien.<br \/>\nIl a \u00e9t\u00e9 prouv\u00e9 que l&#8217;entra\u00eenement de la force renforce les muscles et augmente l&#8217;endurance et la vitesse. Les r\u00e9sultats sont visibles imm\u00e9diatement apr\u00e8s avoir retir\u00e9 le parachute.<\/p>\n","protected":false},"featured_media":40504,"template":"","meta":[],"product_brand":[],"product_cat":[291],"product_tag":[],"class_list":{"0":"post-40513","1":"product","2":"type-product","3":"status-publish","4":"has-post-thumbnail","6":"product_cat-aide-dentrainement","7":"pa_brand-finis","9":"first","10":"instock","11":"shipping-taxable","12":"purchasable","13":"product-type-simple"},"_links":{"self":[{"href":"https:\/\/espacetriathlon.com\/fr\/wp-json\/wp\/v2\/product\/40513","targetHints":{"allow":["GET"]}}],"collection":[{"href":"https:\/\/espacetriathlon.com\/fr\/wp-json\/wp\/v2\/product"}],"about":[{"href":"https:\/\/espacetriathlon.com\/fr\/wp-json\/wp\/v2\/types\/product"}],"version-history":[{"count":1,"href":"https:\/\/espacetriathlon.com\/fr\/wp-json\/wp\/v2\/product\/40513\/revisions"}],"predecessor-version":[{"id":59286,"href":"https:\/\/espacetriathlon.com\/fr\/wp-json\/wp\/v2\/product\/40513\/revisions\/59286"}],"wp:featuredmedia":[{"embeddable":true,"href":"https:\/\/espacetriathlon.com\/fr\/wp-json\/wp\/v2\/media\/40504"}],"wp:attachment":[{"href":"https:\/\/espacetriathlon.com\/fr\/wp-json\/wp\/v2\/media?parent=40513"}],"wp:term":[{"taxonomy":"product_brand","embeddable":true,"href":"https:\/\/espacetriathlon.com\/fr\/wp-json\/wp\/v2\/product_brand?post=40513"},{"taxonomy":"product_cat","embeddable":true,"href":"https:\/\/espacetriathlon.com\/fr\/wp-json\/wp\/v2\/product_cat?post=40513"},{"taxonomy":"product_tag","embeddable":true,"href":"https:\/\/espacetriathlon.com\/fr\/wp-json\/wp\/v2\/product_tag?post=40513"}],"curies":[{"name":"wp","href":"https:\/\/api.w.org\/{rel}","templated":true}]}}