{"id":41897,"date":"2024-10-27T07:46:12","date_gmt":"2024-10-27T07:46:12","guid":{"rendered":"https:\/\/espacetriathlon.com\/product\/biofuse-power-paddle\/"},"modified":"2024-10-27T07:46:12","modified_gmt":"2024-10-27T07:46:12","slug":"biofuse-power-paddle","status":"publish","type":"product","link":"https:\/\/espacetriathlon.com\/fr\/product\/biofuse-power-paddle\/","title":{"rendered":"Biofuse power paddle"},"content":{"rendered":"","protected":false},"excerpt":{"rendered":"<p>Am\u00e9liorez votre technique et augmentez votre tonus musculaire. La Biofuse Power Paddle offre une r\u00e9sistance \u00e0 l&#8217;eau qui permet \u00e0 vos bras, vos \u00e9paules et votre dos de travailler plus fort, plus vite<br \/>\net mieux. Augmentez le tonus musculaire, l&#8217;endurance, la vitesse et la distance par coup tout en am\u00e9liorant la technique de frappe avec cette puissante pagaie. Elle favorise des coudes hauts et une entr\u00e9e correcte des mains dans l&#8217;eau pour une technique de nage plus efficace et pour conserver l&#8217;\u00e9nergie, ce qui est important pour la natation de longue distance. La technologie Biofuse de Speedo assure un confort et un ajustement maximum.    <\/p>\n","protected":false},"featured_media":41892,"template":"","meta":[],"product_brand":[],"product_cat":[285],"product_tag":[],"class_list":{"0":"post-41897","1":"product","2":"type-product","3":"status-publish","4":"has-post-thumbnail","6":"product_cat-paddles-fr","7":"pa_brand-speedo","8":"pa_size-m-fr","9":"pa_size-l-fr","11":"first","12":"instock","13":"sale","14":"shipping-taxable","15":"purchasable","16":"product-type-variable"},"_links":{"self":[{"href":"https:\/\/espacetriathlon.com\/fr\/wp-json\/wp\/v2\/product\/41897","targetHints":{"allow":["GET"]}}],"collection":[{"href":"https:\/\/espacetriathlon.com\/fr\/wp-json\/wp\/v2\/product"}],"about":[{"href":"https:\/\/espacetriathlon.com\/fr\/wp-json\/wp\/v2\/types\/product"}],"version-history":[{"count":0,"href":"https:\/\/espacetriathlon.com\/fr\/wp-json\/wp\/v2\/product\/41897\/revisions"}],"wp:featuredmedia":[{"embeddable":true,"href":"https:\/\/espacetriathlon.com\/fr\/wp-json\/wp\/v2\/media\/41892"}],"wp:attachment":[{"href":"https:\/\/espacetriathlon.com\/fr\/wp-json\/wp\/v2\/media?parent=41897"}],"wp:term":[{"taxonomy":"product_brand","embeddable":true,"href":"https:\/\/espacetriathlon.com\/fr\/wp-json\/wp\/v2\/product_brand?post=41897"},{"taxonomy":"product_cat","embeddable":true,"href":"https:\/\/espacetriathlon.com\/fr\/wp-json\/wp\/v2\/product_cat?post=41897"},{"taxonomy":"product_tag","embeddable":true,"href":"https:\/\/espacetriathlon.com\/fr\/wp-json\/wp\/v2\/product_tag?post=41897"}],"curies":[{"name":"wp","href":"https:\/\/api.w.org\/{rel}","templated":true}]}}