{"id":43384,"date":"2024-12-19T20:50:51","date_gmt":"2024-12-19T20:50:51","guid":{"rendered":"https:\/\/espacetriathlon.com\/?post_type=product&#038;p=43384"},"modified":"2025-06-25T17:07:20","modified_gmt":"2025-06-25T17:07:20","slug":"openwater-vitalis-trn-men-copy","status":"publish","type":"product","link":"https:\/\/espacetriathlon.com\/fr\/product\/openwater-vitalis-trn-men-copy\/","title":{"rendered":"Openwater Vitalis TRN women"},"content":{"rendered":"<p>La Vitalis TRN Openwater est la combinaison parfaite pour les nageurs d\u00e9butant en eau libre ou pour ceux qui pratiquent un entra\u00eenement quotidien ax\u00e9 sur le triathlon. La flexibilit\u00e9 \u00e9lev\u00e9e aux \u00e9paules aide \u00e0 surmonter les premiers entra\u00eenements en eau libre dans le plus grand confort, tandis que la flottabilit\u00e9 neutre permet de se sentir plus en s\u00e9curit\u00e9.<\/p>\n","protected":false},"excerpt":{"rendered":"<p>Combinaison d\u2019eau libre polyvalente<\/p>\n","protected":false},"featured_media":43411,"template":"","meta":[],"product_brand":[],"product_cat":[306,270],"product_tag":[],"class_list":{"0":"post-43384","1":"product","2":"type-product","3":"status-publish","4":"has-post-thumbnail","6":"product_cat-wetsuit-neopren-fr","7":"product_cat-openwater-fr","8":"pa_brand-orca","9":"pa_taille-orca-f-xs-144-160cm-46-53kg-fr","10":"pa_taille-orca-f-s-157-167cm-54-61kg-fr","11":"pa_taille-orca-f-m-165-177cm-60-67kg-fr","12":"pa_taille-orca-f-l-170-185cm-66-74kg-fr","13":"pa_taille-orca-f-xl-177-189cm-73-79kg-fr","15":"first","16":"instock","17":"shipping-taxable","18":"purchasable","19":"product-type-variable"},"_links":{"self":[{"href":"https:\/\/espacetriathlon.com\/fr\/wp-json\/wp\/v2\/product\/43384","targetHints":{"allow":["GET"]}}],"collection":[{"href":"https:\/\/espacetriathlon.com\/fr\/wp-json\/wp\/v2\/product"}],"about":[{"href":"https:\/\/espacetriathlon.com\/fr\/wp-json\/wp\/v2\/types\/product"}],"version-history":[{"count":2,"href":"https:\/\/espacetriathlon.com\/fr\/wp-json\/wp\/v2\/product\/43384\/revisions"}],"predecessor-version":[{"id":43433,"href":"https:\/\/espacetriathlon.com\/fr\/wp-json\/wp\/v2\/product\/43384\/revisions\/43433"}],"wp:featuredmedia":[{"embeddable":true,"href":"https:\/\/espacetriathlon.com\/fr\/wp-json\/wp\/v2\/media\/43411"}],"wp:attachment":[{"href":"https:\/\/espacetriathlon.com\/fr\/wp-json\/wp\/v2\/media?parent=43384"}],"wp:term":[{"taxonomy":"product_brand","embeddable":true,"href":"https:\/\/espacetriathlon.com\/fr\/wp-json\/wp\/v2\/product_brand?post=43384"},{"taxonomy":"product_cat","embeddable":true,"href":"https:\/\/espacetriathlon.com\/fr\/wp-json\/wp\/v2\/product_cat?post=43384"},{"taxonomy":"product_tag","embeddable":true,"href":"https:\/\/espacetriathlon.com\/fr\/wp-json\/wp\/v2\/product_tag?post=43384"}],"curies":[{"name":"wp","href":"https:\/\/api.w.org\/{rel}","templated":true}]}}