{"id":43458,"date":"2024-12-19T21:07:39","date_gmt":"2024-12-19T21:07:39","guid":{"rendered":"https:\/\/espacetriathlon.com\/product\/explorer-tour-fs-hommes\/"},"modified":"2025-05-07T11:28:02","modified_gmt":"2025-05-07T11:28:02","slug":"explorer-tour-fs-hommes","status":"publish","type":"product","link":"https:\/\/espacetriathlon.com\/fr\/product\/explorer-tour-fs-hommes\/","title":{"rendered":"Explorer Tour FS Hommes"},"content":{"rendered":"<p>Le n\u00e9opr\u00e8ne DOUBLE FACE rend cette combinaison \u00e0 la fois durable et confortable, id\u00e9ale pour les nageurs qui n&#8217;ont pas l&#8217;habitude de porter une combinaison. Le SWIM SPECIFIC DESIGN offre une grande \u00e9lasticit\u00e9 et un ajustement parfait. Les zones critiques sans coutures vous permettent de nager sans entrave. LE SYST\u00c8ME DE FERMETURE comprend une fermeture \u00e0 glissi\u00e8re YKK durable qui garantit un ajustement s\u00fbr et un enfilage facile. Un rabat lisse recouvrant la fermeture \u00e0 glissi\u00e8re apporte plus de confort, de mobilit\u00e9 et de chaleur. La longueur de manchette personnalisable de cette combinaison vous permet d&#8217;adapter les jambes et les bras de votre combinaison \u00e0 la longueur de manchette souhait\u00e9e. Ceci gr\u00e2ce \u00e0 un syst\u00e8me facile \u00e0 r\u00e9aliser soi-m\u00eame, rendu possible par notre mat\u00e9riau r\u00e9sistant \u00e0 la d\u00e9chirure. Utilisez notre guide ci-dessous pour savoir comment personnaliser vos poignets. <\/p>\n","protected":false},"excerpt":{"rendered":"<p>  L&#8217;Explorer Tour FS est con\u00e7u pour les nageurs qui font leurs premiers pas en eau libre.<\/p>\n","protected":false},"featured_media":43454,"template":"","meta":[],"product_brand":[],"product_cat":[270],"product_tag":[],"class_list":{"0":"post-43458","1":"product","2":"type-product","3":"status-publish","4":"has-post-thumbnail","6":"product_cat-openwater-fr","7":"pa_brand-zoggs","9":"first","10":"instock","11":"sale","12":"shipping-taxable","13":"purchasable","14":"product-type-variable"},"_links":{"self":[{"href":"https:\/\/espacetriathlon.com\/fr\/wp-json\/wp\/v2\/product\/43458","targetHints":{"allow":["GET"]}}],"collection":[{"href":"https:\/\/espacetriathlon.com\/fr\/wp-json\/wp\/v2\/product"}],"about":[{"href":"https:\/\/espacetriathlon.com\/fr\/wp-json\/wp\/v2\/types\/product"}],"version-history":[{"count":0,"href":"https:\/\/espacetriathlon.com\/fr\/wp-json\/wp\/v2\/product\/43458\/revisions"}],"wp:featuredmedia":[{"embeddable":true,"href":"https:\/\/espacetriathlon.com\/fr\/wp-json\/wp\/v2\/media\/43454"}],"wp:attachment":[{"href":"https:\/\/espacetriathlon.com\/fr\/wp-json\/wp\/v2\/media?parent=43458"}],"wp:term":[{"taxonomy":"product_brand","embeddable":true,"href":"https:\/\/espacetriathlon.com\/fr\/wp-json\/wp\/v2\/product_brand?post=43458"},{"taxonomy":"product_cat","embeddable":true,"href":"https:\/\/espacetriathlon.com\/fr\/wp-json\/wp\/v2\/product_cat?post=43458"},{"taxonomy":"product_tag","embeddable":true,"href":"https:\/\/espacetriathlon.com\/fr\/wp-json\/wp\/v2\/product_tag?post=43458"}],"curies":[{"name":"wp","href":"https:\/\/api.w.org\/{rel}","templated":true}]}}