{"id":44200,"date":"2025-01-17T12:16:01","date_gmt":"2025-01-17T12:16:01","guid":{"rendered":"https:\/\/espacetriathlon.com\/product\/3x300m-chronometre\/"},"modified":"2025-03-30T18:08:33","modified_gmt":"2025-03-30T18:08:33","slug":"3x300m-chronometre","status":"publish","type":"product","link":"https:\/\/espacetriathlon.com\/fr\/product\/3x300m-chronometre\/","title":{"rendered":"3x300m stopwatch Chronom\u00e8tre"},"content":{"rendered":"<p> CHRONOM\u00c8TRE POUR LES TEMPS INTERM\u00c9DIAIRES : Permet d&#8217;effectuer 300 fractionnements et de consulter les fractionnements cumul\u00e9s et par tour ; affiche clairement le fractionnement actuel et le nombre de fractionnements effectu\u00e9s<br \/>\nFACILE A LIRE : affiche clairement le temps de course cumul\u00e9 et le temps de course par tour actuel<br \/>\nACTIVE TIME REVIEW : permet de consulter la m\u00e9moire actuelle tout en effectuant des fractionnements ; il n&#8217;est pas n\u00e9cessaire d&#8217;arr\u00eater la montre pour consulter la m\u00e9moire<br \/>\nSTROKE RATE MODE : Calcule automatiquement la cadence des coups de p\u00e9dale et des foul\u00e9es ; programm\u00e9 tous les 3 coups de p\u00e9dale et foul\u00e9es<br \/>\nLONGUE DUREE : La dur\u00e9e de vie de la batterie est d&#8217;environ 5 ans.<\/p>\n","protected":false},"excerpt":{"rendered":"<p>Finis<br \/>\n300 chronom\u00e8tre \u00e0 m\u00e9moire fractionn\u00e9e<\/p>\n","protected":false},"featured_media":44196,"template":"","meta":[],"product_brand":[],"product_cat":[279,291],"product_tag":[],"class_list":{"0":"post-44200","1":"product","2":"type-product","3":"status-publish","4":"has-post-thumbnail","6":"product_cat-accessories-swim","7":"product_cat-aide-dentrainement","9":"first","10":"instock","11":"sale","12":"shipping-taxable","13":"purchasable","14":"product-type-simple"},"_links":{"self":[{"href":"https:\/\/espacetriathlon.com\/fr\/wp-json\/wp\/v2\/product\/44200","targetHints":{"allow":["GET"]}}],"collection":[{"href":"https:\/\/espacetriathlon.com\/fr\/wp-json\/wp\/v2\/product"}],"about":[{"href":"https:\/\/espacetriathlon.com\/fr\/wp-json\/wp\/v2\/types\/product"}],"version-history":[{"count":0,"href":"https:\/\/espacetriathlon.com\/fr\/wp-json\/wp\/v2\/product\/44200\/revisions"}],"wp:featuredmedia":[{"embeddable":true,"href":"https:\/\/espacetriathlon.com\/fr\/wp-json\/wp\/v2\/media\/44196"}],"wp:attachment":[{"href":"https:\/\/espacetriathlon.com\/fr\/wp-json\/wp\/v2\/media?parent=44200"}],"wp:term":[{"taxonomy":"product_brand","embeddable":true,"href":"https:\/\/espacetriathlon.com\/fr\/wp-json\/wp\/v2\/product_brand?post=44200"},{"taxonomy":"product_cat","embeddable":true,"href":"https:\/\/espacetriathlon.com\/fr\/wp-json\/wp\/v2\/product_cat?post=44200"},{"taxonomy":"product_tag","embeddable":true,"href":"https:\/\/espacetriathlon.com\/fr\/wp-json\/wp\/v2\/product_tag?post=44200"}],"curies":[{"name":"wp","href":"https:\/\/api.w.org\/{rel}","templated":true}]}}