{"id":44705,"date":"2025-01-28T17:34:47","date_gmt":"2025-01-28T17:34:47","guid":{"rendered":"https:\/\/espacetriathlon.com\/product\/creme-anti-chafe\/"},"modified":"2025-07-20T09:34:38","modified_gmt":"2025-07-20T09:34:38","slug":"creme-anti-chafe","status":"publish","type":"product","link":"https:\/\/espacetriathlon.com\/fr\/product\/creme-anti-chafe\/","title":{"rendered":"Cr\u00e8me anti frottement"},"content":{"rendered":"<p>La cr\u00e8me antifriction OVERSTIM.s d\u00e9pose un film hautement lubrifiant sur les zones de frottement. Elle prot\u00e8ge efficacement contre les frottements irritants pour la peau et favorise la r\u00e9paration cutan\u00e9e.<br \/>\nCompl\u00e9ment id\u00e9al des combinaisons de triathlon \/ eau libre.<\/p>\n","protected":false},"excerpt":{"rendered":"<p>La cr\u00e8me antifriction OVERSTIM.s d\u00e9pose un film hautement lubrifiant sur les zones de frottement. Elle prot\u00e8ge efficacement contre les frottements irritants pour la peau et favorise la r\u00e9paration cutan\u00e9e.<br \/>\nCompl\u00e9ment id\u00e9al des combinaisons de triathlon \/ eau libre.<br \/>\n150 ml<\/p>\n","protected":false},"featured_media":44699,"template":"","meta":[],"product_brand":[],"product_cat":[1711,306,300],"product_tag":[],"class_list":{"0":"post-44705","1":"product","2":"type-product","3":"status-publish","4":"has-post-thumbnail","6":"product_cat-accessories-tri-3","7":"product_cat-wetsuit-neopren-fr","8":"product_cat-run-accessories-triathlon-fr","9":"pa_brand-overstims","11":"first","12":"instock","13":"shipping-taxable","14":"purchasable","15":"product-type-simple"},"_links":{"self":[{"href":"https:\/\/espacetriathlon.com\/fr\/wp-json\/wp\/v2\/product\/44705","targetHints":{"allow":["GET"]}}],"collection":[{"href":"https:\/\/espacetriathlon.com\/fr\/wp-json\/wp\/v2\/product"}],"about":[{"href":"https:\/\/espacetriathlon.com\/fr\/wp-json\/wp\/v2\/types\/product"}],"version-history":[{"count":1,"href":"https:\/\/espacetriathlon.com\/fr\/wp-json\/wp\/v2\/product\/44705\/revisions"}],"predecessor-version":[{"id":49099,"href":"https:\/\/espacetriathlon.com\/fr\/wp-json\/wp\/v2\/product\/44705\/revisions\/49099"}],"wp:featuredmedia":[{"embeddable":true,"href":"https:\/\/espacetriathlon.com\/fr\/wp-json\/wp\/v2\/media\/44699"}],"wp:attachment":[{"href":"https:\/\/espacetriathlon.com\/fr\/wp-json\/wp\/v2\/media?parent=44705"}],"wp:term":[{"taxonomy":"product_brand","embeddable":true,"href":"https:\/\/espacetriathlon.com\/fr\/wp-json\/wp\/v2\/product_brand?post=44705"},{"taxonomy":"product_cat","embeddable":true,"href":"https:\/\/espacetriathlon.com\/fr\/wp-json\/wp\/v2\/product_cat?post=44705"},{"taxonomy":"product_tag","embeddable":true,"href":"https:\/\/espacetriathlon.com\/fr\/wp-json\/wp\/v2\/product_tag?post=44705"}],"curies":[{"name":"wp","href":"https:\/\/api.w.org\/{rel}","templated":true}]}}