{"id":45148,"date":"2025-01-31T11:28:58","date_gmt":"2025-01-31T11:28:58","guid":{"rendered":"https:\/\/espacetriathlon.com\/product\/bouee-de-natation-xlite-haute-visibilite\/"},"modified":"2026-03-10T19:40:11","modified_gmt":"2026-03-10T19:40:11","slug":"bouee-de-natation-xlite-haute-visibilite","status":"publish","type":"product","link":"https:\/\/espacetriathlon.com\/fr\/product\/bouee-de-natation-xlite-haute-visibilite\/","title":{"rendered":"Bou\u00e9e de natation xlite haute visibilit\u00e9"},"content":{"rendered":"<p>Capacit\u00e9 : 16 l<br \/>\nDimension \u00e0 plat 50x 35<br \/>\nLongueur de la lani\u00e8re : 90 cm<br \/>\nTaille de la ceinture : de 65 \u00e0 118 cm<\/p>\n","protected":false},"excerpt":{"rendered":"<p>Zoggs<br \/>\nBou\u00e9e gonflable haute visibilit\u00e9 avec ceinture ventrale<\/p>\n","protected":false},"featured_media":45144,"template":"","meta":[],"product_brand":[],"product_cat":[270,279],"product_tag":[],"class_list":{"0":"post-45148","1":"product","2":"type-product","3":"status-publish","4":"has-post-thumbnail","6":"product_cat-openwater-fr","7":"product_cat-accessories-swim","8":"pa_brand-zoggs","10":"first","11":"instock","12":"shipping-taxable","13":"purchasable","14":"product-type-simple"},"_links":{"self":[{"href":"https:\/\/espacetriathlon.com\/fr\/wp-json\/wp\/v2\/product\/45148","targetHints":{"allow":["GET"]}}],"collection":[{"href":"https:\/\/espacetriathlon.com\/fr\/wp-json\/wp\/v2\/product"}],"about":[{"href":"https:\/\/espacetriathlon.com\/fr\/wp-json\/wp\/v2\/types\/product"}],"version-history":[{"count":0,"href":"https:\/\/espacetriathlon.com\/fr\/wp-json\/wp\/v2\/product\/45148\/revisions"}],"wp:featuredmedia":[{"embeddable":true,"href":"https:\/\/espacetriathlon.com\/fr\/wp-json\/wp\/v2\/media\/45144"}],"wp:attachment":[{"href":"https:\/\/espacetriathlon.com\/fr\/wp-json\/wp\/v2\/media?parent=45148"}],"wp:term":[{"taxonomy":"product_brand","embeddable":true,"href":"https:\/\/espacetriathlon.com\/fr\/wp-json\/wp\/v2\/product_brand?post=45148"},{"taxonomy":"product_cat","embeddable":true,"href":"https:\/\/espacetriathlon.com\/fr\/wp-json\/wp\/v2\/product_cat?post=45148"},{"taxonomy":"product_tag","embeddable":true,"href":"https:\/\/espacetriathlon.com\/fr\/wp-json\/wp\/v2\/product_tag?post=45148"}],"curies":[{"name":"wp","href":"https:\/\/api.w.org\/{rel}","templated":true}]}}