{"id":45166,"date":"2025-01-31T11:57:35","date_gmt":"2025-01-31T11:57:35","guid":{"rendered":"https:\/\/espacetriathlon.com\/product\/reacteur-en-titane-predator\/"},"modified":"2025-03-06T09:10:00","modified_gmt":"2025-03-06T09:10:00","slug":"reacteur-en-titane-predator","status":"publish","type":"product","link":"https:\/\/espacetriathlon.com\/fr\/product\/reacteur-en-titane-predator\/","title":{"rendered":"Predator titanium reactor"},"content":{"rendered":"<p>lentilles polaris\u00e9es pour une vision am\u00e9lior\u00e9e et des contours clairs<br \/>\nTechnologie unique 4 Flexpoint pour une flexibilit\u00e9 accrue<br \/>\nJoints Ultra-Fit brevet\u00e9s pour une pression r\u00e9duite sur l&#8217;orbite, avec moins de poids<br \/>\nProtection UV maximale bloque 100% des rayons UVA et UVB nocifs<br \/>\nCLT\u2122 &#8211; Curved Lens Technology assure un champ de vision p\u00e9riph\u00e9rique de 180\u00b0<br \/>\nImpr\u00e9gnation anti-bu\u00e9e Fogbuster\u2122 pour une vision claire.<\/p>\n","protected":false},"excerpt":{"rendered":"<p>Gris Turquoise<br \/>\nZoggs<\/p>\n","protected":false},"featured_media":45153,"template":"","meta":[],"product_brand":[],"product_cat":[282],"product_tag":[],"class_list":{"0":"post-45166","1":"product","2":"type-product","3":"status-publish","4":"has-post-thumbnail","6":"product_cat-lunettes","7":"pa_brand-zoggs","9":"first","10":"instock","11":"sale","12":"shipping-taxable","13":"purchasable","14":"product-type-simple"},"_links":{"self":[{"href":"https:\/\/espacetriathlon.com\/fr\/wp-json\/wp\/v2\/product\/45166","targetHints":{"allow":["GET"]}}],"collection":[{"href":"https:\/\/espacetriathlon.com\/fr\/wp-json\/wp\/v2\/product"}],"about":[{"href":"https:\/\/espacetriathlon.com\/fr\/wp-json\/wp\/v2\/types\/product"}],"version-history":[{"count":0,"href":"https:\/\/espacetriathlon.com\/fr\/wp-json\/wp\/v2\/product\/45166\/revisions"}],"wp:featuredmedia":[{"embeddable":true,"href":"https:\/\/espacetriathlon.com\/fr\/wp-json\/wp\/v2\/media\/45153"}],"wp:attachment":[{"href":"https:\/\/espacetriathlon.com\/fr\/wp-json\/wp\/v2\/media?parent=45166"}],"wp:term":[{"taxonomy":"product_brand","embeddable":true,"href":"https:\/\/espacetriathlon.com\/fr\/wp-json\/wp\/v2\/product_brand?post=45166"},{"taxonomy":"product_cat","embeddable":true,"href":"https:\/\/espacetriathlon.com\/fr\/wp-json\/wp\/v2\/product_cat?post=45166"},{"taxonomy":"product_tag","embeddable":true,"href":"https:\/\/espacetriathlon.com\/fr\/wp-json\/wp\/v2\/product_tag?post=45166"}],"curies":[{"name":"wp","href":"https:\/\/api.w.org\/{rel}","templated":true}]}}