{"id":45208,"date":"2025-01-31T12:38:53","date_gmt":"2025-01-31T12:38:53","guid":{"rendered":"https:\/\/espacetriathlon.com\/product\/predator-flex-polarized\/"},"modified":"2025-03-23T06:29:27","modified_gmt":"2025-03-23T06:29:27","slug":"predator-flex-polarized","status":"publish","type":"product","link":"https:\/\/espacetriathlon.com\/fr\/product\/predator-flex-polarized\/","title":{"rendered":"Predator flex polarized"},"content":{"rendered":"<p>Deux tailles disponibles, coupe r\u00e9guli\u00e8re et coupe plus petite<br \/>\nJoint exclusif Advanced Ultra Fit\u2122, con\u00e7u pour r\u00e9duire la pression autour de l&#8217;orbite pour un confort exceptionnel<br \/>\nLentille polaris\u00e9e, id\u00e9al pour les fortes luminosit\u00e9s<br \/>\nCLT\u2122 &#8211; Curved Lens Technology offre une vision p\u00e9riph\u00e9rique \u00e0 180 degr\u00e9s<br \/>\nLentilles antibu\u00e9e pour que vous puissiez nager clairement<br \/>\nProtection UV pour prot\u00e9ger vos yeux des fortes luminosit\u00e9s et des rayons UV nocifs<br \/>\n3D Flexpoint pour un ajustement encore meilleur<br \/>\nSangle fendue pour assurer une s\u00e9curit\u00e9 encore plus grande<br \/>\nSangle \u00e0 r\u00e9glage rapide pour les nageurs en mouvement<br \/>\nApprouv\u00e9 par Fina<\/p>\n","protected":false},"excerpt":{"rendered":"<p>Noir Rouge<br \/>\nZoggs<\/p>\n","protected":false},"featured_media":45196,"template":"","meta":[],"product_brand":[],"product_cat":[282],"product_tag":[],"class_list":{"0":"post-45208","1":"product","2":"type-product","3":"status-publish","4":"has-post-thumbnail","6":"product_cat-lunettes","7":"pa_brand-zoggs","9":"first","10":"instock","11":"sale","12":"shipping-taxable","13":"purchasable","14":"product-type-simple"},"_links":{"self":[{"href":"https:\/\/espacetriathlon.com\/fr\/wp-json\/wp\/v2\/product\/45208","targetHints":{"allow":["GET"]}}],"collection":[{"href":"https:\/\/espacetriathlon.com\/fr\/wp-json\/wp\/v2\/product"}],"about":[{"href":"https:\/\/espacetriathlon.com\/fr\/wp-json\/wp\/v2\/types\/product"}],"version-history":[{"count":0,"href":"https:\/\/espacetriathlon.com\/fr\/wp-json\/wp\/v2\/product\/45208\/revisions"}],"wp:featuredmedia":[{"embeddable":true,"href":"https:\/\/espacetriathlon.com\/fr\/wp-json\/wp\/v2\/media\/45196"}],"wp:attachment":[{"href":"https:\/\/espacetriathlon.com\/fr\/wp-json\/wp\/v2\/media?parent=45208"}],"wp:term":[{"taxonomy":"product_brand","embeddable":true,"href":"https:\/\/espacetriathlon.com\/fr\/wp-json\/wp\/v2\/product_brand?post=45208"},{"taxonomy":"product_cat","embeddable":true,"href":"https:\/\/espacetriathlon.com\/fr\/wp-json\/wp\/v2\/product_cat?post=45208"},{"taxonomy":"product_tag","embeddable":true,"href":"https:\/\/espacetriathlon.com\/fr\/wp-json\/wp\/v2\/product_tag?post=45208"}],"curies":[{"name":"wp","href":"https:\/\/api.w.org\/{rel}","templated":true}]}}