{"id":45274,"date":"2025-02-01T10:35:12","date_gmt":"2025-02-01T10:35:12","guid":{"rendered":"https:\/\/espacetriathlon.com\/?post_type=product&#038;p=45274"},"modified":"2025-02-01T10:38:52","modified_gmt":"2025-02-01T10:38:52","slug":"pro-racing-socks-v4-0-low-surgarstorm","status":"publish","type":"product","link":"https:\/\/espacetriathlon.com\/fr\/product\/pro-racing-socks-v4-0-low-surgarstorm\/","title":{"rendered":"Pro Racing Socks V4.0 Low Sugar \/ Storm"},"content":{"rendered":"<p>Sugar Storm<br \/>\n96% Polyamide, 4% Elastane<\/p>\n","protected":false},"excerpt":{"rendered":"<p>Nouvelle g\u00e9n\u00e9ration de chaussettes de course performantes offrant un confort sup\u00e9rieur, une pr\u00e9vention des ampoules et une ventilation optimale sur toutes vos courses.<\/p>\n","protected":false},"featured_media":45302,"template":"","meta":[],"product_brand":[],"product_cat":[300],"product_tag":[],"class_list":{"0":"post-45274","1":"product","2":"type-product","3":"status-publish","4":"has-post-thumbnail","6":"product_cat-run-accessories-triathlon-fr","7":"product_shipping_class-petitarticle-fr","8":"pa_brand-compressport","9":"pa_size_compressport-t1-35-38-fr","10":"pa_size_compressport-t2-39-41-fr","11":"pa_size_compressport-t3-42-44-fr","12":"pa_size_compressport-t4-45-48-fr","14":"first","15":"instock","16":"shipping-taxable","17":"purchasable","18":"product-type-variable"},"_links":{"self":[{"href":"https:\/\/espacetriathlon.com\/fr\/wp-json\/wp\/v2\/product\/45274","targetHints":{"allow":["GET"]}}],"collection":[{"href":"https:\/\/espacetriathlon.com\/fr\/wp-json\/wp\/v2\/product"}],"about":[{"href":"https:\/\/espacetriathlon.com\/fr\/wp-json\/wp\/v2\/types\/product"}],"version-history":[{"count":2,"href":"https:\/\/espacetriathlon.com\/fr\/wp-json\/wp\/v2\/product\/45274\/revisions"}],"predecessor-version":[{"id":45309,"href":"https:\/\/espacetriathlon.com\/fr\/wp-json\/wp\/v2\/product\/45274\/revisions\/45309"}],"wp:featuredmedia":[{"embeddable":true,"href":"https:\/\/espacetriathlon.com\/fr\/wp-json\/wp\/v2\/media\/45302"}],"wp:attachment":[{"href":"https:\/\/espacetriathlon.com\/fr\/wp-json\/wp\/v2\/media?parent=45274"}],"wp:term":[{"taxonomy":"product_brand","embeddable":true,"href":"https:\/\/espacetriathlon.com\/fr\/wp-json\/wp\/v2\/product_brand?post=45274"},{"taxonomy":"product_cat","embeddable":true,"href":"https:\/\/espacetriathlon.com\/fr\/wp-json\/wp\/v2\/product_cat?post=45274"},{"taxonomy":"product_tag","embeddable":true,"href":"https:\/\/espacetriathlon.com\/fr\/wp-json\/wp\/v2\/product_tag?post=45274"}],"curies":[{"name":"wp","href":"https:\/\/api.w.org\/{rel}","templated":true}]}}