{"id":45372,"date":"2025-02-01T11:53:43","date_gmt":"2025-02-01T11:53:43","guid":{"rendered":"https:\/\/espacetriathlon.com\/product\/heatseeker-ves-with-hood-veste-neoprene-avec-capuche\/"},"modified":"2025-03-26T13:24:41","modified_gmt":"2025-03-26T13:24:41","slug":"heatseeker-ves-with-hood-veste-neoprene-avec-capuche","status":"publish","type":"product","link":"https:\/\/espacetriathlon.com\/fr\/product\/heatseeker-ves-with-hood-veste-neoprene-avec-capuche\/","title":{"rendered":"Heatseeker Vest with hood &#8211; Veste n\u00e9opr\u00e8ne avec capuche"},"content":{"rendered":"<p>Cette veste en n\u00e9opr\u00e8ne de 3 mm d&#8217;\u00e9paisseur avec capuche thermique int\u00e9gr\u00e9e peut \u00eatre port\u00e9e sous une combinaison de plong\u00e9e normale pour rendre la natation en eau froide plus s\u00fbre et plus confortable. <\/p>\n","protected":false},"excerpt":{"rendered":"<p>Unisexe<br \/>\nOrca<\/p>\n","protected":false},"featured_media":45367,"template":"","meta":[],"product_brand":[],"product_cat":[270],"product_tag":[],"class_list":{"0":"post-45372","1":"product","2":"type-product","3":"status-publish","4":"has-post-thumbnail","6":"product_cat-openwater-fr","7":"pa_brand-orca","8":"pa_size-xs-fr","9":"pa_size-s-fr","10":"pa_size-m-fr","11":"pa_size-l-fr","12":"pa_size-xl-fr","14":"first","15":"instock","16":"shipping-taxable","17":"purchasable","18":"product-type-variable"},"_links":{"self":[{"href":"https:\/\/espacetriathlon.com\/fr\/wp-json\/wp\/v2\/product\/45372","targetHints":{"allow":["GET"]}}],"collection":[{"href":"https:\/\/espacetriathlon.com\/fr\/wp-json\/wp\/v2\/product"}],"about":[{"href":"https:\/\/espacetriathlon.com\/fr\/wp-json\/wp\/v2\/types\/product"}],"version-history":[{"count":0,"href":"https:\/\/espacetriathlon.com\/fr\/wp-json\/wp\/v2\/product\/45372\/revisions"}],"wp:featuredmedia":[{"embeddable":true,"href":"https:\/\/espacetriathlon.com\/fr\/wp-json\/wp\/v2\/media\/45367"}],"wp:attachment":[{"href":"https:\/\/espacetriathlon.com\/fr\/wp-json\/wp\/v2\/media?parent=45372"}],"wp:term":[{"taxonomy":"product_brand","embeddable":true,"href":"https:\/\/espacetriathlon.com\/fr\/wp-json\/wp\/v2\/product_brand?post=45372"},{"taxonomy":"product_cat","embeddable":true,"href":"https:\/\/espacetriathlon.com\/fr\/wp-json\/wp\/v2\/product_cat?post=45372"},{"taxonomy":"product_tag","embeddable":true,"href":"https:\/\/espacetriathlon.com\/fr\/wp-json\/wp\/v2\/product_tag?post=45372"}],"curies":[{"name":"wp","href":"https:\/\/api.w.org\/{rel}","templated":true}]}}