{"id":45781,"date":"2025-02-18T12:39:28","date_gmt":"2025-02-18T12:39:28","guid":{"rendered":"https:\/\/espacetriathlon.com\/?post_type=product&#038;p=45781"},"modified":"2025-02-18T12:45:37","modified_gmt":"2025-02-18T12:45:37","slug":"powerfins-pro-ii-copy","status":"publish","type":"product","link":"https:\/\/espacetriathlon.com\/fr\/product\/powerfins-pro-ii-copy\/","title":{"rendered":"powerfins pro II Plum \/ Artic Lime"},"content":{"rendered":"<p>Les palmes POWERFIN PRO comptent parmi les palmes les plus attendues des nageurs professionnels. Leur surface inclin\u00e9e et leurs fentes hydrodynamiques intensifient votre travail musculaire gr\u00e2ce \u00e0 une meilleure stabilit\u00e9 et un coup de palme plus rapide. Le chaussant monobloc au talon ouvert assure une plus grande flexibilit\u00e9 au niveau de la cheville vous permettant une meilleure propulsion.<\/p>\n<p>Une s\u00e9ance d\u2019entrainement de quelques minutes \u00e0 la verticale avec les palmes de natation POWERFIN PRO contribuera \u00e0 muscler en profondeur vos jambes. En effet, ce type d\u2019exercice vous aide \u00e0 mieux contr\u00f4ler votre position dans l\u2019eau et \u00e0 am\u00e9liorer votre coup de palme.<\/p>\n","protected":false},"excerpt":{"rendered":"<p>Fentes hydrodynamiques Talon ouvert Bas du corps<\/p>\n","protected":false},"featured_media":45818,"template":"","meta":[],"product_brand":[],"product_cat":[291],"product_tag":[],"class_list":{"0":"post-45781","1":"product","2":"type-product","3":"status-publish","4":"has-post-thumbnail","6":"product_cat-aide-dentrainement","7":"pa_brand-arena","8":"pa_size_arena-36-37-2","9":"pa_size_arena-38-39-2","10":"pa_size_arena-40-41-2","11":"pa_size_arena-42-43-2","12":"pa_size_arena-44-45-2","13":"pa_size_arena-46-47-2","15":"first","16":"instock","17":"sale","18":"shipping-taxable","19":"purchasable","20":"product-type-variable"},"_links":{"self":[{"href":"https:\/\/espacetriathlon.com\/fr\/wp-json\/wp\/v2\/product\/45781","targetHints":{"allow":["GET"]}}],"collection":[{"href":"https:\/\/espacetriathlon.com\/fr\/wp-json\/wp\/v2\/product"}],"about":[{"href":"https:\/\/espacetriathlon.com\/fr\/wp-json\/wp\/v2\/types\/product"}],"version-history":[{"count":2,"href":"https:\/\/espacetriathlon.com\/fr\/wp-json\/wp\/v2\/product\/45781\/revisions"}],"predecessor-version":[{"id":45834,"href":"https:\/\/espacetriathlon.com\/fr\/wp-json\/wp\/v2\/product\/45781\/revisions\/45834"}],"wp:featuredmedia":[{"embeddable":true,"href":"https:\/\/espacetriathlon.com\/fr\/wp-json\/wp\/v2\/media\/45818"}],"wp:attachment":[{"href":"https:\/\/espacetriathlon.com\/fr\/wp-json\/wp\/v2\/media?parent=45781"}],"wp:term":[{"taxonomy":"product_brand","embeddable":true,"href":"https:\/\/espacetriathlon.com\/fr\/wp-json\/wp\/v2\/product_brand?post=45781"},{"taxonomy":"product_cat","embeddable":true,"href":"https:\/\/espacetriathlon.com\/fr\/wp-json\/wp\/v2\/product_cat?post=45781"},{"taxonomy":"product_tag","embeddable":true,"href":"https:\/\/espacetriathlon.com\/fr\/wp-json\/wp\/v2\/product_tag?post=45781"}],"curies":[{"name":"wp","href":"https:\/\/api.w.org\/{rel}","templated":true}]}}