{"id":46100,"date":"2025-03-07T13:46:04","date_gmt":"2025-03-07T13:46:04","guid":{"rendered":"https:\/\/espacetriathlon.com\/product\/mantra-swimskin-femme\/"},"modified":"2025-03-07T13:46:04","modified_gmt":"2025-03-07T13:46:04","slug":"mantra-swimskin-femme","status":"publish","type":"product","link":"https:\/\/espacetriathlon.com\/fr\/product\/mantra-swimskin-femme\/","title":{"rendered":"Mantra Swimskin Femme"},"content":{"rendered":"<p>Les mat\u00e9riaux innovants et les propri\u00e9t\u00e9s \u00e9lastiques de la combinaison Mantra lui permettent de s&#8217;adapter confortablement \u00e0 votre corps. Sa conception minimise la p\u00e9n\u00e9tration de l&#8217;eau et la formation de poches d&#8217;eau, am\u00e9liorant ainsi vos performances en apn\u00e9e. <\/p>\n<p>DURABILIT\u00c9<br \/>\nLe tissu ext\u00e9rieur des manches de la combinaison augmente sa durabilit\u00e9 et offre une protection maximale contre l&#8217;usure. Gr\u00e2ce aux propri\u00e9t\u00e9s \u00e9lastiques de la combinaison de tissu et de n\u00e9opr\u00e8ne, la Mantra ne perd pas en flexibilit\u00e9, ce qui vous permet une plus grande libert\u00e9 de mouvement lors de vos descentes et de vos aventures sous-marines. <\/p>\n<p>ELASTICIT\u00c9<br \/>\nLes mat\u00e9riaux hautement \u00e9lastiques qui composent le Mantra augmentent sa flexibilit\u00e9 et son amplitude de mouvement, vous permettant de bouger sans restriction. Pour une libert\u00e9 de mouvement totale au niveau des hanches et des jambes, une fermeture \u00e9clair invers\u00e9e et des coutures optimis\u00e9es sont incorpor\u00e9es dans le bas du dos. <\/p>\n","protected":false},"excerpt":{"rendered":"<p>Combinaison d&#8217;apn\u00e9e polyvalente pour eaux chaudes<\/p>\n<p>The Orca Mantra is a wetsuit developed with high-quality materials that provide more durability without sacrificing performance. Les mat\u00e9riaux hautement \u00e9lastiques assurent un ajustement parfait et permettent au porteur de profiter des s\u00e9ances d&#8217;apn\u00e9e sans aucune restriction. <\/p>\n<p>*Ce v\u00eatement est fait d&#8217;un tissu compressif. Si vous \u00eates entre deux tailles, choisissez la plus grande. <\/p>\n","protected":false},"featured_media":46082,"template":"","meta":[],"product_brand":[],"product_cat":[985,270],"product_tag":[],"class_list":{"0":"post-46100","1":"product","2":"type-product","3":"status-publish","4":"has-post-thumbnail","6":"product_cat-apnee","7":"product_cat-openwater-fr","8":"pa_brand-orca","9":"pa_size-xs-fr","10":"pa_size-s-fr","11":"pa_size-m-fr","12":"pa_size-l-fr","13":"pa_size-xl-fr","15":"first","16":"instock","17":"shipping-taxable","18":"purchasable","19":"product-type-variable"},"_links":{"self":[{"href":"https:\/\/espacetriathlon.com\/fr\/wp-json\/wp\/v2\/product\/46100","targetHints":{"allow":["GET"]}}],"collection":[{"href":"https:\/\/espacetriathlon.com\/fr\/wp-json\/wp\/v2\/product"}],"about":[{"href":"https:\/\/espacetriathlon.com\/fr\/wp-json\/wp\/v2\/types\/product"}],"version-history":[{"count":0,"href":"https:\/\/espacetriathlon.com\/fr\/wp-json\/wp\/v2\/product\/46100\/revisions"}],"wp:featuredmedia":[{"embeddable":true,"href":"https:\/\/espacetriathlon.com\/fr\/wp-json\/wp\/v2\/media\/46082"}],"wp:attachment":[{"href":"https:\/\/espacetriathlon.com\/fr\/wp-json\/wp\/v2\/media?parent=46100"}],"wp:term":[{"taxonomy":"product_brand","embeddable":true,"href":"https:\/\/espacetriathlon.com\/fr\/wp-json\/wp\/v2\/product_brand?post=46100"},{"taxonomy":"product_cat","embeddable":true,"href":"https:\/\/espacetriathlon.com\/fr\/wp-json\/wp\/v2\/product_cat?post=46100"},{"taxonomy":"product_tag","embeddable":true,"href":"https:\/\/espacetriathlon.com\/fr\/wp-json\/wp\/v2\/product_tag?post=46100"}],"curies":[{"name":"wp","href":"https:\/\/api.w.org\/{rel}","templated":true}]}}