{"id":46193,"date":"2025-03-12T15:24:07","date_gmt":"2025-03-12T15:24:07","guid":{"rendered":"https:\/\/espacetriathlon.com\/product\/soutien-gorge-de-sport-pour-femmes\/"},"modified":"2025-12-23T15:13:58","modified_gmt":"2025-12-23T15:13:58","slug":"soutien-gorge-de-sport-pour-femmes","status":"publish","type":"product","link":"https:\/\/espacetriathlon.com\/fr\/product\/soutien-gorge-de-sport-pour-femmes\/","title":{"rendered":"Soutien-gorge de sport pour femmes"},"content":{"rendered":"<p>Un article indispensable pour vos s\u00e9ances d&#8217;entra\u00eenement et vos courses. Un maximum de confort et de s\u00e9curit\u00e9 pour que vous puissiez vous concentrer sur votre travail. <\/p>\n","protected":false},"excerpt":{"rendered":"<p>Soutien-gorge de sport con\u00e7u pour le triathlon<br \/>\nOrca<\/p>\n","protected":false},"featured_media":46184,"template":"","meta":[],"product_brand":[],"product_cat":[1703],"product_tag":[],"class_list":{"0":"post-46193","1":"product","2":"type-product","3":"status-publish","4":"has-post-thumbnail","6":"product_cat-gear-fr","7":"product_shipping_class-petitarticle-fr","8":"pa_brand-orca","9":"pa_size-xs-fr","10":"pa_size-s-fr","11":"pa_size-m-fr","12":"pa_size-l-fr","14":"first","15":"instock","16":"shipping-taxable","17":"purchasable","18":"product-type-variable"},"_links":{"self":[{"href":"https:\/\/espacetriathlon.com\/fr\/wp-json\/wp\/v2\/product\/46193","targetHints":{"allow":["GET"]}}],"collection":[{"href":"https:\/\/espacetriathlon.com\/fr\/wp-json\/wp\/v2\/product"}],"about":[{"href":"https:\/\/espacetriathlon.com\/fr\/wp-json\/wp\/v2\/types\/product"}],"version-history":[{"count":0,"href":"https:\/\/espacetriathlon.com\/fr\/wp-json\/wp\/v2\/product\/46193\/revisions"}],"wp:featuredmedia":[{"embeddable":true,"href":"https:\/\/espacetriathlon.com\/fr\/wp-json\/wp\/v2\/media\/46184"}],"wp:attachment":[{"href":"https:\/\/espacetriathlon.com\/fr\/wp-json\/wp\/v2\/media?parent=46193"}],"wp:term":[{"taxonomy":"product_brand","embeddable":true,"href":"https:\/\/espacetriathlon.com\/fr\/wp-json\/wp\/v2\/product_brand?post=46193"},{"taxonomy":"product_cat","embeddable":true,"href":"https:\/\/espacetriathlon.com\/fr\/wp-json\/wp\/v2\/product_cat?post=46193"},{"taxonomy":"product_tag","embeddable":true,"href":"https:\/\/espacetriathlon.com\/fr\/wp-json\/wp\/v2\/product_tag?post=46193"}],"curies":[{"name":"wp","href":"https:\/\/api.w.org\/{rel}","templated":true}]}}