{"id":46225,"date":"2025-03-13T15:37:03","date_gmt":"2025-03-13T15:37:03","guid":{"rendered":"https:\/\/espacetriathlon.com\/product\/hommes-vitalis-thermal-openwater\/"},"modified":"2025-11-24T06:14:39","modified_gmt":"2025-11-24T06:14:39","slug":"hommes-vitalis-thermal-openwater","status":"publish","type":"product","link":"https:\/\/espacetriathlon.com\/fr\/product\/hommes-vitalis-thermal-openwater\/","title":{"rendered":"Hommes Vitalis Thermal Openwater"},"content":{"rendered":"<p>Confort thermique<br \/>\nLes excellentes propri\u00e9t\u00e9s thermiques de cette combinaison ont \u00e9t\u00e9 obtenues gr\u00e2ce \u00e0 la construction de panneaux d&#8217;une \u00e9paisseur allant jusqu&#8217;\u00e0 5 mm et \u00e0 la doublure int\u00e9rieure Thermal X. De plus, sa capuche &#8220;Batwing&#8221; emp\u00eache l&#8217;entr\u00e9e d&#8217;eau froide par le cou et la fermeture \u00e9clair, pour une meilleure conservation de la chaleur corporelle.<\/p>\n<p>Elasticit\u00e9<br \/>\nLes technologies 39+ et 39FS sont incorpor\u00e9es dans les \u00e9paules et les aisselles pour am\u00e9liorer l&#8217;\u00e9lasticit\u00e9 de cette combinaison.<\/p>\n<p>Flottabilit\u00e9 \u00e9lev\u00e9e et neutre<br \/>\nLes panneaux de grande \u00e9paisseur situ\u00e9s sur le torse offrent un niveau de flottabilit\u00e9 \u00e9lev\u00e9, ce qui renforce la s\u00e9curit\u00e9 en eau libre. De plus, gr\u00e2ce \u00e0 sa construction, il a un niveau de flottabilit\u00e9 neutre.<\/p>\n<p>Confort<br \/>\nLe tissu int\u00e9rieur Thermal X est doux et confortable, offrant un grand confort lorsque vous nagez dans des eaux froides.<\/p>\n","protected":false},"excerpt":{"rendered":"<p>La Vitalis Thermal est une combinaison thermiquement confortable pour les nageurs en eau libre. Elle combine des technologies sp\u00e9cifiques de r\u00e9tention de la chaleur comme la technologie Thermal X et des technologies d&#8217;\u00e9tanch\u00e9it\u00e9 comme une deuxi\u00e8me couche de n\u00e9opr\u00e8ne &#8220;batwing&#8221;, qui emp\u00eache l&#8217;eau de p\u00e9n\u00e9trer dans la fermeture \u00e9clair et la zone du cou. Les panneaux de grande \u00e9paisseur offrent au nageur une excellente flottabilit\u00e9 qui l&#8217;aide \u00e0 conserver son \u00e9nergie lors des sessions par temps froid.<\/p>\n<p>Profitez de la commodit\u00e9 des gants en tissu, inclus dans l&#8217;achat du Vitalis Thermal, qui vous permettent d&#8217;enfiler votre n\u00e9opr\u00e8ne sans endommager le mat\u00e9riau.<\/p>\n","protected":false},"featured_media":46221,"template":"","meta":[],"product_brand":[],"product_cat":[270],"product_tag":[],"class_list":{"0":"post-46225","1":"product","2":"type-product","3":"status-publish","4":"has-post-thumbnail","6":"product_cat-openwater-fr","7":"pa_brand-orca","8":"pa_taille-orca-h-t5-162-172-cm-61-66-kg-fr","9":"pa_taille-orca-h-t6-167-175-cm-67-75-kg-fr","10":"pa_taille-orca-h-tmt-177-190-cm-68-76-kg","11":"pa_taille-orca-h-t7-173-185-cm-75-82-kg-fr","12":"pa_taille-orca-h-t8-180-188-cm-82-89-kg-fr","13":"pa_taille-orca-h-t9-185-193-cm-89-97-kg-fr","14":"pa_taille-orca-h-t10-190-196-cm-98-109-kg-fr","16":"first","17":"instock","18":"shipping-taxable","19":"purchasable","20":"product-type-variable"},"_links":{"self":[{"href":"https:\/\/espacetriathlon.com\/fr\/wp-json\/wp\/v2\/product\/46225","targetHints":{"allow":["GET"]}}],"collection":[{"href":"https:\/\/espacetriathlon.com\/fr\/wp-json\/wp\/v2\/product"}],"about":[{"href":"https:\/\/espacetriathlon.com\/fr\/wp-json\/wp\/v2\/types\/product"}],"version-history":[{"count":1,"href":"https:\/\/espacetriathlon.com\/fr\/wp-json\/wp\/v2\/product\/46225\/revisions"}],"predecessor-version":[{"id":47653,"href":"https:\/\/espacetriathlon.com\/fr\/wp-json\/wp\/v2\/product\/46225\/revisions\/47653"}],"wp:featuredmedia":[{"embeddable":true,"href":"https:\/\/espacetriathlon.com\/fr\/wp-json\/wp\/v2\/media\/46221"}],"wp:attachment":[{"href":"https:\/\/espacetriathlon.com\/fr\/wp-json\/wp\/v2\/media?parent=46225"}],"wp:term":[{"taxonomy":"product_brand","embeddable":true,"href":"https:\/\/espacetriathlon.com\/fr\/wp-json\/wp\/v2\/product_brand?post=46225"},{"taxonomy":"product_cat","embeddable":true,"href":"https:\/\/espacetriathlon.com\/fr\/wp-json\/wp\/v2\/product_cat?post=46225"},{"taxonomy":"product_tag","embeddable":true,"href":"https:\/\/espacetriathlon.com\/fr\/wp-json\/wp\/v2\/product_tag?post=46225"}],"curies":[{"name":"wp","href":"https:\/\/api.w.org\/{rel}","templated":true}]}}