{"id":46321,"date":"2025-03-21T13:02:02","date_gmt":"2025-03-21T13:02:02","guid":{"rendered":"https:\/\/espacetriathlon.com\/product\/capuchon-actif-a-bulles\/"},"modified":"2025-03-21T13:03:40","modified_gmt":"2025-03-21T13:03:40","slug":"capuchon-actif-a-bulles","status":"publish","type":"product","link":"https:\/\/espacetriathlon.com\/fr\/product\/capuchon-actif-a-bulles\/","title":{"rendered":"Capuchon actif \u00e0 bulles"},"content":{"rendered":"<p>Silicone cap<\/p>\n","protected":false},"excerpt":{"rendered":"<p>Le bonnet Bubble Active+ est dot\u00e9 d&#8217;une texture \u00e0 zones et \u00e0 bulles qui permet une circulation fluide dans l&#8217;eau. Une bande subtile assure la s\u00e9curit\u00e9 du bonnet de bain et prot\u00e8ge les cheveux du chlore pendant les s\u00e9ances de natation active. Fabriqu\u00e9 en silicone durable qui ne tire pas sur vos cheveux et ne les emm\u00eale pas, il est confortable et facile \u00e0 porter.  <\/p>\n","protected":false},"featured_media":46317,"template":"","meta":[],"product_brand":[],"product_cat":[279],"product_tag":[],"class_list":{"0":"post-46321","1":"product","2":"type-product","3":"status-publish","4":"has-post-thumbnail","6":"product_cat-accessories-swim","7":"product_shipping_class-petitarticle-fr","8":"pa_brand-speedo","10":"first","11":"instock","12":"shipping-taxable","13":"purchasable","14":"product-type-simple"},"_links":{"self":[{"href":"https:\/\/espacetriathlon.com\/fr\/wp-json\/wp\/v2\/product\/46321","targetHints":{"allow":["GET"]}}],"collection":[{"href":"https:\/\/espacetriathlon.com\/fr\/wp-json\/wp\/v2\/product"}],"about":[{"href":"https:\/\/espacetriathlon.com\/fr\/wp-json\/wp\/v2\/types\/product"}],"version-history":[{"count":0,"href":"https:\/\/espacetriathlon.com\/fr\/wp-json\/wp\/v2\/product\/46321\/revisions"}],"wp:featuredmedia":[{"embeddable":true,"href":"https:\/\/espacetriathlon.com\/fr\/wp-json\/wp\/v2\/media\/46317"}],"wp:attachment":[{"href":"https:\/\/espacetriathlon.com\/fr\/wp-json\/wp\/v2\/media?parent=46321"}],"wp:term":[{"taxonomy":"product_brand","embeddable":true,"href":"https:\/\/espacetriathlon.com\/fr\/wp-json\/wp\/v2\/product_brand?post=46321"},{"taxonomy":"product_cat","embeddable":true,"href":"https:\/\/espacetriathlon.com\/fr\/wp-json\/wp\/v2\/product_cat?post=46321"},{"taxonomy":"product_tag","embeddable":true,"href":"https:\/\/espacetriathlon.com\/fr\/wp-json\/wp\/v2\/product_tag?post=46321"}],"curies":[{"name":"wp","href":"https:\/\/api.w.org\/{rel}","templated":true}]}}