{"id":46406,"date":"2025-03-21T14:43:12","date_gmt":"2025-03-21T14:43:12","guid":{"rendered":"https:\/\/espacetriathlon.com\/product\/combinaison-de-triathlon-victory-men-eco\/"},"modified":"2025-03-21T14:43:12","modified_gmt":"2025-03-21T14:43:12","slug":"combinaison-de-triathlon-victory-men-eco","status":"publish","type":"product","link":"https:\/\/espacetriathlon.com\/fr\/product\/combinaison-de-triathlon-victory-men-eco\/","title":{"rendered":"Combinaison de triathlon Victory Men Eco"},"content":{"rendered":"<div class=\"review-widget\">\n<div class=\"product-block\">\n<h4 class=\"describe_title\">Description<\/h4>\n<div class=\"collapsibles-wrapper--border-bottom\">\n<p class=\"describe_content\">Adoptant une technologie de pointe et un design ergonomique innovant, VICTORY est une combinaison de haut niveau avec une flottabilit\u00e9 maximale et une flexibilit\u00e9 maximale pour les triathl\u00e8tes d&#8217;\u00e9lite.<\/p>\n<\/div>\n<\/div>\n<div class=\"product-block\">\n<h4 class=\"describe_title\">\u00c9paisseur du n\u00e9opr\u00e8ne<\/h4>\n<div class=\"collapsibles-wrapper--border-bottom\">\n<p class=\"describe_content\">\u25cf Poitrine : 5 mm<br \/>\n\u25cf Dos : 2,5 mm\/3 mm<br \/>\n\u25cf Bras : 1 mm<br \/>\n\u25cf Jambes sup\u00e9rieures : 5 mm<br \/>\n\u25cf Jambes inf\u00e9rieures : 3 mm.<\/p>\n<\/div>\n<\/div>\n<\/div>\n","protected":false},"excerpt":{"rendered":"<p>Le rev\u00eatement Yamamoto Nano SCS recouvre la majeure partie de la combinaison, vous offrant les meilleures propri\u00e9t\u00e9s hydrodynamiques de la gamme. La combinaison de la doublure SQ-flex et du n\u00e9opr\u00e8ne #45 Yamamoto sur les \u00e9paules, les bras et les aisselles offre la meilleure extensibilit\u00e9 du march\u00e9. La technologie brevet\u00e9e Aeroatom offre une flottabilit\u00e9 sup\u00e9rieure de 30 % \u00e0 celle de l&#8217;Aerodome.  <\/p>\n","protected":false},"featured_media":46402,"template":"","meta":[],"product_brand":[],"product_cat":[306],"product_tag":[],"class_list":{"0":"post-46406","1":"product","2":"type-product","3":"status-publish","4":"has-post-thumbnail","6":"product_cat-wetsuit-neopren-fr","7":"pa_brand-sumarpo-2","9":"first","10":"instock","11":"sale","12":"shipping-taxable","13":"purchasable","14":"product-type-variable"},"_links":{"self":[{"href":"https:\/\/espacetriathlon.com\/fr\/wp-json\/wp\/v2\/product\/46406","targetHints":{"allow":["GET"]}}],"collection":[{"href":"https:\/\/espacetriathlon.com\/fr\/wp-json\/wp\/v2\/product"}],"about":[{"href":"https:\/\/espacetriathlon.com\/fr\/wp-json\/wp\/v2\/types\/product"}],"version-history":[{"count":0,"href":"https:\/\/espacetriathlon.com\/fr\/wp-json\/wp\/v2\/product\/46406\/revisions"}],"wp:featuredmedia":[{"embeddable":true,"href":"https:\/\/espacetriathlon.com\/fr\/wp-json\/wp\/v2\/media\/46402"}],"wp:attachment":[{"href":"https:\/\/espacetriathlon.com\/fr\/wp-json\/wp\/v2\/media?parent=46406"}],"wp:term":[{"taxonomy":"product_brand","embeddable":true,"href":"https:\/\/espacetriathlon.com\/fr\/wp-json\/wp\/v2\/product_brand?post=46406"},{"taxonomy":"product_cat","embeddable":true,"href":"https:\/\/espacetriathlon.com\/fr\/wp-json\/wp\/v2\/product_cat?post=46406"},{"taxonomy":"product_tag","embeddable":true,"href":"https:\/\/espacetriathlon.com\/fr\/wp-json\/wp\/v2\/product_tag?post=46406"}],"curies":[{"name":"wp","href":"https:\/\/api.w.org\/{rel}","templated":true}]}}