{"id":46492,"date":"2025-03-21T15:02:49","date_gmt":"2025-03-21T15:02:49","guid":{"rendered":"https:\/\/espacetriathlon.com\/product\/combinaison-de-triathlon-nova-homme-eco\/"},"modified":"2025-03-21T15:02:49","modified_gmt":"2025-03-21T15:02:49","slug":"combinaison-de-triathlon-nova-homme-eco","status":"publish","type":"product","link":"https:\/\/espacetriathlon.com\/fr\/product\/combinaison-de-triathlon-nova-homme-eco\/","title":{"rendered":"Combinaison de triathlon Nova homme Eco"},"content":{"rendered":"<h4 class=\"describe_title\">\u00c9paisseur du n\u00e9opr\u00e8ne<\/h4>\n<div class=\"collapsibles-wrapper--border-bottom\">\n<p class=\"describe_content\">\u25cf Poitrine : 3 mm<br \/>\n\u25cf Dos : 1,5 mm\/3 mm<br \/>\n\u25cf Bras : 1,5 mm<br \/>\n\u25cf Jambes sup\u00e9rieures : 5 mm<br \/>\n\u25cf Jambes inf\u00e9rieures : 3 mm.<\/p>\n<\/div>\n<div id=\"Product-content-tab_HBhrzB8142169768097\" class=\"collapsible-content collapsible-content--all is-open\">\n<div class=\"collapsible-content__inner rte\">\n<ul>\n<li><strong>100% N\u00e9opr\u00e8ne calcaire :<\/strong> La Sumarpo Race est fabriqu\u00e9e \u00e0 partir de n\u00e9opr\u00e8ne Yamamoto de premi\u00e8re qualit\u00e9, d\u00e9riv\u00e9 du calcaire, une alternative \u00e9cologique aux mat\u00e9riaux \u00e0 base de p\u00e9trole. Ce n\u00e9opr\u00e8ne ne contient pas d&#8217;allerg\u00e8nes et est plus sain pour les utilisateurs. <\/li>\n<li><strong>Adh\u00e9sif sans benz\u00e8ne : <\/strong> Race adopte des adh\u00e9sifs sans benz\u00e8ne, plus respectueux de l&#8217;environnement que les autres adh\u00e9sifs \u00e0 base de p\u00e9trole et contenant du benz\u00e8ne.<\/li>\n<li><strong>Tissus de doublure recycl\u00e9s :<\/strong> Sumarpo recycled lining fabrics est l&#8217;une des normes techniques du label Oeko-Tex. Elle garantit l&#8217;absence d&#8217;utilisation de substances toxiques sur un produit textile. <\/li>\n<\/ul>\n<\/div>\n<\/div>\n","protected":false},"excerpt":{"rendered":"<p>Combinaison de triathlon tr\u00e8s souple pour nageurs m\u00e9dians<\/p>\n<p>5 cm d&#8217;\u00e9paisseur<\/p>\n<p>Sumarpo<\/p>\n","protected":false},"featured_media":46464,"template":"","meta":[],"product_brand":[],"product_cat":[306],"product_tag":[],"class_list":{"0":"post-46492","1":"product","2":"type-product","3":"status-publish","4":"has-post-thumbnail","6":"product_cat-wetsuit-neopren-fr","7":"pa_brand-sumarpo-2","8":"pa_sumarpo_m-xs-158-170-cm-46-54-kg-2","9":"pa_sumarpo_m-s-163-173-cm-55-63-kg-2","10":"pa_sumarpo_m-sm-170-178-cm-63-73-kg-2","11":"pa_sumarpo_m-st-183-182-cm-55-69-kg-2","12":"pa_sumarpo_m-m-173-183-cm-68-74-kg-2","13":"pa_sumarpo_m-mt-175-191-cm-68-78-kg-2","14":"pa_sumarpo_m-ml-173-188-cm-70-82-kg-2","15":"pa_sumarpo_m-l-178-191-cm-81-92-kg-2","16":"pa_sumarpo_m-lt-181-196-cm-81-94-kg-2","17":"pa_sumarpo_m-xl-183-196-cm-92-100-kg-2","19":"first","20":"instock","21":"sale","22":"shipping-taxable","23":"purchasable","24":"product-type-variable"},"_links":{"self":[{"href":"https:\/\/espacetriathlon.com\/fr\/wp-json\/wp\/v2\/product\/46492","targetHints":{"allow":["GET"]}}],"collection":[{"href":"https:\/\/espacetriathlon.com\/fr\/wp-json\/wp\/v2\/product"}],"about":[{"href":"https:\/\/espacetriathlon.com\/fr\/wp-json\/wp\/v2\/types\/product"}],"version-history":[{"count":0,"href":"https:\/\/espacetriathlon.com\/fr\/wp-json\/wp\/v2\/product\/46492\/revisions"}],"wp:featuredmedia":[{"embeddable":true,"href":"https:\/\/espacetriathlon.com\/fr\/wp-json\/wp\/v2\/media\/46464"}],"wp:attachment":[{"href":"https:\/\/espacetriathlon.com\/fr\/wp-json\/wp\/v2\/media?parent=46492"}],"wp:term":[{"taxonomy":"product_brand","embeddable":true,"href":"https:\/\/espacetriathlon.com\/fr\/wp-json\/wp\/v2\/product_brand?post=46492"},{"taxonomy":"product_cat","embeddable":true,"href":"https:\/\/espacetriathlon.com\/fr\/wp-json\/wp\/v2\/product_cat?post=46492"},{"taxonomy":"product_tag","embeddable":true,"href":"https:\/\/espacetriathlon.com\/fr\/wp-json\/wp\/v2\/product_tag?post=46492"}],"curies":[{"name":"wp","href":"https:\/\/api.w.org\/{rel}","templated":true}]}}