{"id":46735,"date":"2025-03-27T20:30:51","date_gmt":"2025-03-27T20:30:51","guid":{"rendered":"https:\/\/espacetriathlon.com\/product\/aero-ss-trisuit-men-indigo-print\/"},"modified":"2025-07-20T19:40:33","modified_gmt":"2025-07-20T19:40:33","slug":"aero-ss-trisuit-men-indigo-print","status":"publish","type":"product","link":"https:\/\/espacetriathlon.com\/fr\/product\/aero-ss-trisuit-men-indigo-print\/","title":{"rendered":"Aero SS Trisuit Men &#8211; Indigo Print"},"content":{"rendered":"<p>65% Polyester 24% Polyamide 11% Elasthanne s.mat : 94% Polyamide 6% Elasthanne<\/p>\n","protected":false},"excerpt":{"rendered":"<p>Combinaison de triathlon a\u00e9rodynamique con\u00e7ue pour la performance pure, offrant une coupe ergonomique sans friction, un contr\u00f4le optimal de la temp\u00e9rature du corps et des poches int\u00e9gr\u00e9es, le tout pour un poids plume<\/p>\n<p>Compressport<\/p>\n","protected":false},"featured_media":46731,"template":"","meta":[],"product_brand":[],"product_cat":[1703],"product_tag":[],"class_list":{"0":"post-46735","1":"product","2":"type-product","3":"status-publish","4":"has-post-thumbnail","6":"product_cat-gear-fr","7":"pa_brand-compressport","8":"pa_size-m-fr","9":"pa_size-l-fr","10":"pa_size-xl-fr","12":"first","13":"instock","14":"shipping-taxable","15":"purchasable","16":"product-type-variable"},"_links":{"self":[{"href":"https:\/\/espacetriathlon.com\/fr\/wp-json\/wp\/v2\/product\/46735","targetHints":{"allow":["GET"]}}],"collection":[{"href":"https:\/\/espacetriathlon.com\/fr\/wp-json\/wp\/v2\/product"}],"about":[{"href":"https:\/\/espacetriathlon.com\/fr\/wp-json\/wp\/v2\/types\/product"}],"version-history":[{"count":0,"href":"https:\/\/espacetriathlon.com\/fr\/wp-json\/wp\/v2\/product\/46735\/revisions"}],"wp:featuredmedia":[{"embeddable":true,"href":"https:\/\/espacetriathlon.com\/fr\/wp-json\/wp\/v2\/media\/46731"}],"wp:attachment":[{"href":"https:\/\/espacetriathlon.com\/fr\/wp-json\/wp\/v2\/media?parent=46735"}],"wp:term":[{"taxonomy":"product_brand","embeddable":true,"href":"https:\/\/espacetriathlon.com\/fr\/wp-json\/wp\/v2\/product_brand?post=46735"},{"taxonomy":"product_cat","embeddable":true,"href":"https:\/\/espacetriathlon.com\/fr\/wp-json\/wp\/v2\/product_cat?post=46735"},{"taxonomy":"product_tag","embeddable":true,"href":"https:\/\/espacetriathlon.com\/fr\/wp-json\/wp\/v2\/product_tag?post=46735"}],"curies":[{"name":"wp","href":"https:\/\/api.w.org\/{rel}","templated":true}]}}