{"id":46764,"date":"2025-03-27T20:37:36","date_gmt":"2025-03-27T20:37:36","guid":{"rendered":"https:\/\/espacetriathlon.com\/product\/aero-ss-trisuit-women-buff-orange\/"},"modified":"2025-03-27T20:37:36","modified_gmt":"2025-03-27T20:37:36","slug":"aero-ss-trisuit-women-buff-orange","status":"publish","type":"product","link":"https:\/\/espacetriathlon.com\/fr\/product\/aero-ss-trisuit-women-buff-orange\/","title":{"rendered":"Aero SS Trisuit Women Buff &#8211; Orange"},"content":{"rendered":"<p id=\"flush-headingOne\" class=\"accordion-header\">\n<div id=\"flush-collapseOne\" class=\"accordion-collapse collapse show\" aria-labelledby=\"flush-headingOne\" data-bs-parent=\"#accordionFlushExample\">\n<div class=\"accordion-body d-flex flex-column\">65% Polyester 24% Polyamide 11% Elasthanne s.mat : 94% Polyamide 6% Elasthanne<\/div>\n<\/div>\n","protected":false},"excerpt":{"rendered":"<p>Con\u00e7ue pour la performance : combinaison l\u00e9g\u00e8re pour femmes avec compression cibl\u00e9e, poches int\u00e9gr\u00e9es et conception anti-frottement pour un confort optimal pendant les courses de natation, v\u00e9lo et course \u00e0 pied.<\/p>\n","protected":false},"featured_media":46760,"template":"","meta":[],"product_brand":[],"product_cat":[1703],"product_tag":[],"class_list":{"0":"post-46764","1":"product","2":"type-product","3":"status-publish","4":"has-post-thumbnail","6":"product_cat-gear-fr","7":"pa_brand-compressport","8":"pa_size-s-fr","9":"pa_size-m-fr","10":"pa_size-l-fr","12":"first","13":"instock","14":"shipping-taxable","15":"purchasable","16":"product-type-variable"},"_links":{"self":[{"href":"https:\/\/espacetriathlon.com\/fr\/wp-json\/wp\/v2\/product\/46764","targetHints":{"allow":["GET"]}}],"collection":[{"href":"https:\/\/espacetriathlon.com\/fr\/wp-json\/wp\/v2\/product"}],"about":[{"href":"https:\/\/espacetriathlon.com\/fr\/wp-json\/wp\/v2\/types\/product"}],"version-history":[{"count":0,"href":"https:\/\/espacetriathlon.com\/fr\/wp-json\/wp\/v2\/product\/46764\/revisions"}],"wp:featuredmedia":[{"embeddable":true,"href":"https:\/\/espacetriathlon.com\/fr\/wp-json\/wp\/v2\/media\/46760"}],"wp:attachment":[{"href":"https:\/\/espacetriathlon.com\/fr\/wp-json\/wp\/v2\/media?parent=46764"}],"wp:term":[{"taxonomy":"product_brand","embeddable":true,"href":"https:\/\/espacetriathlon.com\/fr\/wp-json\/wp\/v2\/product_brand?post=46764"},{"taxonomy":"product_cat","embeddable":true,"href":"https:\/\/espacetriathlon.com\/fr\/wp-json\/wp\/v2\/product_cat?post=46764"},{"taxonomy":"product_tag","embeddable":true,"href":"https:\/\/espacetriathlon.com\/fr\/wp-json\/wp\/v2\/product_tag?post=46764"}],"curies":[{"name":"wp","href":"https:\/\/api.w.org\/{rel}","templated":true}]}}