{"id":4683,"date":"2021-02-11T19:44:30","date_gmt":"2021-02-11T19:44:30","guid":{"rendered":"https:\/\/espacetriathlon.com\/?post_type=product&#038;p=4683"},"modified":"2025-07-13T15:04:48","modified_gmt":"2025-07-13T15:04:48","slug":"triathlon-starter-kit-women-basic","status":"publish","type":"product","link":"https:\/\/espacetriathlon.com\/fr\/product\/triathlon-starter-kit-women-basic\/","title":{"rendered":"Triathlon Starter Kit Women &#8211; basic"},"content":{"rendered":"<p>Pour \u00eatre pr\u00eat \u00e0 d\u00e9buter votre nouvelle aventure sportive avec une s\u00e9lection optimale de nos produits, nous vous proposons un starter kit compos\u00e9 de<\/p>\n<ul>\n<li>une wetsuit TRN<\/li>\n<li>une trifonction basic trisuit (couleur variable, \u00e0 communiquer)<\/li>\n<\/ul>\n<p>Prix: 299 francs au lieu de 399 francs<\/p>\n","protected":false},"excerpt":{"rendered":"<p>Pour \u00eatre pr\u00eat \u00e0 d\u00e9buter votre nouvelle aventure sportive avec une s\u00e9lection optimale de nos produits, nous vous proposons un starter kit compos\u00e9 de<\/p>\n<ul>\n<li>une wetsuit TRN<\/li>\n<li>une trifonction basic trisuit (couleur variable, \u00e0 communiquer)<\/li>\n<\/ul>\n<p>Prix: 299 francs au lieu de 399 francs<\/p>\n","protected":false},"featured_media":56036,"template":"","meta":[],"product_brand":[],"product_cat":[2195,306],"product_tag":[],"class_list":{"0":"post-4683","1":"product","2":"type-product","3":"status-publish","4":"has-post-thumbnail","6":"product_cat-liquidations","7":"product_cat-wetsuit-neopren-fr","8":"pa_brand-orca","9":"pa_taille-orca-f-xs-144-160cm-46-53kg-fr","10":"pa_taille-orca-f-s-157-167cm-54-61kg-fr","11":"pa_taille-orca-f-m-165-177cm-60-67kg-fr","12":"pa_taille-orca-f-l-170-185cm-66-74kg-fr","13":"pa_taille-orca-f-xl-177-189cm-73-79kg-fr","15":"first","16":"instock","17":"sale","18":"shipping-taxable","19":"purchasable","20":"product-type-variable"},"_links":{"self":[{"href":"https:\/\/espacetriathlon.com\/fr\/wp-json\/wp\/v2\/product\/4683","targetHints":{"allow":["GET"]}}],"collection":[{"href":"https:\/\/espacetriathlon.com\/fr\/wp-json\/wp\/v2\/product"}],"about":[{"href":"https:\/\/espacetriathlon.com\/fr\/wp-json\/wp\/v2\/types\/product"}],"version-history":[{"count":3,"href":"https:\/\/espacetriathlon.com\/fr\/wp-json\/wp\/v2\/product\/4683\/revisions"}],"predecessor-version":[{"id":36524,"href":"https:\/\/espacetriathlon.com\/fr\/wp-json\/wp\/v2\/product\/4683\/revisions\/36524"}],"wp:featuredmedia":[{"embeddable":true,"href":"https:\/\/espacetriathlon.com\/fr\/wp-json\/wp\/v2\/media\/56036"}],"wp:attachment":[{"href":"https:\/\/espacetriathlon.com\/fr\/wp-json\/wp\/v2\/media?parent=4683"}],"wp:term":[{"taxonomy":"product_brand","embeddable":true,"href":"https:\/\/espacetriathlon.com\/fr\/wp-json\/wp\/v2\/product_brand?post=4683"},{"taxonomy":"product_cat","embeddable":true,"href":"https:\/\/espacetriathlon.com\/fr\/wp-json\/wp\/v2\/product_cat?post=4683"},{"taxonomy":"product_tag","embeddable":true,"href":"https:\/\/espacetriathlon.com\/fr\/wp-json\/wp\/v2\/product_tag?post=4683"}],"curies":[{"name":"wp","href":"https:\/\/api.w.org\/{rel}","templated":true}]}}