{"id":46924,"date":"2025-04-07T09:52:59","date_gmt":"2025-04-07T09:52:59","guid":{"rendered":"https:\/\/espacetriathlon.com\/?post_type=product&#038;p=46924"},"modified":"2025-04-07T09:57:39","modified_gmt":"2025-04-07T09:57:39","slug":"venom-hero-women-openback-multi","status":"publish","type":"product","link":"https:\/\/espacetriathlon.com\/fr\/product\/venom-hero-women-openback-multi\/","title":{"rendered":"Venom Hero Women Openback multi"},"content":{"rendered":"<p>V = v\u00e9locit\u00e9 &#8211; notre premier objectif en cr\u00e9ant ce produit : cr\u00e9er la combinaison de course la plus performante qui soit ; E = ing\u00e9nierie &#8211; le r\u00e9sultat du travail choral de notre d\u00e9partement de recherche et d\u00e9veloppement ; N = nouveau &#8211; nouveau dans sa cat\u00e9gorie, nouveau dans sa technologie, nouveau dans son design ; O = original &#8211; \u00e0 l&#8217;origine par AKRON ; M = fabrication &#8211; car 100% de notre gamme de course est fi\u00e8rement fabriqu\u00e9e en Italie. Approbation FINA : approuv\u00e9 par la FINA pour les comp\u00e9titions nationales et internationales de natation. Les maillots de bain approuv\u00e9s par la FINA comportent un code-barres unique de la FINA imprim\u00e9 sur le maillot, ce qui le rend facilement identifiable par les officiels de la natation. VENOM, con\u00e7u pour la vitesse, repr\u00e9sentera la ligne &#8220;Premium&#8221; d&#8217;AKRON. La construction ergonomique \u00e0 soudure plate permet de r\u00e9g\u00e9n\u00e9rer plus rapidement les groupes musculaires cl\u00e9s et de doubler les couches de compression. La conception de la bande ext\u00e9rieure vise \u00e0 am\u00e9liorer la turbulence hydrodynamique, \u00e0 r\u00e9duire la p\u00e9n\u00e9tration de l&#8217;eau et \u00e0 d\u00e9velopper la glisse. La bande sp\u00e9culaire en double C donne la sensation de soulever le bassin pendant la natation et permet une grande amplitude de mouvement.<\/p>\n","protected":false},"excerpt":{"rendered":"<p>Open back<br \/>\nAkron<\/p>\n","protected":false},"featured_media":46958,"template":"","meta":[],"product_brand":[],"product_cat":[837],"product_tag":[],"class_list":{"0":"post-46924","1":"product","2":"type-product","3":"status-publish","4":"has-post-thumbnail","6":"product_cat-maillots-competition","7":"pa_akron_cw-18-000-chest-71-75-waist-54-58-hip-75-79-2","8":"pa_akron_cw-20-chest-76-80-waist-59-63-hip-80-84-2","9":"pa_akron_cw-22-chest-81-85-waist-64-68-hip-85-89-2","10":"pa_akron_cw-24-chest-86-90-waist-69-73-hip-90-94-2","11":"pa_akron_cw-26-chest-91-95-waist-74-78-hip-95-99-2","12":"pa_akron_cw-28-chest-86-100-waist-79-83-hip-100-104-2","13":"pa_brand-akron","15":"first","16":"instock","17":"sale","18":"shipping-taxable","19":"purchasable","20":"product-type-variable"},"_links":{"self":[{"href":"https:\/\/espacetriathlon.com\/fr\/wp-json\/wp\/v2\/product\/46924","targetHints":{"allow":["GET"]}}],"collection":[{"href":"https:\/\/espacetriathlon.com\/fr\/wp-json\/wp\/v2\/product"}],"about":[{"href":"https:\/\/espacetriathlon.com\/fr\/wp-json\/wp\/v2\/types\/product"}],"version-history":[{"count":2,"href":"https:\/\/espacetriathlon.com\/fr\/wp-json\/wp\/v2\/product\/46924\/revisions"}],"predecessor-version":[{"id":46965,"href":"https:\/\/espacetriathlon.com\/fr\/wp-json\/wp\/v2\/product\/46924\/revisions\/46965"}],"wp:featuredmedia":[{"embeddable":true,"href":"https:\/\/espacetriathlon.com\/fr\/wp-json\/wp\/v2\/media\/46958"}],"wp:attachment":[{"href":"https:\/\/espacetriathlon.com\/fr\/wp-json\/wp\/v2\/media?parent=46924"}],"wp:term":[{"taxonomy":"product_brand","embeddable":true,"href":"https:\/\/espacetriathlon.com\/fr\/wp-json\/wp\/v2\/product_brand?post=46924"},{"taxonomy":"product_cat","embeddable":true,"href":"https:\/\/espacetriathlon.com\/fr\/wp-json\/wp\/v2\/product_cat?post=46924"},{"taxonomy":"product_tag","embeddable":true,"href":"https:\/\/espacetriathlon.com\/fr\/wp-json\/wp\/v2\/product_tag?post=46924"}],"curies":[{"name":"wp","href":"https:\/\/api.w.org\/{rel}","templated":true}]}}