{"id":47067,"date":"2025-04-08T13:03:47","date_gmt":"2025-04-08T13:03:47","guid":{"rendered":"https:\/\/espacetriathlon.com\/product\/kit-de-natation-pour-debutants\/"},"modified":"2025-04-12T12:13:42","modified_gmt":"2025-04-12T12:13:42","slug":"kit-de-natation-pour-debutants","status":"publish","type":"product","link":"https:\/\/espacetriathlon.com\/fr\/product\/kit-de-natation-pour-debutants\/","title":{"rendered":"Swimming Starter Pack pour d\u00e9butant"},"content":{"rendered":"<p>Faites le grand saut avec l&#8217;\u00e9quipement indispensable pour l&#8217;entra\u00eenement en piscine<br \/>\n&#8211; Une planche de natation Orca (CHF 20.00)<br \/>\n&#8211; Un pull buoy Orca (CHF 20.00)<br \/>\n&#8211; Une paire de paddles Orca (CHF 29.00)<br \/>\n&#8211; Une paire de palmes courtes Orca (CHF 45.00)<br \/>\n&#8211; Une paire de lunettes Killa Comfort (CHF 30.00)<br \/>\n&#8211; Un bonnet en silicone (CHF 10.00)<br \/>\n&#8211; Un sac mesh 68*40 cm (Gratis)<\/p>\n<p>&#8230; et plus de 20% de r\u00e9duction<\/p>\n<p>&nbsp;<\/p>\n","protected":false},"excerpt":{"rendered":"<p>Faites le grand saut avec l&#8217;\u00e9quipement indispensable pour l&#8217;entra\u00eenement en piscine<br \/>\n&#8211; Une planche de natation Orca (CHF 20.00)<br \/>\n&#8211; Un pull buoy Orca (CHF 20.00)<br \/>\n&#8211; Une paire de paddles Orca (CHF 29.00)<br \/>\n&#8211; Une paire de palmes courtes Orca (CHF 45.00)<br \/>\n&#8211; Une paire de lunettes Killa Comfort (CHF 30.00)<br \/>\n&#8211; Un bonnet en silicone (CHF 10.00)<br \/>\n&#8211; Un sac mesh 68*40 cm (Gratis)<\/p>\n<p>&#8230; et plus de 20% de r\u00e9duction !<\/p>\n<p>&nbsp;<\/p>\n","protected":false},"featured_media":47117,"template":"","meta":[],"product_brand":[],"product_cat":[276,291],"product_tag":[],"class_list":{"0":"post-47067","1":"product","2":"type-product","3":"status-publish","4":"has-post-thumbnail","6":"product_cat-swimming-fr","7":"product_cat-aide-dentrainement","8":"pa_brand-orca","9":"pa_fins_orca-36-38-fr","10":"pa_fins_orca-38-41-fr","11":"pa_fins_orca-41-43-fr","12":"pa_fins_orca-44-46-fr","14":"first","15":"instock","16":"sale","17":"shipping-taxable","18":"purchasable","19":"product-type-variable"},"_links":{"self":[{"href":"https:\/\/espacetriathlon.com\/fr\/wp-json\/wp\/v2\/product\/47067","targetHints":{"allow":["GET"]}}],"collection":[{"href":"https:\/\/espacetriathlon.com\/fr\/wp-json\/wp\/v2\/product"}],"about":[{"href":"https:\/\/espacetriathlon.com\/fr\/wp-json\/wp\/v2\/types\/product"}],"version-history":[{"count":1,"href":"https:\/\/espacetriathlon.com\/fr\/wp-json\/wp\/v2\/product\/47067\/revisions"}],"predecessor-version":[{"id":47122,"href":"https:\/\/espacetriathlon.com\/fr\/wp-json\/wp\/v2\/product\/47067\/revisions\/47122"}],"wp:featuredmedia":[{"embeddable":true,"href":"https:\/\/espacetriathlon.com\/fr\/wp-json\/wp\/v2\/media\/47117"}],"wp:attachment":[{"href":"https:\/\/espacetriathlon.com\/fr\/wp-json\/wp\/v2\/media?parent=47067"}],"wp:term":[{"taxonomy":"product_brand","embeddable":true,"href":"https:\/\/espacetriathlon.com\/fr\/wp-json\/wp\/v2\/product_brand?post=47067"},{"taxonomy":"product_cat","embeddable":true,"href":"https:\/\/espacetriathlon.com\/fr\/wp-json\/wp\/v2\/product_cat?post=47067"},{"taxonomy":"product_tag","embeddable":true,"href":"https:\/\/espacetriathlon.com\/fr\/wp-json\/wp\/v2\/product_tag?post=47067"}],"curies":[{"name":"wp","href":"https:\/\/api.w.org\/{rel}","templated":true}]}}