{"id":47177,"date":"2025-04-13T20:20:42","date_gmt":"2025-04-13T20:20:42","guid":{"rendered":"https:\/\/espacetriathlon.com\/?post_type=product&#038;p=47177"},"modified":"2025-07-02T12:29:54","modified_gmt":"2025-07-02T12:29:54","slug":"athlex-lite-trisuit-men-copy","status":"publish","type":"product","link":"https:\/\/espacetriathlon.com\/fr\/product\/athlex-lite-trisuit-men-copy\/","title":{"rendered":"Athlex Lite Trisuit Women"},"content":{"rendered":"<p>\u00c9LASTICIT\u00c9 MAXIMALE<br \/>\nL&#8217;incorporation de tissus hautement \u00e9lastiques garantit un ajustement parfait, offrant une bonne compression sans r\u00e9duire la flexibilit\u00e9 de la combinaison.<\/p>\n<p>CONFORT<br \/>\nLe chamois italien Tri-Tech 4mm avec une densit\u00e9 de 120 kgs\/m3 s\u00e8che rapidement et offre le plus haut niveau de confort sur votre v\u00e9lo. De plus, la technologie Vapour-cool bas\u00e9e sur des nanocristaux aide \u00e0 refroidir le corps de l&#8217;athl\u00e8te en facilitant l&#8217;\u00e9vaporation rapide de la sueur. Enfin, les deux poches arri\u00e8re vous offrent l&#8217;espace n\u00e9cessaire pour stocker l&#8217;alimentation dont vous avez besoin pendant la comp\u00e9tition de triathlon.<\/p>\n<table width=\"125\">\n<tbody>\n<tr>\n<td width=\"125\"><\/td>\n<\/tr>\n<\/tbody>\n<\/table>\n","protected":false},"excerpt":{"rendered":"<table width=\"89\">\n<tbody>\n<tr>\n<td width=\"89\"><\/td>\n<\/tr>\n<\/tbody>\n<\/table>\n<p>La trifonction Athlex Lite int\u00e8gre les technologies n\u00e9cessaires pour vous aider \u00e0 am\u00e9liorer vos performances lors de vos comp\u00e9titions de triathlon. Le textile extensible aux \u00e9paules et au dos conf\u00e8re une flexibilit\u00e9 maximale et permet un ajustement parfait au corps. La technologie Vapour-cool, incorpor\u00e9e au buste et aux jambes, favorise le refroidissement du corps et l&#8217;\u00e9vaporation rapide de la sueur, ce qui permet de rester \u00e0 l&#8217;aise dans toutes les \u00e9preuves.<\/p>\n","protected":false},"featured_media":47214,"template":"","meta":[],"product_brand":[],"product_cat":[1703],"product_tag":[],"class_list":{"0":"post-47177","1":"product","2":"type-product","3":"status-publish","4":"has-post-thumbnail","6":"product_cat-gear-fr","7":"pa_brand-orca","8":"pa_size-xs-fr","9":"pa_size-s-fr","10":"pa_size-m-fr","11":"pa_size-l-fr","12":"pa_size-xl-fr","14":"first","15":"instock","16":"shipping-taxable","17":"purchasable","18":"product-type-variable"},"_links":{"self":[{"href":"https:\/\/espacetriathlon.com\/fr\/wp-json\/wp\/v2\/product\/47177","targetHints":{"allow":["GET"]}}],"collection":[{"href":"https:\/\/espacetriathlon.com\/fr\/wp-json\/wp\/v2\/product"}],"about":[{"href":"https:\/\/espacetriathlon.com\/fr\/wp-json\/wp\/v2\/types\/product"}],"version-history":[{"count":2,"href":"https:\/\/espacetriathlon.com\/fr\/wp-json\/wp\/v2\/product\/47177\/revisions"}],"predecessor-version":[{"id":47224,"href":"https:\/\/espacetriathlon.com\/fr\/wp-json\/wp\/v2\/product\/47177\/revisions\/47224"}],"wp:featuredmedia":[{"embeddable":true,"href":"https:\/\/espacetriathlon.com\/fr\/wp-json\/wp\/v2\/media\/47214"}],"wp:attachment":[{"href":"https:\/\/espacetriathlon.com\/fr\/wp-json\/wp\/v2\/media?parent=47177"}],"wp:term":[{"taxonomy":"product_brand","embeddable":true,"href":"https:\/\/espacetriathlon.com\/fr\/wp-json\/wp\/v2\/product_brand?post=47177"},{"taxonomy":"product_cat","embeddable":true,"href":"https:\/\/espacetriathlon.com\/fr\/wp-json\/wp\/v2\/product_cat?post=47177"},{"taxonomy":"product_tag","embeddable":true,"href":"https:\/\/espacetriathlon.com\/fr\/wp-json\/wp\/v2\/product_tag?post=47177"}],"curies":[{"name":"wp","href":"https:\/\/api.w.org\/{rel}","templated":true}]}}