{"id":47339,"date":"2025-04-18T14:36:28","date_gmt":"2025-04-18T14:36:28","guid":{"rendered":"https:\/\/espacetriathlon.com\/?post_type=product&#038;p=47339"},"modified":"2025-07-09T12:51:08","modified_gmt":"2025-07-09T12:51:08","slug":"athlex-float-women-v2","status":"publish","type":"product","link":"https:\/\/espacetriathlon.com\/fr\/product\/athlex-float-women-v2\/","title":{"rendered":"Athlex Float Women V2"},"content":{"rendered":"<p>39+: La haute flexibilit\u00e9 du n\u00e9opr\u00e8ne Yamamoto 39, associ\u00e9e \u00e0 l\u2019\u00e9lasticit\u00e9 de la doublure Infinity Skin 2, conf\u00e8re une sensation de libert\u00e9 maximale. Gr\u00e2ce \u00e0 cette association, les mouvements rapides requi\u00e8rent 35 % de force en moins qu&#8217;avec une combinaison conventionnelle. Pour des mouvements de bras plus lents et plus amples, on peut \u00e9conomiser 45 % de force en comparaison \u00e0 une combinaison conventionnelle. En outre, le traitement de surface SCS contribue \u00e0 r\u00e9duire la r\u00e9sistance et la friction avec l&#8217;eau, ce qui am\u00e9liore l&#8217;hydrodynamisme de la combinaison et permet au nageur de se d\u00e9placer plus vite.<\/p>\n<p>39 FS : \u00c9lasticit\u00e9, flexibilit\u00e9 maximale et sensation de libert\u00e9 totale sont au rendez-vous gr\u00e2ce \u00e0 l\u2019association du n\u00e9opr\u00e8ne Yamamoto 39, de la doublure Infinity Skin 2 et de la finition de surface Smoothskin. Avec cette combinaison, le nageur devra exercer 35 % de force en moins pour effectuer des mouvements de bras rapides et courts, et 45 % de force en moins pour les mouvements plus lents et amples, en comparaison avec toute autre combinaison conventionnelle.<\/p>\n<p>38+ : Le Yamamoto 38 assure une meilleure compression pour un ajustement optimal de la combinaison, favorisant le confort du nageur en eau libre. Le traitement de surface SCS est utilis\u00e9 pour maximiser les propri\u00e9t\u00e9s hydrodynamiques des combinaisons, r\u00e9duisant la friction avec l&#8217;eau pour permettre aux athl\u00e8tes de nager plus vite.&#8221;<\/p>\n","protected":false},"excerpt":{"rendered":"<p>Athlex Float combine une flottabilit\u00e9 et une \u00e9lasticit\u00e9 \u00e9lev\u00e9es : une combinaison tr\u00e8s \u00e9quilibr\u00e9e, id\u00e9ale pour les nageurs qui ont besoin d\u2019une flottabilit\u00e9 suppl\u00e9mentaire pour corriger leur posture dans l&#8217;eau. Des mat\u00e9riaux fins sur la partie sup\u00e9rieure du buste et \u00e9pais sur les jambes permettent au nageur d&#8217;aborder les \u00e9preuves de triathlon en toute confiance.<\/p>\n<p><strong>Nouveau mod\u00e8le 2025<\/strong><\/p>\n<p><em>Garantie Sportmax : Conseils et petites r\u00e9parations gratuites pendant une ann\u00e9e apr\u00e8s l\u2019achat<\/em><\/p>\n<p><a href=\"https:\/\/espacetriathlon.com\/choisir-une-combinaison-en-neoprene\/\" target=\"_blank\" rel=\"noopener\">Avez-vous besoin d\u2019aide pour l\u2019achat de votre combinaison ?<\/a><\/p>\n","protected":false},"featured_media":49707,"template":"","meta":[],"product_brand":[],"product_cat":[306],"product_tag":[],"class_list":{"0":"post-47339","1":"product","2":"type-product","3":"status-publish","4":"has-post-thumbnail","6":"product_cat-wetsuit-neopren-fr","7":"pa_brand-orca","8":"pa_taille-orca-f-st-170-185-cm-60-67-kg-2","9":"pa_taille-orca-f-xst-157-167-cm-50-56-kg-2","10":"pa_taille-orca-f-xs-144-160cm-46-53kg-fr","11":"pa_taille-orca-f-s-157-167cm-54-61kg-fr","12":"pa_taille-orca-f-m-165-177cm-60-67kg-fr","13":"pa_taille-orca-f-l-170-185cm-66-74kg-fr","14":"pa_taille-orca-f-xl-177-189cm-73-79kg-fr","16":"first","17":"instock","18":"shipping-taxable","19":"purchasable","20":"product-type-variable"},"_links":{"self":[{"href":"https:\/\/espacetriathlon.com\/fr\/wp-json\/wp\/v2\/product\/47339","targetHints":{"allow":["GET"]}}],"collection":[{"href":"https:\/\/espacetriathlon.com\/fr\/wp-json\/wp\/v2\/product"}],"about":[{"href":"https:\/\/espacetriathlon.com\/fr\/wp-json\/wp\/v2\/types\/product"}],"version-history":[{"count":3,"href":"https:\/\/espacetriathlon.com\/fr\/wp-json\/wp\/v2\/product\/47339\/revisions"}],"predecessor-version":[{"id":47397,"href":"https:\/\/espacetriathlon.com\/fr\/wp-json\/wp\/v2\/product\/47339\/revisions\/47397"}],"wp:featuredmedia":[{"embeddable":true,"href":"https:\/\/espacetriathlon.com\/fr\/wp-json\/wp\/v2\/media\/49707"}],"wp:attachment":[{"href":"https:\/\/espacetriathlon.com\/fr\/wp-json\/wp\/v2\/media?parent=47339"}],"wp:term":[{"taxonomy":"product_brand","embeddable":true,"href":"https:\/\/espacetriathlon.com\/fr\/wp-json\/wp\/v2\/product_brand?post=47339"},{"taxonomy":"product_cat","embeddable":true,"href":"https:\/\/espacetriathlon.com\/fr\/wp-json\/wp\/v2\/product_cat?post=47339"},{"taxonomy":"product_tag","embeddable":true,"href":"https:\/\/espacetriathlon.com\/fr\/wp-json\/wp\/v2\/product_tag?post=47339"}],"curies":[{"name":"wp","href":"https:\/\/api.w.org\/{rel}","templated":true}]}}