{"id":47465,"date":"2025-04-19T08:02:55","date_gmt":"2025-04-19T08:02:55","guid":{"rendered":"https:\/\/espacetriathlon.com\/product\/athlex-tri-short\/"},"modified":"2025-05-04T07:15:29","modified_gmt":"2025-05-04T07:15:29","slug":"athlex-tri-short","status":"publish","type":"product","link":"https:\/\/espacetriathlon.com\/fr\/product\/athlex-tri-short\/","title":{"rendered":"Athlex Tri Short"},"content":{"rendered":"<table width=\"125\">\n<tbody>\n<tr>\n<td width=\"125\"><\/td>\n<\/tr>\n<\/tbody>\n<\/table>\n<p>Vapeur-froid<\/p>\n<p>Cette technologie \u00e0 base de nanocristaux aide \u00e0 refroidir le corps de l&#8217;athl\u00e8te, permettant \u00e0 la sueur de s&#8217;\u00e9vaporer plus rapidement. Elle assure \u00e9galement une compression sans sacrifier la flexibilit\u00e9 du v\u00eatement, ce qui garantit un ajustement tr\u00e8s serr\u00e9. <\/p>\n<p>Peau de chamois Tri-tech<br \/>\nLa peau de chamois Tri-Tech de 4 mm, fabriqu\u00e9e en Italie, avec une densit\u00e9 de 120 kgs\/m3, offre un confort total sur le v\u00e9lo, ainsi qu&#8217;un s\u00e9chage rapide.<\/p>\n","protected":false},"excerpt":{"rendered":"<table width=\"348\">\n<tbody>\n<tr>\n<td width=\"348\"><\/td>\n<\/tr>\n<\/tbody>\n<\/table>\n<p>Le pantalon Athlex Tri Pant int\u00e8gre des technologies visant \u00e0 am\u00e9liorer les performances. Il est fabriqu\u00e9 avec le tissu Vapour-cool qui aide \u00e0 refroidir le triathl\u00e8te, permettant \u00e0 la sueur de s&#8217;\u00e9vaporer rapidement. Il comprend des poches arri\u00e8re pour ranger tout ce dont vous avez besoin pour la course.  <\/p>\n<p>*Ce v\u00eatement est fait d&#8217;un tissu compressif. Si vous \u00eates entre deux tailles, choisissez la plus grande. <\/p>\n","protected":false},"featured_media":47461,"template":"","meta":[],"product_brand":[],"product_cat":[1703],"product_tag":[],"class_list":{"0":"post-47465","1":"product","2":"type-product","3":"status-publish","4":"has-post-thumbnail","6":"product_cat-gear-fr","7":"product_shipping_class-petitarticle-fr","8":"pa_brand-orca","9":"pa_size-s-fr","10":"pa_size-m-fr","11":"pa_size-l-fr","12":"pa_size-xl-fr","14":"first","15":"instock","16":"shipping-taxable","17":"purchasable","18":"product-type-variable"},"_links":{"self":[{"href":"https:\/\/espacetriathlon.com\/fr\/wp-json\/wp\/v2\/product\/47465","targetHints":{"allow":["GET"]}}],"collection":[{"href":"https:\/\/espacetriathlon.com\/fr\/wp-json\/wp\/v2\/product"}],"about":[{"href":"https:\/\/espacetriathlon.com\/fr\/wp-json\/wp\/v2\/types\/product"}],"version-history":[{"count":0,"href":"https:\/\/espacetriathlon.com\/fr\/wp-json\/wp\/v2\/product\/47465\/revisions"}],"wp:featuredmedia":[{"embeddable":true,"href":"https:\/\/espacetriathlon.com\/fr\/wp-json\/wp\/v2\/media\/47461"}],"wp:attachment":[{"href":"https:\/\/espacetriathlon.com\/fr\/wp-json\/wp\/v2\/media?parent=47465"}],"wp:term":[{"taxonomy":"product_brand","embeddable":true,"href":"https:\/\/espacetriathlon.com\/fr\/wp-json\/wp\/v2\/product_brand?post=47465"},{"taxonomy":"product_cat","embeddable":true,"href":"https:\/\/espacetriathlon.com\/fr\/wp-json\/wp\/v2\/product_cat?post=47465"},{"taxonomy":"product_tag","embeddable":true,"href":"https:\/\/espacetriathlon.com\/fr\/wp-json\/wp\/v2\/product_tag?post=47465"}],"curies":[{"name":"wp","href":"https:\/\/api.w.org\/{rel}","templated":true}]}}