{"id":47553,"date":"2025-04-19T14:12:16","date_gmt":"2025-04-19T14:12:16","guid":{"rendered":"https:\/\/espacetriathlon.com\/product\/racing-jammer\/"},"modified":"2025-04-19T14:12:16","modified_gmt":"2025-04-19T14:12:16","slug":"racing-jammer","status":"publish","type":"product","link":"https:\/\/espacetriathlon.com\/fr\/product\/racing-jammer\/","title":{"rendered":"Racing Jammer"},"content":{"rendered":"<p>Le Racing Jammer est le maillot de bain approuv\u00e9 par World Aquatics qui est totalement indispensable pour vos comp\u00e9titions de natation en piscine ou en eau libre. Sa construction en tissu HydroSkin+ offre un hydrodynamisme imbattable et une compression intense afin d&#8217;am\u00e9liorer les performances. Il int\u00e8gre des coutures scell\u00e9es thermiquement et positionn\u00e9es strat\u00e9giquement pour une meilleure ergonomie, ce qui am\u00e9liore vos performances.  <\/p>\n<p>&nbsp;<\/p>\n<p>Hydrodynamique maximale<\/p>\n<p>Con\u00e7u pour traverser l&#8217;eau avec une r\u00e9sistance minimale<br \/>\nTissu d\u00e9perlant<\/p>\n","protected":false},"excerpt":{"rendered":"<table width=\"356\">\n<tbody>\n<tr>\n<td width=\"356\"><\/td>\n<\/tr>\n<\/tbody>\n<\/table>\n<p>Totalement indispensable pour vos comp\u00e9titions de natation en piscine ou en eau libre.<\/p>\n","protected":false},"featured_media":47549,"template":"","meta":[],"product_brand":[],"product_cat":[837,270],"product_tag":[],"class_list":{"0":"post-47553","1":"product","2":"type-product","3":"status-publish","4":"has-post-thumbnail","6":"product_cat-maillots-competition","7":"product_cat-openwater-fr","8":"product_shipping_class-petitarticle-fr","9":"pa_brand-orca","10":"pa_swim_h-s-32-fr","11":"pa_swim_h-m-34-fr","12":"pa_swim_h-l-36-fr","13":"pa_swim_h-xl-38-fr","15":"first","16":"instock","17":"shipping-taxable","18":"purchasable","19":"product-type-variable"},"_links":{"self":[{"href":"https:\/\/espacetriathlon.com\/fr\/wp-json\/wp\/v2\/product\/47553","targetHints":{"allow":["GET"]}}],"collection":[{"href":"https:\/\/espacetriathlon.com\/fr\/wp-json\/wp\/v2\/product"}],"about":[{"href":"https:\/\/espacetriathlon.com\/fr\/wp-json\/wp\/v2\/types\/product"}],"version-history":[{"count":0,"href":"https:\/\/espacetriathlon.com\/fr\/wp-json\/wp\/v2\/product\/47553\/revisions"}],"wp:featuredmedia":[{"embeddable":true,"href":"https:\/\/espacetriathlon.com\/fr\/wp-json\/wp\/v2\/media\/47549"}],"wp:attachment":[{"href":"https:\/\/espacetriathlon.com\/fr\/wp-json\/wp\/v2\/media?parent=47553"}],"wp:term":[{"taxonomy":"product_brand","embeddable":true,"href":"https:\/\/espacetriathlon.com\/fr\/wp-json\/wp\/v2\/product_brand?post=47553"},{"taxonomy":"product_cat","embeddable":true,"href":"https:\/\/espacetriathlon.com\/fr\/wp-json\/wp\/v2\/product_cat?post=47553"},{"taxonomy":"product_tag","embeddable":true,"href":"https:\/\/espacetriathlon.com\/fr\/wp-json\/wp\/v2\/product_tag?post=47553"}],"curies":[{"name":"wp","href":"https:\/\/api.w.org\/{rel}","templated":true}]}}