{"id":47830,"date":"2025-05-20T14:14:14","date_gmt":"2025-05-20T14:14:14","guid":{"rendered":"https:\/\/espacetriathlon.com\/product\/elite-pro\/"},"modified":"2026-03-27T20:06:39","modified_gmt":"2026-03-27T20:06:39","slug":"elite-pro","status":"publish","type":"product","link":"https:\/\/espacetriathlon.com\/fr\/product\/elite-pro\/","title":{"rendered":"Elite Pro"},"content":{"rendered":"<h4 class=\"describe_title\">\u00c9paisseur du n\u00e9opr\u00e8ne<\/h4>\n<div class=\"collapsibles-wrapper--border-bottom\">\n<p class=\"describe_content\">\u25cf Poitrine : 5 mm<br \/>\n\u25cf Dos : 2,5 mm\/3 mm<br \/>\n\u25cf Bras : 1,5 mm<br \/>\n\u25cf Jambes sup\u00e9rieures : 5 mm<br \/>\n\u25cf Jambes inf\u00e9rieures : 3 mm\/5 mm.<\/p>\n<\/div>\n","protected":false},"excerpt":{"rendered":"<div id=\"Product-content-tab_Xbeedt8170075324577\" class=\"collapsible-content collapsible-content--all is-open\">\n<div class=\"collapsible-content__inner rte\">\n<ul>\n<li>Le design tr\u00e8s innovant qui entoure le bas du corps avec la technologie Aeroatom donne aux nageurs la meilleure flottabilit\u00e9 de notre gamme. La combinaison de la doublure SQ-flex et du n\u00e9opr\u00e8ne #40 Yamamoto sur les \u00e9paules, les bras et les aisselles offre une superbe \u00e9lasticit\u00e9 pendant la natation. La technologie brevet\u00e9e Aeroatom offre une flottabilit\u00e9 sup\u00e9rieure de 30 % \u00e0 celle de l&#8217;Aerodom.  <\/li>\n<\/ul>\n<\/div>\n<\/div>\n","protected":false},"featured_media":47810,"template":"","meta":[],"product_brand":[],"product_cat":[306],"product_tag":[],"class_list":{"0":"post-47830","1":"product","2":"type-product","3":"status-publish","4":"has-post-thumbnail","6":"product_cat-wetsuit-neopren-fr","7":"pa_brand-sumarpo-2","8":"pa_sumarpo_m-xs-158-170-cm-46-54-kg-2","9":"pa_sumarpo_m-s-163-173-cm-55-63-kg-2","10":"pa_sumarpo_m-sm-170-178-cm-63-73-kg-2","11":"pa_sumarpo_m-st-183-182-cm-55-69-kg-2","12":"pa_sumarpo_m-m-173-183-cm-68-74-kg-2","13":"pa_sumarpo_m-mt-175-191-cm-68-78-kg-2","14":"pa_sumarpo_m-ml-173-188-cm-70-82-kg-2","15":"pa_sumarpo_m-l-178-191-cm-81-92-kg-2","16":"pa_sumarpo_m-lt-181-196-cm-81-94-kg-2","17":"pa_sumarpo_m-xl-183-196-cm-92-100-kg-2","19":"first","20":"instock","21":"sale","22":"shipping-taxable","23":"purchasable","24":"product-type-variable"},"_links":{"self":[{"href":"https:\/\/espacetriathlon.com\/fr\/wp-json\/wp\/v2\/product\/47830","targetHints":{"allow":["GET"]}}],"collection":[{"href":"https:\/\/espacetriathlon.com\/fr\/wp-json\/wp\/v2\/product"}],"about":[{"href":"https:\/\/espacetriathlon.com\/fr\/wp-json\/wp\/v2\/types\/product"}],"version-history":[{"count":1,"href":"https:\/\/espacetriathlon.com\/fr\/wp-json\/wp\/v2\/product\/47830\/revisions"}],"predecessor-version":[{"id":47854,"href":"https:\/\/espacetriathlon.com\/fr\/wp-json\/wp\/v2\/product\/47830\/revisions\/47854"}],"wp:featuredmedia":[{"embeddable":true,"href":"https:\/\/espacetriathlon.com\/fr\/wp-json\/wp\/v2\/media\/47810"}],"wp:attachment":[{"href":"https:\/\/espacetriathlon.com\/fr\/wp-json\/wp\/v2\/media?parent=47830"}],"wp:term":[{"taxonomy":"product_brand","embeddable":true,"href":"https:\/\/espacetriathlon.com\/fr\/wp-json\/wp\/v2\/product_brand?post=47830"},{"taxonomy":"product_cat","embeddable":true,"href":"https:\/\/espacetriathlon.com\/fr\/wp-json\/wp\/v2\/product_cat?post=47830"},{"taxonomy":"product_tag","embeddable":true,"href":"https:\/\/espacetriathlon.com\/fr\/wp-json\/wp\/v2\/product_tag?post=47830"}],"curies":[{"name":"wp","href":"https:\/\/api.w.org\/{rel}","templated":true}]}}