{"id":47888,"date":"2025-05-20T14:25:44","date_gmt":"2025-05-20T14:25:44","guid":{"rendered":"https:\/\/espacetriathlon.com\/product\/elite-pro-women\/"},"modified":"2025-05-20T14:25:44","modified_gmt":"2025-05-20T14:25:44","slug":"elite-pro-women","status":"publish","type":"product","link":"https:\/\/espacetriathlon.com\/fr\/product\/elite-pro-women\/","title":{"rendered":"Elite Pro Women"},"content":{"rendered":"<h4 class=\"describe_title\">\u00c9paisseur du n\u00e9opr\u00e8ne<\/h4>\n<div class=\"collapsibles-wrapper--border-bottom\">\n<p class=\"describe_content\">\u25cf Poitrine : 5 mm<br \/>\n\u25cf Dos : 2,5 mm\/3 mm<br \/>\n\u25cf Bras : 1,5 mm<br \/>\n\u25cf Jambes sup\u00e9rieures : 5 mm<br \/>\n\u25cf Jambes inf\u00e9rieures : 3 mm\/5 mm.<\/p>\n<\/div>\n","protected":false},"excerpt":{"rendered":"<p>Le design tr\u00e8s innovant qui entoure le bas du corps avec la technologie Aeroatom donne aux nageurs la meilleure flottabilit\u00e9 de notre gamme. La combinaison de la doublure SQ-flex et du n\u00e9opr\u00e8ne #40 Yamamoto sur les \u00e9paules, les bras et les aisselles offre une superbe \u00e9lasticit\u00e9 pendant la natation. La technologie brevet\u00e9e Aeroatom offre une flottabilit\u00e9 sup\u00e9rieure de 30 % \u00e0 celle de l&#8217;Aerodome.  <\/p>\n","protected":false},"featured_media":47883,"template":"","meta":[],"product_brand":[],"product_cat":[306],"product_tag":[],"class_list":{"0":"post-47888","1":"product","2":"type-product","3":"status-publish","4":"has-post-thumbnail","6":"product_cat-wetsuit-neopren-fr","7":"pa_brand-sumarpo-2","8":"pa_sumarpo_f-m-163-178-cm-58-65-kg-fr","9":"pa_sumarpo_f-ml-165-180-cm-66-73-kg-2","10":"pa_sumarpo_f-sm-157-172-cm-53-62-kg-2","12":"first","13":"instock","14":"sale","15":"shipping-taxable","16":"purchasable","17":"product-type-variable"},"_links":{"self":[{"href":"https:\/\/espacetriathlon.com\/fr\/wp-json\/wp\/v2\/product\/47888","targetHints":{"allow":["GET"]}}],"collection":[{"href":"https:\/\/espacetriathlon.com\/fr\/wp-json\/wp\/v2\/product"}],"about":[{"href":"https:\/\/espacetriathlon.com\/fr\/wp-json\/wp\/v2\/types\/product"}],"version-history":[{"count":0,"href":"https:\/\/espacetriathlon.com\/fr\/wp-json\/wp\/v2\/product\/47888\/revisions"}],"wp:featuredmedia":[{"embeddable":true,"href":"https:\/\/espacetriathlon.com\/fr\/wp-json\/wp\/v2\/media\/47883"}],"wp:attachment":[{"href":"https:\/\/espacetriathlon.com\/fr\/wp-json\/wp\/v2\/media?parent=47888"}],"wp:term":[{"taxonomy":"product_brand","embeddable":true,"href":"https:\/\/espacetriathlon.com\/fr\/wp-json\/wp\/v2\/product_brand?post=47888"},{"taxonomy":"product_cat","embeddable":true,"href":"https:\/\/espacetriathlon.com\/fr\/wp-json\/wp\/v2\/product_cat?post=47888"},{"taxonomy":"product_tag","embeddable":true,"href":"https:\/\/espacetriathlon.com\/fr\/wp-json\/wp\/v2\/product_tag?post=47888"}],"curies":[{"name":"wp","href":"https:\/\/api.w.org\/{rel}","templated":true}]}}