{"id":48218,"date":"2025-06-02T11:48:13","date_gmt":"2025-06-02T11:48:13","guid":{"rendered":"https:\/\/espacetriathlon.com\/?post_type=product&#038;p=48218"},"modified":"2025-06-07T10:00:30","modified_gmt":"2025-06-07T10:00:30","slug":"apex-flow-men-v2","status":"publish","type":"product","link":"https:\/\/espacetriathlon.com\/fr\/product\/apex-flow-men-v2\/","title":{"rendered":"Apex Flow Men V2"},"content":{"rendered":"<p>44+: La technologie haut de gamme exclusive d\u2019Orca Yamamoto 44 est associ\u00e9e \u00e0 la doublure extr\u00eamement extensible Infinity Skin 2 pour procurer une sensation de libert\u00e9 maximale au niveau des \u00e9paules. Le traitement de surface Nano Ice SCS est utilis\u00e9 pour maximiser les propri\u00e9t\u00e9s hydrodynamiques, r\u00e9duisant la friction avec l&#8217;eau pour une vitesse maximale. La doublure int\u00e9rieure int\u00e8gre des fibres de bambou permettant une plus grande souplesse de mouvement, tout en r\u00e9duisant les odeurs et la pr\u00e9sence de bact\u00e9ries. Cette association offre une flexibilit\u00e9 maximale au niveau des \u00e9paules sur les combinaisons haut de gamme d\u2019Orca : elles s\u2019\u00e9tirent en exer\u00e7ant 90 % de force en moins que pour toute autre combinaison conventionnelle.<\/p>\n<p>40 FS : Pour une libert\u00e9 de mouvement, une \u00e9lasticit\u00e9 et une flexibilit\u00e9 maximales, les combinaisons haut de gamme d\u2019Orca int\u00e8grent la technologie Yamamoto 40, combin\u00e9e \u00e0 la doublure Infinity Skin 2 et \u00e0 la finition de surface Smoothskin. Gr\u00e2ce \u00e0 cette construction, le nageur en eau libre b\u00e9n\u00e9ficie d&#8217;une amplitude de mouvement maximale au niveau des \u00e9paules, puisque ce n\u00e9opr\u00e8ne s&#8217;\u00e9tire avec 72 % de force en moins qu&#8217;un n\u00e9opr\u00e8ne conventionnel. Les fibres de bambou de la doublure int\u00e9rieure apportent de la souplesse \u00e0 chaque mouvement, tout en r\u00e9duisant les mauvaises odeurs et la pr\u00e9sence de bact\u00e9ries.<\/p>\n<p>40 PF : La doublure compressive Power-fit, associ\u00e9e \u00e0 la technologie haut de gamme Yamamoto 40 d&#8217;Orca, offre un ajustement parfait au niveau du torse, emp\u00eachant l\u2019eau de circuler \u00e0 travers la combinaison. De plus, le traitement de surface Nano Ice SCS augmente les propri\u00e9t\u00e9s hydrodynamiques du n\u00e9opr\u00e8ne, r\u00e9duisant la friction avec l&#8217;eau et permettant au nageur en eau libre d\u2019augmenter sa vitesse de d\u00e9placement.<\/p>\n<p>Exo-lift: Exo-lift est une construction de type sandwich qui combine une couche de n\u00e9opr\u00e8ne, la technologie Aerodrome, et une troisi\u00e8me couche de n\u00e9opr\u00e8ne int\u00e9rieur avec traitement sp\u00e9cifique qui rend la Predator encore plus r\u00e9sistante, avec une flottabilit\u00e9 maximale et 0% d\u2019absorption de l\u2019eau. Une petite aide pour maintenir une position hydrodynamique \u00e0 tout moment, m\u00eame lorsque vous fatiguez.<\/p>\n","protected":false},"excerpt":{"rendered":"<p><strong>Mod\u00e8le 2025<\/strong><\/p>\n<p>Gr\u00e2ce \u00e0 sa flexibilit\u00e9 et \u00e0 sa flottabilit\u00e9 uniques, l&#8217;Apex Flow est la combinaison la plus avanc\u00e9e de notre gamme. Con\u00e7ue pour les nageurs en eau libre les plus exigeants, cette combinaison est dot\u00e9e des meilleurs mat\u00e9riaux et technologies du march\u00e9. Elle est con\u00e7ue pour corriger la position du nageur dans l\u2019eau en maximisant l&#8217;\u00e9l\u00e8vement jambes dans l\u2019eau, repla\u00e7ant ainsi le corps dans la position la plus hydrodynamique possible.<\/p>\n","protected":false},"featured_media":48256,"template":"","meta":[],"product_brand":[],"product_cat":[306],"product_tag":[],"class_list":{"0":"post-48218","1":"product","2":"type-product","3":"status-publish","4":"has-post-thumbnail","6":"product_cat-wetsuit-neopren-fr","7":"pa_brand-orca","8":"pa_taille-orca-h-t5-162-172-cm-61-66-kg-fr","9":"pa_taille-orca-h-t6-167-175-cm-67-75-kg-fr","10":"pa_taille-orca-h-tmt-177-190-cm-68-76-kg","11":"pa_taille-orca-h-t7-173-185-cm-75-82-kg-fr","12":"pa_taille-orca-h-t8-180-188-cm-82-89-kg-fr","13":"pa_taille-orca-h-t9-185-193-cm-89-97-kg-fr","14":"pa_taille-orca-h-t10-190-196-cm-98-109-kg-fr","16":"first","17":"instock","18":"shipping-taxable","19":"purchasable","20":"product-type-variable"},"_links":{"self":[{"href":"https:\/\/espacetriathlon.com\/fr\/wp-json\/wp\/v2\/product\/48218","targetHints":{"allow":["GET"]}}],"collection":[{"href":"https:\/\/espacetriathlon.com\/fr\/wp-json\/wp\/v2\/product"}],"about":[{"href":"https:\/\/espacetriathlon.com\/fr\/wp-json\/wp\/v2\/types\/product"}],"version-history":[{"count":3,"href":"https:\/\/espacetriathlon.com\/fr\/wp-json\/wp\/v2\/product\/48218\/revisions"}],"predecessor-version":[{"id":48272,"href":"https:\/\/espacetriathlon.com\/fr\/wp-json\/wp\/v2\/product\/48218\/revisions\/48272"}],"wp:featuredmedia":[{"embeddable":true,"href":"https:\/\/espacetriathlon.com\/fr\/wp-json\/wp\/v2\/media\/48256"}],"wp:attachment":[{"href":"https:\/\/espacetriathlon.com\/fr\/wp-json\/wp\/v2\/media?parent=48218"}],"wp:term":[{"taxonomy":"product_brand","embeddable":true,"href":"https:\/\/espacetriathlon.com\/fr\/wp-json\/wp\/v2\/product_brand?post=48218"},{"taxonomy":"product_cat","embeddable":true,"href":"https:\/\/espacetriathlon.com\/fr\/wp-json\/wp\/v2\/product_cat?post=48218"},{"taxonomy":"product_tag","embeddable":true,"href":"https:\/\/espacetriathlon.com\/fr\/wp-json\/wp\/v2\/product_tag?post=48218"}],"curies":[{"name":"wp","href":"https:\/\/api.w.org\/{rel}","templated":true}]}}