{"id":48349,"date":"2025-06-12T12:37:27","date_gmt":"2025-06-12T12:37:27","guid":{"rendered":"https:\/\/espacetriathlon.com\/product\/lunettes-mach-1-racing\/"},"modified":"2025-06-12T12:37:27","modified_gmt":"2025-06-12T12:37:27","slug":"lunettes-mach-1-racing","status":"publish","type":"product","link":"https:\/\/espacetriathlon.com\/fr\/product\/lunettes-mach-1-racing\/","title":{"rendered":"Lunettes Mach 1 Racing"},"content":{"rendered":"<div id=\"product-details-features\" class=\"product-details-information-tab-content-container tb-container-col collapse in\" data-type=\"information-content-text\">\n<div class=\"product-details-information-tab-content-container-main\">\n<div class=\"fab-left\">\n<div class=\"col-sm-12\">\n<ul>\n<li><b>DESIGN :<\/b> Lunettes de course \u00e0 profil ultra bas construites avec une monture et des lentilles en polycarbonate pour un design incorpor\u00e9 en douceur. Les lentilles miroir incurv\u00e9es offrent une vue panoramique et r\u00e9duisent les reflets. Trait\u00e9es avec un anti-bu\u00e9e et une protection compl\u00e8te contre les UVA\/UVB.  <\/li>\n<li><b>AJUSTEMENT :<\/b> L&#8217;ing\u00e9nierie de pr\u00e9cision et les joints en silicone de premi\u00e8re qualit\u00e9 garantissent un ajustement s\u00fbr autour de l&#8217;\u0153il. Les sangles s&#8217;alignent sur les yeux et r\u00e9partissent uniform\u00e9ment la pression, pour une baignade confortable et \u00e9tanche. <\/li>\n<li><b>DANS LA BO\u00ceTE :<\/b> Comprend une paire de lunettes Mach 1, cinq nez interchangeables, un bonnet de bain en silicone blanc sans couture et un sac de transport pour les lunettes.<\/li>\n<li><b>COURSE APPROUV\u00c9E : <\/b>approuv\u00e9 par la FINA-World Aquatics<\/li>\n<\/ul>\n<\/div>\n<\/div>\n<\/div>\n<\/div>\n","protected":false},"excerpt":{"rendered":"<p><span class=\"s1\">Con\u00e7ues pour les nageurs et nageuses d&#8217;\u00e9lite, les lunettes Mach 1 offrent une exp\u00e9rience visuelle in\u00e9gal\u00e9e. Une monture ultra basse optimise l&#8217;hydrodynamisme pour minimiser la tra\u00een\u00e9e. Les joints oculaires en silicone de premi\u00e8re qualit\u00e9 assurent un ajustement confortable et s\u00fbr pour des d\u00e9parts explosifs et des virages puissants. Deux sangles en silicone sont int\u00e9gr\u00e9es \u00e0 la monture pour r\u00e9partir uniform\u00e9ment la pression, \u00e9vitant ainsi les fuites et garantissant le confort. Votre d\u00e9part le plus rapide commence ici.      <\/span><\/p>\n","protected":false},"featured_media":48346,"template":"","meta":[],"product_brand":[],"product_cat":[282],"product_tag":[],"class_list":{"0":"post-48349","1":"product","2":"type-product","3":"status-publish","4":"has-post-thumbnail","6":"product_cat-lunettes","7":"pa_brand-finis","9":"first","10":"instock","11":"shipping-taxable","12":"purchasable","13":"product-type-variable"},"_links":{"self":[{"href":"https:\/\/espacetriathlon.com\/fr\/wp-json\/wp\/v2\/product\/48349","targetHints":{"allow":["GET"]}}],"collection":[{"href":"https:\/\/espacetriathlon.com\/fr\/wp-json\/wp\/v2\/product"}],"about":[{"href":"https:\/\/espacetriathlon.com\/fr\/wp-json\/wp\/v2\/types\/product"}],"version-history":[{"count":0,"href":"https:\/\/espacetriathlon.com\/fr\/wp-json\/wp\/v2\/product\/48349\/revisions"}],"wp:featuredmedia":[{"embeddable":true,"href":"https:\/\/espacetriathlon.com\/fr\/wp-json\/wp\/v2\/media\/48346"}],"wp:attachment":[{"href":"https:\/\/espacetriathlon.com\/fr\/wp-json\/wp\/v2\/media?parent=48349"}],"wp:term":[{"taxonomy":"product_brand","embeddable":true,"href":"https:\/\/espacetriathlon.com\/fr\/wp-json\/wp\/v2\/product_brand?post=48349"},{"taxonomy":"product_cat","embeddable":true,"href":"https:\/\/espacetriathlon.com\/fr\/wp-json\/wp\/v2\/product_cat?post=48349"},{"taxonomy":"product_tag","embeddable":true,"href":"https:\/\/espacetriathlon.com\/fr\/wp-json\/wp\/v2\/product_tag?post=48349"}],"curies":[{"name":"wp","href":"https:\/\/api.w.org\/{rel}","templated":true}]}}