{"id":5112,"date":"2021-02-12T19:23:53","date_gmt":"2021-02-12T19:23:53","guid":{"rendered":"https:\/\/espacetriathlon.com\/product\/long-floating-fins\/"},"modified":"2025-04-08T14:26:52","modified_gmt":"2025-04-08T14:26:52","slug":"long-floating-fins","status":"publish","type":"product","link":"https:\/\/espacetriathlon.com\/fr\/product\/long-floating-fins\/","title":{"rendered":"Long Floating Fins"},"content":{"rendered":"<p>Flottaison en eau sal\u00e9e ou douce : meilleure flottaison de vos jambes pour moins de tra\u00een\u00e9e<br \/>\nLongues palmes : pour des mouvements plus puissants et des jambes plus solides<br \/>\nCouleur en fonction de la taille<\/p>\n","protected":false},"excerpt":{"rendered":"<p>Les palmes de flottaison de Finis am\u00e9liorent la puissance des jambes et permettent aux sportifs de nager plus rapidement. Les palmes ajoutent de la propulsion, r\u00e9duisent la tra\u00een\u00e9e et offrent plus de flottaison aux jambes en les \u00e9levant vers la surface.<\/p>\n","protected":false},"featured_media":49456,"template":"","meta":[],"product_brand":[],"product_cat":[291],"product_tag":[],"class_list":{"0":"post-5112","1":"product","2":"type-product","3":"status-publish","4":"has-post-thumbnail","6":"product_cat-aide-dentrainement","7":"pa_brand-finis","8":"pa_finis_long-26-29-blue-lime-green-2","9":"pa_finis_long-29-33-blue-orange-2","10":"pa_finis_long-33-35-blue-yellow-2","11":"pa_finis_long-35-37-red-black-2","12":"pa_finis_long-37-39-red-blue-2","13":"pa_finis_long-39-42-red-grey-2","14":"pa_finis_long-42-44-black-red-2","15":"pa_finis_long-44-46-black-navy-2","17":"first","18":"instock","19":"shipping-taxable","20":"purchasable","21":"product-type-variable"},"_links":{"self":[{"href":"https:\/\/espacetriathlon.com\/fr\/wp-json\/wp\/v2\/product\/5112","targetHints":{"allow":["GET"]}}],"collection":[{"href":"https:\/\/espacetriathlon.com\/fr\/wp-json\/wp\/v2\/product"}],"about":[{"href":"https:\/\/espacetriathlon.com\/fr\/wp-json\/wp\/v2\/types\/product"}],"version-history":[{"count":2,"href":"https:\/\/espacetriathlon.com\/fr\/wp-json\/wp\/v2\/product\/5112\/revisions"}],"predecessor-version":[{"id":36521,"href":"https:\/\/espacetriathlon.com\/fr\/wp-json\/wp\/v2\/product\/5112\/revisions\/36521"}],"wp:featuredmedia":[{"embeddable":true,"href":"https:\/\/espacetriathlon.com\/fr\/wp-json\/wp\/v2\/media\/49456"}],"wp:attachment":[{"href":"https:\/\/espacetriathlon.com\/fr\/wp-json\/wp\/v2\/media?parent=5112"}],"wp:term":[{"taxonomy":"product_brand","embeddable":true,"href":"https:\/\/espacetriathlon.com\/fr\/wp-json\/wp\/v2\/product_brand?post=5112"},{"taxonomy":"product_cat","embeddable":true,"href":"https:\/\/espacetriathlon.com\/fr\/wp-json\/wp\/v2\/product_cat?post=5112"},{"taxonomy":"product_tag","embeddable":true,"href":"https:\/\/espacetriathlon.com\/fr\/wp-json\/wp\/v2\/product_tag?post=5112"}],"curies":[{"name":"wp","href":"https:\/\/api.w.org\/{rel}","templated":true}]}}