{"id":5228,"date":"2021-02-14T19:22:15","date_gmt":"2021-02-14T19:22:15","guid":{"rendered":"https:\/\/espacetriathlon.com\/product\/iso-paddle\/"},"modified":"2025-03-27T14:08:13","modified_gmt":"2025-03-27T14:08:13","slug":"iso-paddle","status":"publish","type":"product","link":"https:\/\/espacetriathlon.com\/fr\/product\/iso-paddle\/","title":{"rendered":"Iso Paddle"},"content":{"rendered":"<p>Sa conception maintient un moyen unique de cr\u00e9er un d\u00e9s\u00e9quilibre dans la phase de capture d\u2019un coup, obligeant les nageurs \u00e0 appliquer plus de pression de chaque c\u00f4t\u00e9 de la plaquette pour maintenir un coup ad\u00e9quat. La variation incite les nageurs \u00e0 accorder plus d\u2019attention \u00e0 la position des mains dans l\u2019eau, en la maintenant \u00e0 niveau et constante pendant la capture et l\u2019entra\u00eenement de chaque coup.<\/p>\n","protected":false},"excerpt":{"rendered":"<p>Les plaquettes Finis Iso Hand Paddles Small sont des plaquettes sans bretelles con\u00e7ues pour isoler les groupes musculaires sp\u00e9cifiques, d\u00e9velopper une position correcte des mains et favoriser la conscience de l\u2019AVC.<\/p>\n","protected":false},"featured_media":49460,"template":"","meta":[],"product_brand":[],"product_cat":[285],"product_tag":[],"class_list":{"0":"post-5228","1":"product","2":"type-product","3":"status-publish","4":"has-post-thumbnail","6":"product_cat-paddles-fr","7":"pa_brand-finis","8":"pa_size-s-fr","9":"pa_size-m-fr","10":"pa_size-l-fr","12":"first","13":"instock","14":"shipping-taxable","15":"purchasable","16":"product-type-variable"},"_links":{"self":[{"href":"https:\/\/espacetriathlon.com\/fr\/wp-json\/wp\/v2\/product\/5228","targetHints":{"allow":["GET"]}}],"collection":[{"href":"https:\/\/espacetriathlon.com\/fr\/wp-json\/wp\/v2\/product"}],"about":[{"href":"https:\/\/espacetriathlon.com\/fr\/wp-json\/wp\/v2\/types\/product"}],"version-history":[{"count":2,"href":"https:\/\/espacetriathlon.com\/fr\/wp-json\/wp\/v2\/product\/5228\/revisions"}],"predecessor-version":[{"id":36516,"href":"https:\/\/espacetriathlon.com\/fr\/wp-json\/wp\/v2\/product\/5228\/revisions\/36516"}],"wp:featuredmedia":[{"embeddable":true,"href":"https:\/\/espacetriathlon.com\/fr\/wp-json\/wp\/v2\/media\/49460"}],"wp:attachment":[{"href":"https:\/\/espacetriathlon.com\/fr\/wp-json\/wp\/v2\/media?parent=5228"}],"wp:term":[{"taxonomy":"product_brand","embeddable":true,"href":"https:\/\/espacetriathlon.com\/fr\/wp-json\/wp\/v2\/product_brand?post=5228"},{"taxonomy":"product_cat","embeddable":true,"href":"https:\/\/espacetriathlon.com\/fr\/wp-json\/wp\/v2\/product_cat?post=5228"},{"taxonomy":"product_tag","embeddable":true,"href":"https:\/\/espacetriathlon.com\/fr\/wp-json\/wp\/v2\/product_tag?post=5228"}],"curies":[{"name":"wp","href":"https:\/\/api.w.org\/{rel}","templated":true}]}}