{"id":54026,"date":"2025-08-18T11:19:32","date_gmt":"2025-08-18T11:19:32","guid":{"rendered":"https:\/\/espacetriathlon.com\/product\/r2-3-0-calf-sleeves-2025-ironman\/"},"modified":"2025-08-18T11:19:32","modified_gmt":"2025-08-18T11:19:32","slug":"r2-3-0-calf-sleeves-2025-ironman","status":"publish","type":"product","link":"https:\/\/espacetriathlon.com\/fr\/product\/r2-3-0-calf-sleeves-2025-ironman\/","title":{"rendered":"R2 3.0 Calf Sleeves 2025 Ironman"},"content":{"rendered":"","protected":false},"excerpt":{"rendered":"<p>L\u2019\u00e9volution de nos embl\u00e9matiques manchons de compression R2v2 pour les mollets, qui augmentent la stabilit\u00e9 et r\u00e9duisent les chocs, o\u00f9 que vous couriez.<\/p>\n","protected":false},"featured_media":53973,"template":"","meta":[],"product_brand":[],"product_cat":[1711,300],"product_tag":[],"class_list":{"0":"post-54026","1":"product","2":"type-product","3":"status-publish","4":"has-post-thumbnail","6":"product_cat-accessories-tri-3","7":"product_cat-run-accessories-triathlon-fr","8":"product_shipping_class-petitarticle-fr","9":"pa_brand-compressport","10":"pa_size_compressport-t1-35-38-fr","11":"pa_size_compressport-t2-39-41-fr","12":"pa_size_compressport-t3-42-44-fr","13":"pa_size_compressport-t4-45-48-fr","15":"first","16":"instock","17":"shipping-taxable","18":"purchasable","19":"product-type-variable"},"_links":{"self":[{"href":"https:\/\/espacetriathlon.com\/fr\/wp-json\/wp\/v2\/product\/54026","targetHints":{"allow":["GET"]}}],"collection":[{"href":"https:\/\/espacetriathlon.com\/fr\/wp-json\/wp\/v2\/product"}],"about":[{"href":"https:\/\/espacetriathlon.com\/fr\/wp-json\/wp\/v2\/types\/product"}],"version-history":[{"count":0,"href":"https:\/\/espacetriathlon.com\/fr\/wp-json\/wp\/v2\/product\/54026\/revisions"}],"wp:featuredmedia":[{"embeddable":true,"href":"https:\/\/espacetriathlon.com\/fr\/wp-json\/wp\/v2\/media\/53973"}],"wp:attachment":[{"href":"https:\/\/espacetriathlon.com\/fr\/wp-json\/wp\/v2\/media?parent=54026"}],"wp:term":[{"taxonomy":"product_brand","embeddable":true,"href":"https:\/\/espacetriathlon.com\/fr\/wp-json\/wp\/v2\/product_brand?post=54026"},{"taxonomy":"product_cat","embeddable":true,"href":"https:\/\/espacetriathlon.com\/fr\/wp-json\/wp\/v2\/product_cat?post=54026"},{"taxonomy":"product_tag","embeddable":true,"href":"https:\/\/espacetriathlon.com\/fr\/wp-json\/wp\/v2\/product_tag?post=54026"}],"curies":[{"name":"wp","href":"https:\/\/api.w.org\/{rel}","templated":true}]}}