{"id":54074,"date":"2025-08-18T11:39:17","date_gmt":"2025-08-18T11:39:17","guid":{"rendered":"https:\/\/espacetriathlon.com\/product\/pro-racing-socks-v4-0-high-ironman-white-sunrise\/"},"modified":"2025-08-18T11:39:17","modified_gmt":"2025-08-18T11:39:17","slug":"pro-racing-socks-v4-0-high-ironman-white-sunrise","status":"publish","type":"product","link":"https:\/\/espacetriathlon.com\/fr\/product\/pro-racing-socks-v4-0-high-ironman-white-sunrise\/","title":{"rendered":"Pro Racing Socks V4.0 High Ironman White Sunrise"},"content":{"rendered":"","protected":false},"excerpt":{"rendered":"<p>Chaussettes de course performantes de nouvelle g\u00e9n\u00e9ration offrant un confort sup\u00e9rieur, une pr\u00e9vention des ampoules et une ventilation optimale pour toutes vos courses.<\/p>\n","protected":false},"featured_media":54051,"template":"","meta":[],"product_brand":[],"product_cat":[1711,300],"product_tag":[],"class_list":{"0":"post-54074","1":"product","2":"type-product","3":"status-publish","4":"has-post-thumbnail","6":"product_cat-accessories-tri-3","7":"product_cat-run-accessories-triathlon-fr","8":"product_shipping_class-petitarticle-fr","9":"pa_brand-compressport","10":"pa_size_compressport-t1-35-38-fr","11":"pa_size_compressport-t2-39-41-fr","12":"pa_size_compressport-t3-42-44-fr","13":"pa_size_compressport-t4-45-48-fr","15":"first","16":"instock","17":"shipping-taxable","18":"purchasable","19":"product-type-variable"},"_links":{"self":[{"href":"https:\/\/espacetriathlon.com\/fr\/wp-json\/wp\/v2\/product\/54074","targetHints":{"allow":["GET"]}}],"collection":[{"href":"https:\/\/espacetriathlon.com\/fr\/wp-json\/wp\/v2\/product"}],"about":[{"href":"https:\/\/espacetriathlon.com\/fr\/wp-json\/wp\/v2\/types\/product"}],"version-history":[{"count":0,"href":"https:\/\/espacetriathlon.com\/fr\/wp-json\/wp\/v2\/product\/54074\/revisions"}],"wp:featuredmedia":[{"embeddable":true,"href":"https:\/\/espacetriathlon.com\/fr\/wp-json\/wp\/v2\/media\/54051"}],"wp:attachment":[{"href":"https:\/\/espacetriathlon.com\/fr\/wp-json\/wp\/v2\/media?parent=54074"}],"wp:term":[{"taxonomy":"product_brand","embeddable":true,"href":"https:\/\/espacetriathlon.com\/fr\/wp-json\/wp\/v2\/product_brand?post=54074"},{"taxonomy":"product_cat","embeddable":true,"href":"https:\/\/espacetriathlon.com\/fr\/wp-json\/wp\/v2\/product_cat?post=54074"},{"taxonomy":"product_tag","embeddable":true,"href":"https:\/\/espacetriathlon.com\/fr\/wp-json\/wp\/v2\/product_tag?post=54074"}],"curies":[{"name":"wp","href":"https:\/\/api.w.org\/{rel}","templated":true}]}}