{"id":54103,"date":"2025-08-18T12:23:39","date_gmt":"2025-08-18T12:23:39","guid":{"rendered":"https:\/\/espacetriathlon.com\/product\/armforce-ultralight-blanc\/"},"modified":"2025-08-18T12:23:39","modified_gmt":"2025-08-18T12:23:39","slug":"armforce-ultralight-blanc","status":"publish","type":"product","link":"https:\/\/espacetriathlon.com\/fr\/product\/armforce-ultralight-blanc\/","title":{"rendered":"Armforce ultralight blanc"},"content":{"rendered":"","protected":false},"excerpt":{"rendered":"<p>Manchette blanche l\u00e9g\u00e8re et polyvalente pour une thermor\u00e9gulation optimale quel que soit le sport ou la saison.<\/p>\n","protected":false},"featured_media":54099,"template":"","meta":[],"product_brand":[],"product_cat":[1711,279,300],"product_tag":[],"class_list":{"0":"post-54103","1":"product","2":"type-product","3":"status-publish","4":"has-post-thumbnail","6":"product_cat-accessories-tri-3","7":"product_cat-accessories-swim","8":"product_cat-run-accessories-triathlon-fr","9":"product_shipping_class-petitarticle-fr","10":"pa_brand-compressport","11":"pa_size_compressport2-t1-22-25-fr","12":"pa_size_compressport2-t2-26-28-fr","13":"pa_size_compressport2-t3-29-31-fr","14":"pa_size_compressport2-t4-31-34-fr","16":"first","17":"instock","18":"shipping-taxable","19":"purchasable","20":"product-type-variable"},"_links":{"self":[{"href":"https:\/\/espacetriathlon.com\/fr\/wp-json\/wp\/v2\/product\/54103","targetHints":{"allow":["GET"]}}],"collection":[{"href":"https:\/\/espacetriathlon.com\/fr\/wp-json\/wp\/v2\/product"}],"about":[{"href":"https:\/\/espacetriathlon.com\/fr\/wp-json\/wp\/v2\/types\/product"}],"version-history":[{"count":0,"href":"https:\/\/espacetriathlon.com\/fr\/wp-json\/wp\/v2\/product\/54103\/revisions"}],"wp:featuredmedia":[{"embeddable":true,"href":"https:\/\/espacetriathlon.com\/fr\/wp-json\/wp\/v2\/media\/54099"}],"wp:attachment":[{"href":"https:\/\/espacetriathlon.com\/fr\/wp-json\/wp\/v2\/media?parent=54103"}],"wp:term":[{"taxonomy":"product_brand","embeddable":true,"href":"https:\/\/espacetriathlon.com\/fr\/wp-json\/wp\/v2\/product_brand?post=54103"},{"taxonomy":"product_cat","embeddable":true,"href":"https:\/\/espacetriathlon.com\/fr\/wp-json\/wp\/v2\/product_cat?post=54103"},{"taxonomy":"product_tag","embeddable":true,"href":"https:\/\/espacetriathlon.com\/fr\/wp-json\/wp\/v2\/product_tag?post=54103"}],"curies":[{"name":"wp","href":"https:\/\/api.w.org\/{rel}","templated":true}]}}