{"id":54505,"date":"2025-08-22T12:17:34","date_gmt":"2025-08-22T12:17:34","guid":{"rendered":"https:\/\/espacetriathlon.com\/?post_type=product&#038;p=54505"},"modified":"2025-08-22T12:20:52","modified_gmt":"2025-08-22T12:20:52","slug":"apex-float-women-2024","status":"publish","type":"product","link":"https:\/\/espacetriathlon.com\/fr\/product\/apex-float-women-2024\/","title":{"rendered":"APEX Float Women (2024)"},"content":{"rendered":"<p>&#8220;40+ : Associ\u00e9e \u00e0 la doublure Infinity Skin 2, la technologie Yamamoto 40 int\u00e9gr\u00e9e aux combinaisons haut de gamme d\u2019Orca conf\u00e8re au nageur une sensation de libert\u00e9 maximale en eau libre. De plus, la doublure int\u00e8gre des fibres de bambou qui apportent une plus grande flexibilit\u00e9 tout en aidant \u00e0 r\u00e9duire la pr\u00e9sence de bact\u00e9ries et les mauvaises odeurs. Le traitement de surface Nano Ice SCS am\u00e9liore l&#8217;hydrodynamisme de la combinaison, r\u00e9duisant la friction avec l&#8217;eau et permettant au nageur de se d\u00e9placer plus rapidement. Ces trois technologies combin\u00e9es procurent \u00e0 l&#8217;athl\u00e8te une sensation de flexibilit\u00e9 maximale au niveau des \u00e9paules : le n\u00e9opr\u00e8ne s&#8217;\u00e9tire en exer\u00e7ant 72 % de force en moins.<\/p>\n<p>40 FS : Pour une libert\u00e9 de mouvement, une \u00e9lasticit\u00e9 et une flexibilit\u00e9 maximales, les combinaisons haut de gamme d\u2019Orca int\u00e8grent la technologie Yamamoto 40, combin\u00e9e \u00e0 la doublure Infinity Skin 2 et \u00e0 la finition de surface Smoothskin. Gr\u00e2ce \u00e0 cette construction, le nageur en eau libre b\u00e9n\u00e9ficie d&#8217;une amplitude de mouvement maximale au niveau des \u00e9paules, puisque ce n\u00e9opr\u00e8ne s&#8217;\u00e9tire avec 72 % de force en moins qu&#8217;un n\u00e9opr\u00e8ne conventionnel. Les fibres de bambou de la doublure int\u00e9rieure apportent de la souplesse \u00e0 chaque mouvement, tout en r\u00e9duisant les mauvaises odeurs et la pr\u00e9sence de bact\u00e9ries.<\/p>\n<p>40 PF : La doublure compressive Power-fit, associ\u00e9e \u00e0 la technologie haut de gamme Yamamoto 40 d&#8217;Orca, offre un ajustement parfait au niveau du torse, emp\u00eachant l\u2019eau de circuler \u00e0 travers la combinaison. De plus, le traitement de surface Nano Ice SCS augmente les propri\u00e9t\u00e9s hydrodynamiques du n\u00e9opr\u00e8ne, r\u00e9duisant la friction avec l&#8217;eau et permettant au nageur en eau libre d\u2019augmenter sa vitesse de d\u00e9placement.<\/p>\n<p>Exo-lift: Exo-lift est une construction de type sandwich qui combine une couche de n\u00e9opr\u00e8ne, la technologie Aerodrome, et une troisi\u00e8me couche de n\u00e9opr\u00e8ne int\u00e9rieur avec traitement sp\u00e9cifique qui rend la Predator encore plus r\u00e9sistante, avec une flottabilit\u00e9 maximale et 0% d\u2019absorption de l\u2019eau. Une petite aide pour maintenir une position hydrodynamique \u00e0 tout moment, m\u00eame lorsque vous fatiguez.&#8221;<\/p>\n","protected":false},"excerpt":{"rendered":"<p>Apex Float est la combinaison la plus flottante de la gamme Orca. Cette combinaison int\u00e8gre des technologies sp\u00e9cifiques pour une flottabilit\u00e9 maximale et pour aider \u00e0 corriger la technique, permettant aux nageurs de maintenir une posture hydrodynamique en eau libre. Elle int\u00e8gre \u00e9galement des mat\u00e9riaux hautement extensibles sur la partie sup\u00e9rieure du buste, ce qui favorise la libert\u00e9 de mouvement au niveau des bras.<\/p>\n<p>Mod\u00e8le 2024<\/p>\n","protected":false},"featured_media":54559,"template":"","meta":[],"product_brand":[],"product_cat":[2195,306],"product_tag":[],"class_list":{"0":"post-54505","1":"product","2":"type-product","3":"status-publish","4":"has-post-thumbnail","6":"product_cat-liquidations","7":"product_cat-wetsuit-neopren-fr","8":"pa_brand-orca","9":"pa_taille-orca-f-st-170-185-cm-60-67-kg-2","10":"pa_taille-orca-f-xst-157-167-cm-50-56-kg-2","11":"pa_taille-orca-f-xs-144-160cm-46-53kg-fr","12":"pa_taille-orca-f-s-157-167cm-54-61kg-fr","13":"pa_taille-orca-f-m-165-177cm-60-67kg-fr","14":"pa_taille-orca-f-l-170-185cm-66-74kg-fr","15":"pa_taille-orca-f-xl-177-189cm-73-79kg-fr","17":"first","18":"instock","19":"sale","20":"shipping-taxable","21":"purchasable","22":"product-type-variable"},"_links":{"self":[{"href":"https:\/\/espacetriathlon.com\/fr\/wp-json\/wp\/v2\/product\/54505","targetHints":{"allow":["GET"]}}],"collection":[{"href":"https:\/\/espacetriathlon.com\/fr\/wp-json\/wp\/v2\/product"}],"about":[{"href":"https:\/\/espacetriathlon.com\/fr\/wp-json\/wp\/v2\/types\/product"}],"version-history":[{"count":2,"href":"https:\/\/espacetriathlon.com\/fr\/wp-json\/wp\/v2\/product\/54505\/revisions"}],"predecessor-version":[{"id":54566,"href":"https:\/\/espacetriathlon.com\/fr\/wp-json\/wp\/v2\/product\/54505\/revisions\/54566"}],"wp:featuredmedia":[{"embeddable":true,"href":"https:\/\/espacetriathlon.com\/fr\/wp-json\/wp\/v2\/media\/54559"}],"wp:attachment":[{"href":"https:\/\/espacetriathlon.com\/fr\/wp-json\/wp\/v2\/media?parent=54505"}],"wp:term":[{"taxonomy":"product_brand","embeddable":true,"href":"https:\/\/espacetriathlon.com\/fr\/wp-json\/wp\/v2\/product_brand?post=54505"},{"taxonomy":"product_cat","embeddable":true,"href":"https:\/\/espacetriathlon.com\/fr\/wp-json\/wp\/v2\/product_cat?post=54505"},{"taxonomy":"product_tag","embeddable":true,"href":"https:\/\/espacetriathlon.com\/fr\/wp-json\/wp\/v2\/product_tag?post=54505"}],"curies":[{"name":"wp","href":"https:\/\/api.w.org\/{rel}","templated":true}]}}