{"id":54726,"date":"2025-08-22T13:12:57","date_gmt":"2025-08-22T13:12:57","guid":{"rendered":"https:\/\/espacetriathlon.com\/?post_type=product&#038;p=54726"},"modified":"2025-08-22T13:21:08","modified_gmt":"2025-08-22T13:21:08","slug":"apex-flow-women2024","status":"publish","type":"product","link":"https:\/\/espacetriathlon.com\/fr\/product\/apex-flow-women2024\/","title":{"rendered":"Apex Flow Women (2024)"},"content":{"rendered":"<p>44+: La technologie haut de gamme exclusive d\u2019Orca Yamamoto 44 est associ\u00e9e \u00e0 la doublure extr\u00eamement extensible Infinity Skin 2 pour procurer une sensation de libert\u00e9 maximale au niveau des \u00e9paules. Le traitement de surface Nano Ice SCS est utilis\u00e9 pour maximiser les propri\u00e9t\u00e9s hydrodynamiques, r\u00e9duisant la friction avec l&#8217;eau pour une vitesse maximale. La doublure int\u00e9rieure int\u00e8gre des fibres de bambou permettant une plus grande souplesse de mouvement, tout en r\u00e9duisant les odeurs et la pr\u00e9sence de bact\u00e9ries. Cette association offre une flexibilit\u00e9 maximale au niveau des \u00e9paules sur les combinaisons haut de gamme d\u2019Orca : elles s\u2019\u00e9tirent en exer\u00e7ant 90 % de force en moins que pour toute autre combinaison conventionnelle.<\/p>\n<p>40 FS: For maximum freedom of movement, elasticity and flexibility, Orca\u2019s high-end range combines Yamamoto 40 technology with Infinity Skin 2 lining and Smoothskin surface finish. This composition provides the open water swimmer with complete range of motion in the shoulder area. The material requires 72% less force to stretch than any other conventional neoprene. Bamboo fibers in the inner lining provide flexibility with each stroke, in addition to reducing odor and preventing the growth of bacteria.<\/p>\n<p>Exo-Lift is a sandwich-type construction which combines a neoprene layer, Aerodome technology and a third interior layer of neoprene which is treated specifically to make the Predator even more durable, achieving maximum buoyancy and 0% water absorption. A little boost to help you maintain a hydrodynamic position at all times, even when you&#8217;re tired.<\/p>\n<p>Exo-lift: Exo-lift est une construction de type sandwich qui combine une couche de n\u00e9opr\u00e8ne, la technologie Aerodrome, et une troisi\u00e8me couche de n\u00e9opr\u00e8ne int\u00e9rieur avec traitement sp\u00e9cifique qui rend la Predator encore plus r\u00e9sistante, avec une flottabilit\u00e9 maximale et 0% d\u2019absorption de l\u2019eau. Une petite aide pour maintenir une position hydrodynamique \u00e0 tout moment, m\u00eame lorsque vous fatiguez.<\/p>\n","protected":false},"excerpt":{"rendered":"<p>Gr\u00e2ce \u00e0 sa flexibilit\u00e9 et \u00e0 sa flottabilit\u00e9 uniques, l&#8217;Apex Flow est la combinaison la plus avanc\u00e9e de notre gamme. Con\u00e7ue pour les nageurs en eau libre les plus exigeants, cette combinaison est dot\u00e9e des meilleurs mat\u00e9riaux et technologies du march\u00e9. Elle est con\u00e7ue pour corriger la position du nageur dans l\u2019eau en maximisant l&#8217;\u00e9l\u00e8vement jambes dans l\u2019eau, repla\u00e7ant ainsi le corps dans la position la plus hydrodynamique possible.<\/p>\n<p>Mod\u00e8le 2024<\/p>\n","protected":false},"featured_media":49802,"template":"","meta":[],"product_brand":[],"product_cat":[2195,306],"product_tag":[],"class_list":{"0":"post-54726","1":"product","2":"type-product","3":"status-publish","4":"has-post-thumbnail","6":"product_cat-liquidations","7":"product_cat-wetsuit-neopren-fr","8":"pa_brand-orca","9":"pa_taille-orca-f-st-170-185-cm-60-67-kg-2","10":"pa_taille-orca-f-xst-157-167-cm-50-56-kg-2","11":"pa_taille-orca-f-xs-144-160cm-46-53kg-fr","12":"pa_taille-orca-f-s-157-167cm-54-61kg-fr","13":"pa_taille-orca-f-m-165-177cm-60-67kg-fr","14":"pa_taille-orca-f-l-170-185cm-66-74kg-fr","15":"pa_taille-orca-f-xl-177-189cm-73-79kg-fr","17":"first","18":"instock","19":"sale","20":"shipping-taxable","21":"purchasable","22":"product-type-variable"},"_links":{"self":[{"href":"https:\/\/espacetriathlon.com\/fr\/wp-json\/wp\/v2\/product\/54726","targetHints":{"allow":["GET"]}}],"collection":[{"href":"https:\/\/espacetriathlon.com\/fr\/wp-json\/wp\/v2\/product"}],"about":[{"href":"https:\/\/espacetriathlon.com\/fr\/wp-json\/wp\/v2\/types\/product"}],"version-history":[{"count":2,"href":"https:\/\/espacetriathlon.com\/fr\/wp-json\/wp\/v2\/product\/54726\/revisions"}],"predecessor-version":[{"id":54780,"href":"https:\/\/espacetriathlon.com\/fr\/wp-json\/wp\/v2\/product\/54726\/revisions\/54780"}],"wp:featuredmedia":[{"embeddable":true,"href":"https:\/\/espacetriathlon.com\/fr\/wp-json\/wp\/v2\/media\/49802"}],"wp:attachment":[{"href":"https:\/\/espacetriathlon.com\/fr\/wp-json\/wp\/v2\/media?parent=54726"}],"wp:term":[{"taxonomy":"product_brand","embeddable":true,"href":"https:\/\/espacetriathlon.com\/fr\/wp-json\/wp\/v2\/product_brand?post=54726"},{"taxonomy":"product_cat","embeddable":true,"href":"https:\/\/espacetriathlon.com\/fr\/wp-json\/wp\/v2\/product_cat?post=54726"},{"taxonomy":"product_tag","embeddable":true,"href":"https:\/\/espacetriathlon.com\/fr\/wp-json\/wp\/v2\/product_tag?post=54726"}],"curies":[{"name":"wp","href":"https:\/\/api.w.org\/{rel}","templated":true}]}}