{"id":54798,"date":"2025-08-24T10:14:39","date_gmt":"2025-08-24T10:14:39","guid":{"rendered":"https:\/\/espacetriathlon.com\/product\/linge-en-microfibre\/"},"modified":"2025-08-24T10:14:39","modified_gmt":"2025-08-24T10:14:39","slug":"linge-en-microfibre","status":"publish","type":"product","link":"https:\/\/espacetriathlon.com\/fr\/product\/linge-en-microfibre\/","title":{"rendered":"Linge en microfibre"},"content":{"rendered":"<p>Grande serviette de sport extr\u00eamement l\u00e9g\u00e8re et absorbante<br \/>\nMicrofibre extr\u00eamement l\u00e9g\u00e8re, absorbante et douce. Le mat\u00e9riau principal de ce produit est certifi\u00e9 par le Global Recycle Standard.<br \/>\n  Extra fin, id\u00e9al pour \u00eatre emport\u00e9 avec vous. Facile \u00e0 plier et dot\u00e9 d&#8217;un \u00e9lastique pour un rangement ais\u00e9. Dimensions : 150 x 90 cm<br \/>\n Id\u00e9al pour la piscine, le sport et les voyages<br \/>\n 90% polyester, 10% polyamide (respectueux de l&#8217;environnement : 100% du polyester est recycl\u00e9)  <\/p>\n","protected":false},"excerpt":{"rendered":"<p>150 x 90<br \/>\nArena<\/p>\n","protected":false},"featured_media":54794,"template":"","meta":[],"product_brand":[],"product_cat":[279],"product_tag":[],"class_list":{"0":"post-54798","1":"product","2":"type-product","3":"status-publish","4":"has-post-thumbnail","6":"product_cat-accessories-swim","7":"pa_brand-arena","8":"pa_color_n-navy-fr","9":"pa_color_n-pink-2","10":"pa_color_n-sage-fr","11":"pa_color_n-yellow-2","13":"first","14":"instock","15":"shipping-taxable","16":"purchasable","17":"product-type-variable"},"_links":{"self":[{"href":"https:\/\/espacetriathlon.com\/fr\/wp-json\/wp\/v2\/product\/54798","targetHints":{"allow":["GET"]}}],"collection":[{"href":"https:\/\/espacetriathlon.com\/fr\/wp-json\/wp\/v2\/product"}],"about":[{"href":"https:\/\/espacetriathlon.com\/fr\/wp-json\/wp\/v2\/types\/product"}],"version-history":[{"count":0,"href":"https:\/\/espacetriathlon.com\/fr\/wp-json\/wp\/v2\/product\/54798\/revisions"}],"wp:featuredmedia":[{"embeddable":true,"href":"https:\/\/espacetriathlon.com\/fr\/wp-json\/wp\/v2\/media\/54794"}],"wp:attachment":[{"href":"https:\/\/espacetriathlon.com\/fr\/wp-json\/wp\/v2\/media?parent=54798"}],"wp:term":[{"taxonomy":"product_brand","embeddable":true,"href":"https:\/\/espacetriathlon.com\/fr\/wp-json\/wp\/v2\/product_brand?post=54798"},{"taxonomy":"product_cat","embeddable":true,"href":"https:\/\/espacetriathlon.com\/fr\/wp-json\/wp\/v2\/product_cat?post=54798"},{"taxonomy":"product_tag","embeddable":true,"href":"https:\/\/espacetriathlon.com\/fr\/wp-json\/wp\/v2\/product_tag?post=54798"}],"curies":[{"name":"wp","href":"https:\/\/api.w.org\/{rel}","templated":true}]}}