{"id":54832,"date":"2025-08-24T10:35:23","date_gmt":"2025-08-24T10:35:23","guid":{"rendered":"https:\/\/espacetriathlon.com\/product\/cobra-edge-swipe-mirror\/"},"modified":"2025-11-25T09:35:07","modified_gmt":"2025-11-25T09:35:07","slug":"cobra-edge-swipe-mirror","status":"publish","type":"product","link":"https:\/\/espacetriathlon.com\/fr\/product\/cobra-edge-swipe-mirror\/","title":{"rendered":"Cobra Edge Swipe Mirror"},"content":{"rendered":"","protected":false},"excerpt":{"rendered":"<p>Ces lunettes de natation de comp\u00e9tition \u00e0 miroir offrent une combinaison imbattable de technologie, d&#8217;ajustement et de vision optimale. Avec la technologie antibu\u00e9e innovante Swipe.<br \/>\nSwipe : la meilleure protection contre la bu\u00e9e. La protection dure dix fois plus longtemps et peut \u00eatre r\u00e9activ\u00e9e en frottant l&#8217;int\u00e9rieur de la lentille avec votre doigt.<br \/>\nForme sp\u00e9ciale de la lentille pour une meilleure vision lat\u00e9rale et vers le haut. Design mince et hydrodynamique. Cinq ponts de nez interchangeables. Double bandeau. Protection UV.<br \/>\nApprouv\u00e9 par WORLD AQUATICS<br \/>\nCes lunettes de natation avec des verres semi-obscurs conviennent \u00e0 tous les domaines d&#8217;utilisation, \u00e0 des conditions de luminosit\u00e9 variables et \u00e0 une luminosit\u00e9 moyenne.      <\/p>\n","protected":false},"featured_media":54812,"template":"","meta":[],"product_brand":[],"product_cat":[282],"product_tag":[],"class_list":{"0":"post-54832","1":"product","2":"type-product","3":"status-publish","4":"has-post-thumbnail","6":"product_cat-lunettes","7":"pa_brand-arena","8":"pa_cobra-emerald-peacock-fr","9":"pa_cobra-emerald-plum-lime-fr","10":"pa_cobra-gold-white-black-fr","11":"pa_cobra-violet-white-black-fr","13":"first","14":"instock","15":"sale","16":"shipping-taxable","17":"purchasable","18":"product-type-variable"},"_links":{"self":[{"href":"https:\/\/espacetriathlon.com\/fr\/wp-json\/wp\/v2\/product\/54832","targetHints":{"allow":["GET"]}}],"collection":[{"href":"https:\/\/espacetriathlon.com\/fr\/wp-json\/wp\/v2\/product"}],"about":[{"href":"https:\/\/espacetriathlon.com\/fr\/wp-json\/wp\/v2\/types\/product"}],"version-history":[{"count":0,"href":"https:\/\/espacetriathlon.com\/fr\/wp-json\/wp\/v2\/product\/54832\/revisions"}],"wp:featuredmedia":[{"embeddable":true,"href":"https:\/\/espacetriathlon.com\/fr\/wp-json\/wp\/v2\/media\/54812"}],"wp:attachment":[{"href":"https:\/\/espacetriathlon.com\/fr\/wp-json\/wp\/v2\/media?parent=54832"}],"wp:term":[{"taxonomy":"product_brand","embeddable":true,"href":"https:\/\/espacetriathlon.com\/fr\/wp-json\/wp\/v2\/product_brand?post=54832"},{"taxonomy":"product_cat","embeddable":true,"href":"https:\/\/espacetriathlon.com\/fr\/wp-json\/wp\/v2\/product_cat?post=54832"},{"taxonomy":"product_tag","embeddable":true,"href":"https:\/\/espacetriathlon.com\/fr\/wp-json\/wp\/v2\/product_tag?post=54832"}],"curies":[{"name":"wp","href":"https:\/\/api.w.org\/{rel}","templated":true}]}}