{"id":55110,"date":"2025-08-26T15:36:24","date_gmt":"2025-08-26T15:36:24","guid":{"rendered":"https:\/\/espacetriathlon.com\/product\/swim-snorkel\/"},"modified":"2025-08-26T15:36:24","modified_gmt":"2025-08-26T15:36:24","slug":"swim-snorkel","status":"publish","type":"product","link":"https:\/\/espacetriathlon.com\/fr\/product\/swim-snorkel\/","title":{"rendered":"Swim Snorkel"},"content":{"rendered":"","protected":false},"excerpt":{"rendered":"<p>  Vous permet de respirer sous l&#8217;eau afin de vous concentrer sur votre technique de nage.<br \/>\n  La soupape d&#8217;expiration vous emp\u00eache d&#8217;inhaler de l&#8217;eau.<br \/>\n  Embout buccal doux et hypoallerg\u00e9nique, bandeau flexible et r\u00e9glable.<br \/>\n  Id\u00e9al pour les nageurs r\u00e9guliers et les nageurs de comp\u00e9tition.<\/p>\n","protected":false},"featured_media":55106,"template":"","meta":[],"product_brand":[],"product_cat":[288],"product_tag":[],"class_list":{"0":"post-55110","1":"product","2":"type-product","3":"status-publish","4":"has-post-thumbnail","6":"product_cat-snorkels-fr","7":"pa_brand-arena","8":"pa_color_n-black-2","9":"pa_color_n-sage-fr","11":"first","12":"instock","13":"shipping-taxable","14":"purchasable","15":"product-type-variable"},"_links":{"self":[{"href":"https:\/\/espacetriathlon.com\/fr\/wp-json\/wp\/v2\/product\/55110","targetHints":{"allow":["GET"]}}],"collection":[{"href":"https:\/\/espacetriathlon.com\/fr\/wp-json\/wp\/v2\/product"}],"about":[{"href":"https:\/\/espacetriathlon.com\/fr\/wp-json\/wp\/v2\/types\/product"}],"version-history":[{"count":0,"href":"https:\/\/espacetriathlon.com\/fr\/wp-json\/wp\/v2\/product\/55110\/revisions"}],"wp:featuredmedia":[{"embeddable":true,"href":"https:\/\/espacetriathlon.com\/fr\/wp-json\/wp\/v2\/media\/55106"}],"wp:attachment":[{"href":"https:\/\/espacetriathlon.com\/fr\/wp-json\/wp\/v2\/media?parent=55110"}],"wp:term":[{"taxonomy":"product_brand","embeddable":true,"href":"https:\/\/espacetriathlon.com\/fr\/wp-json\/wp\/v2\/product_brand?post=55110"},{"taxonomy":"product_cat","embeddable":true,"href":"https:\/\/espacetriathlon.com\/fr\/wp-json\/wp\/v2\/product_cat?post=55110"},{"taxonomy":"product_tag","embeddable":true,"href":"https:\/\/espacetriathlon.com\/fr\/wp-json\/wp\/v2\/product_tag?post=55110"}],"curies":[{"name":"wp","href":"https:\/\/api.w.org\/{rel}","templated":true}]}}