{"id":55834,"date":"2025-09-17T15:33:46","date_gmt":"2025-09-17T15:33:46","guid":{"rendered":"https:\/\/espacetriathlon.com\/product\/men-vitalis-high-visibility\/"},"modified":"2026-03-10T19:40:12","modified_gmt":"2026-03-10T19:40:12","slug":"men-vitalis-high-visibility","status":"publish","type":"product","link":"https:\/\/espacetriathlon.com\/fr\/product\/men-vitalis-high-visibility\/","title":{"rendered":"Men Vitalis High Visibility"},"content":{"rendered":"<p>Haute visibilit\u00e9<br \/>\nPour une s\u00e9curit\u00e9 maximale dans l&#8217;eau, la HI-VIS a \u00e9t\u00e9 con\u00e7ue avec une couleur orange haute visibilit\u00e9 qui permet aux bateaux, aux surfeurs et aux autres nageurs de vous localiser facilement lorsque vous nagez en eau libre.<br \/>\nElasticit\u00e9 :<br \/>\nLes mat\u00e9riaux hautement \u00e9lastiques utilis\u00e9s dans cette combinaison vous donneront plus de flexibilit\u00e9 pour votre nage.<\/p>\n","protected":false},"excerpt":{"rendered":"<p>La combinaison Openwater Vitalis Hi-Vis est sp\u00e9cialement con\u00e7ue pour nager et s&#8217;entra\u00eener en eau libre en toute s\u00e9curit\u00e9 et avec une visibilit\u00e9 maximale, gr\u00e2ce \u00e0 ses panneaux orange qui contrastent avec la couleur de la mer. Elle offre \u00e9galement le confort thermique n\u00e9cessaire pour maintenir une temp\u00e9rature corporelle id\u00e9ale sans sacrifier le mouvement. <\/p>\n","protected":false},"featured_media":55829,"template":"","meta":[],"product_brand":[],"product_cat":[270],"product_tag":[],"class_list":{"0":"post-55834","1":"product","2":"type-product","3":"status-publish","4":"has-post-thumbnail","6":"product_cat-openwater-fr","7":"pa_brand-orca","8":"pa_taille-orca-h-t5-162-172-cm-61-66-kg-fr","9":"pa_taille-orca-h-t6-167-175-cm-67-75-kg-fr","10":"pa_taille-orca-h-tmt-177-190-cm-68-76-kg","11":"pa_taille-orca-h-t7-173-185-cm-75-82-kg-fr","12":"pa_taille-orca-h-t8-180-188-cm-82-89-kg-fr","13":"pa_taille-orca-h-t9-185-193-cm-89-97-kg-fr","14":"pa_taille-orca-h-t10-190-196-cm-98-109-kg-fr","16":"first","17":"instock","18":"sale","19":"shipping-taxable","20":"purchasable","21":"product-type-variable"},"_links":{"self":[{"href":"https:\/\/espacetriathlon.com\/fr\/wp-json\/wp\/v2\/product\/55834","targetHints":{"allow":["GET"]}}],"collection":[{"href":"https:\/\/espacetriathlon.com\/fr\/wp-json\/wp\/v2\/product"}],"about":[{"href":"https:\/\/espacetriathlon.com\/fr\/wp-json\/wp\/v2\/types\/product"}],"version-history":[{"count":0,"href":"https:\/\/espacetriathlon.com\/fr\/wp-json\/wp\/v2\/product\/55834\/revisions"}],"wp:featuredmedia":[{"embeddable":true,"href":"https:\/\/espacetriathlon.com\/fr\/wp-json\/wp\/v2\/media\/55829"}],"wp:attachment":[{"href":"https:\/\/espacetriathlon.com\/fr\/wp-json\/wp\/v2\/media?parent=55834"}],"wp:term":[{"taxonomy":"product_brand","embeddable":true,"href":"https:\/\/espacetriathlon.com\/fr\/wp-json\/wp\/v2\/product_brand?post=55834"},{"taxonomy":"product_cat","embeddable":true,"href":"https:\/\/espacetriathlon.com\/fr\/wp-json\/wp\/v2\/product_cat?post=55834"},{"taxonomy":"product_tag","embeddable":true,"href":"https:\/\/espacetriathlon.com\/fr\/wp-json\/wp\/v2\/product_tag?post=55834"}],"curies":[{"name":"wp","href":"https:\/\/api.w.org\/{rel}","templated":true}]}}