{"id":56688,"date":"2025-10-05T18:09:36","date_gmt":"2025-10-05T18:09:36","guid":{"rendered":"https:\/\/espacetriathlon.com\/product\/femmes-vitalis-thermal-openwater\/"},"modified":"2025-10-05T18:09:36","modified_gmt":"2025-10-05T18:09:36","slug":"femmes-vitalis-thermal-openwater","status":"publish","type":"product","link":"https:\/\/espacetriathlon.com\/fr\/product\/femmes-vitalis-thermal-openwater\/","title":{"rendered":"Femmes Vitalis Thermal Openwater"},"content":{"rendered":"<p>Confort thermique<br \/>\nLes excellentes propri\u00e9t\u00e9s thermiques de cette combinaison ont \u00e9t\u00e9 obtenues gr\u00e2ce \u00e0 la construction de panneaux d&#8217;une \u00e9paisseur allant jusqu&#8217;\u00e0 5 mm et \u00e0 la doublure int\u00e9rieure Thermal X. De plus, sa capuche &#8220;Batwing&#8221; emp\u00eache l&#8217;entr\u00e9e d&#8217;eau froide par le cou et la fermeture \u00e9clair, pour une meilleure conservation de la chaleur corporelle.<x id=\"gid_1\"><\/x>Elasticit\u00e9<x id=\"gid_2\"><\/x>Les technologies 39+ et 39FS sont incorpor\u00e9es dans les \u00e9paules et les aisselles pour am\u00e9liorer l&#8217;\u00e9lasticit\u00e9 de cette combinaison.<x id=\"gid_3\"><\/x>Flottabilit\u00e9 \u00e9lev\u00e9e et neutre<x id=\"gid_4\"><\/x>Les panneaux de grande \u00e9paisseur situ\u00e9s sur le torse offrent un niveau \u00e9lev\u00e9 de flottabilit\u00e9, ce qui assure une plus grande s\u00e9curit\u00e9 en eau libre. De plus, gr\u00e2ce \u00e0 sa construction, elle a un niveau de flottabilit\u00e9 neutre.<br \/>\nConfort<br \/>\nLe tissu int\u00e9rieur Thermal X est doux et confortable, offrant un grand confort lorsque vous nagez dans des eaux froides.  <\/p>\n<p>Composition : N\u00e9opr\u00e8ne : 95 %, Polyamide (Nylon) : 5 %<\/p>\n","protected":false},"excerpt":{"rendered":"<p>Evolution du RS1 Thermal, con\u00e7u avec une isolation thermique \u00e9lev\u00e9e.<\/p>\n<p>La Vitalis Thermal est une combinaison thermiquement confortable pour les nageurs en eau libre. Elle combine des technologies sp\u00e9cifiques de r\u00e9tention de la chaleur comme la technologie Thermal X et des technologies d&#8217;\u00e9tanch\u00e9it\u00e9 comme une deuxi\u00e8me couche de n\u00e9opr\u00e8ne &#8220;batwing&#8221;, qui emp\u00eache l&#8217;eau de p\u00e9n\u00e9trer dans la fermeture \u00e9clair et la zone du cou. Les panneaux de grande \u00e9paisseur offrent au nageur une excellente flottabilit\u00e9 qui l&#8217;aide \u00e0 conserver son \u00e9nergie lors des sessions par temps froid.  <\/p>\n","protected":false},"featured_media":56684,"template":"","meta":[],"product_brand":[],"product_cat":[270],"product_tag":[],"class_list":{"0":"post-56688","1":"product","2":"type-product","3":"status-publish","4":"has-post-thumbnail","6":"product_cat-openwater-fr","7":"pa_brand-orca","8":"pa_taille-orca-f-xs-144-160cm-46-53kg-fr","9":"pa_taille-orca-f-s-157-167cm-54-61kg-fr","10":"pa_taille-orca-f-m-165-177cm-60-67kg-fr","11":"pa_taille-orca-f-l-170-185cm-66-74kg-fr","12":"pa_taille-orca-f-xl-177-189cm-73-79kg-fr","14":"first","15":"instock","16":"shipping-taxable","17":"purchasable","18":"product-type-variable"},"_links":{"self":[{"href":"https:\/\/espacetriathlon.com\/fr\/wp-json\/wp\/v2\/product\/56688","targetHints":{"allow":["GET"]}}],"collection":[{"href":"https:\/\/espacetriathlon.com\/fr\/wp-json\/wp\/v2\/product"}],"about":[{"href":"https:\/\/espacetriathlon.com\/fr\/wp-json\/wp\/v2\/types\/product"}],"version-history":[{"count":0,"href":"https:\/\/espacetriathlon.com\/fr\/wp-json\/wp\/v2\/product\/56688\/revisions"}],"wp:featuredmedia":[{"embeddable":true,"href":"https:\/\/espacetriathlon.com\/fr\/wp-json\/wp\/v2\/media\/56684"}],"wp:attachment":[{"href":"https:\/\/espacetriathlon.com\/fr\/wp-json\/wp\/v2\/media?parent=56688"}],"wp:term":[{"taxonomy":"product_brand","embeddable":true,"href":"https:\/\/espacetriathlon.com\/fr\/wp-json\/wp\/v2\/product_brand?post=56688"},{"taxonomy":"product_cat","embeddable":true,"href":"https:\/\/espacetriathlon.com\/fr\/wp-json\/wp\/v2\/product_cat?post=56688"},{"taxonomy":"product_tag","embeddable":true,"href":"https:\/\/espacetriathlon.com\/fr\/wp-json\/wp\/v2\/product_tag?post=56688"}],"curies":[{"name":"wp","href":"https:\/\/api.w.org\/{rel}","templated":true}]}}