{"id":56888,"date":"2025-10-15T13:18:29","date_gmt":"2025-10-15T13:18:29","guid":{"rendered":"https:\/\/espacetriathlon.com\/product\/flying-fiesta-secure-avec-protection-periodique\/"},"modified":"2025-10-15T13:22:55","modified_gmt":"2025-10-15T13:22:55","slug":"flying-fiesta-secure-avec-protection-periodique","status":"publish","type":"product","link":"https:\/\/espacetriathlon.com\/fr\/product\/flying-fiesta-secure-avec-protection-periodique\/","title":{"rendered":"Flying Fiesta Secure (avec protection p\u00e9riodique)"},"content":{"rendered":"","protected":false},"excerpt":{"rendered":"<p>Il comporte des bretelles fines, une hauteur de jambe mod\u00e9r\u00e9e et une couverture arri\u00e8re, ainsi qu&#8217;un soufflet discret et absorbant pour offrir une l\u00e9g\u00e8re protection contre les \u00e9coulements pendant les r\u00e8gles, afin que vous puissiez continuer \u00e0 nager en toute confiance.<\/p>\n","protected":false},"featured_media":56883,"template":"","meta":[],"product_brand":[],"product_cat":[546],"product_tag":[],"class_list":{"0":"post-56888","1":"product","2":"type-product","3":"status-publish","4":"has-post-thumbnail","6":"product_cat-femmes","7":"product_shipping_class-petitarticle-fr","8":"pa_brand-funkita","9":"pa_swim_f-d34-xs-f36-30-fr","10":"pa_swim_f-d36-s-f38-32-fr","11":"pa_swim_f-d38-m-f40-34-fr","12":"pa_swim_f-d40-l-f42-36-fr","14":"first","15":"instock","16":"shipping-taxable","17":"purchasable","18":"product-type-variable"},"_links":{"self":[{"href":"https:\/\/espacetriathlon.com\/fr\/wp-json\/wp\/v2\/product\/56888","targetHints":{"allow":["GET"]}}],"collection":[{"href":"https:\/\/espacetriathlon.com\/fr\/wp-json\/wp\/v2\/product"}],"about":[{"href":"https:\/\/espacetriathlon.com\/fr\/wp-json\/wp\/v2\/types\/product"}],"version-history":[{"count":1,"href":"https:\/\/espacetriathlon.com\/fr\/wp-json\/wp\/v2\/product\/56888\/revisions"}],"predecessor-version":[{"id":56904,"href":"https:\/\/espacetriathlon.com\/fr\/wp-json\/wp\/v2\/product\/56888\/revisions\/56904"}],"wp:featuredmedia":[{"embeddable":true,"href":"https:\/\/espacetriathlon.com\/fr\/wp-json\/wp\/v2\/media\/56883"}],"wp:attachment":[{"href":"https:\/\/espacetriathlon.com\/fr\/wp-json\/wp\/v2\/media?parent=56888"}],"wp:term":[{"taxonomy":"product_brand","embeddable":true,"href":"https:\/\/espacetriathlon.com\/fr\/wp-json\/wp\/v2\/product_brand?post=56888"},{"taxonomy":"product_cat","embeddable":true,"href":"https:\/\/espacetriathlon.com\/fr\/wp-json\/wp\/v2\/product_cat?post=56888"},{"taxonomy":"product_tag","embeddable":true,"href":"https:\/\/espacetriathlon.com\/fr\/wp-json\/wp\/v2\/product_tag?post=56888"}],"curies":[{"name":"wp","href":"https:\/\/api.w.org\/{rel}","templated":true}]}}