{"id":56927,"date":"2025-10-15T17:46:40","date_gmt":"2025-10-15T17:46:40","guid":{"rendered":"https:\/\/espacetriathlon.com\/product\/openwater-zeal-thermal-hommes\/"},"modified":"2025-10-15T17:46:40","modified_gmt":"2025-10-15T17:46:40","slug":"openwater-zeal-thermal-hommes","status":"publish","type":"product","link":"https:\/\/espacetriathlon.com\/fr\/product\/openwater-zeal-thermal-hommes\/","title":{"rendered":"Openwater Zeal Thermal Hommes"},"content":{"rendered":"<p>Confort thermique sup\u00e9rieur<br \/>\nIl s&#8217;agit de la combinaison la plus isol\u00e9e thermiquement de la gamme Orca, avec des panneaux d&#8217;une \u00e9paisseur allant jusqu&#8217;\u00e0 5 mm, ainsi qu&#8217;une doublure int\u00e9rieure Thermal X2 et une capuche &#8220;Batwing&#8221;. L&#8217;ajustement serr\u00e9 du cou et des membres ainsi que le joint de la fermeture \u00e9clair de la combinaison (Batwing) emp\u00eachent la p\u00e9n\u00e9tration de l&#8217;eau froide, ce qui am\u00e9liore encore le confort thermique.<x id=\"gid_1\"><\/x>Elasticit\u00e9 maximale<x id=\"gid_2\"><\/x>La combinaison de technologies visant \u00e0 une \u00e9lasticit\u00e9 maximale, comme Yamamoto 40X+, permet une excellente libert\u00e9 de mouvement dans l&#8217;eau froide malgr\u00e9 l&#8217;\u00e9paisseur de cette combinaison. L&#8217;\u00e9lasticit\u00e9 de la doublure thermique Thermal X donne aux panneaux de 5 mm les m\u00eames propri\u00e9t\u00e9s \u00e9lastiques que les panneaux conventionnels plus fins.<x id=\"gid_3\"><\/x>Flottabilit\u00e9 \u00e9lev\u00e9e et neutre<x id=\"gid_4\"><\/x>Les panneaux tr\u00e8s \u00e9pais situ\u00e9s dans le torse fournissent un niveau \u00e9lev\u00e9 de flottabilit\u00e9, pour la s\u00e9curit\u00e9 en eau libre. De plus, leur combinaison lui conf\u00e8re une flottabilit\u00e9 neutre.<br \/>\nConfort<br \/>\nL&#8217;ajustement serr\u00e9 aux extr\u00e9mit\u00e9s et les tissus confortables des doublures int\u00e9rieures Thermal X et Thermal X2 font de cette combinaison l&#8217;une des plus confortables de la gamme Orca.   <\/p>\n","protected":false},"excerpt":{"rendered":"<p>La combinaison Zeal Thermal est l&#8217;\u00e9volution de la combinaison Openwater RS1 Thermal.<\/p>\n<p>La Zeal Thermal est la combinaison la plus confortable thermiquement de la gamme Orca. Elle est dot\u00e9e d&#8217;une technologie permettant une r\u00e9tention maximale de la chaleur, comme sa doublure int\u00e9rieure Thermal X2 et sa deuxi\u00e8me couche de n\u00e9opr\u00e8ne &#8220;batwing&#8221;, qui emp\u00eache l&#8217;eau de p\u00e9n\u00e9trer dans la zone de la fermeture \u00e9clair et du cou. Les panneaux de grande \u00e9paisseur assurent une flottabilit\u00e9 \u00e9lev\u00e9e sans affecter la flexibilit\u00e9, gr\u00e2ce \u00e0 l&#8217;utilisation de la technologie Yamamoto 40+ qui offre une \u00e9lasticit\u00e9 maximale, pour une libert\u00e9 de mouvement totale dans l&#8217;eau froide.  <\/p>\n<p>Profitez des commodit\u00e9s du sac \u00e0 dos en maille et des gants en tricot, inclus avec l&#8217;achat du Zeal Thermal. Ces accessoires vous permettent de ranger, de transporter et d&#8217;enfiler votre n\u00e9opr\u00e8ne sans endommager le mat\u00e9riau. <\/p>\n","protected":false},"featured_media":56922,"template":"","meta":[],"product_brand":[],"product_cat":[270],"product_tag":[],"class_list":{"0":"post-56927","1":"product","2":"type-product","3":"status-publish","4":"has-post-thumbnail","6":"product_cat-openwater-fr","7":"pa_brand-orca","8":"pa_taille-orca-h-t6-167-175-cm-67-75-kg-fr","9":"pa_taille-orca-h-tmt-177-190-cm-68-76-kg","10":"pa_taille-orca-h-t7-173-185-cm-75-82-kg-fr","11":"pa_taille-orca-h-t8-180-188-cm-82-89-kg-fr","13":"first","14":"instock","15":"shipping-taxable","16":"purchasable","17":"product-type-variable"},"_links":{"self":[{"href":"https:\/\/espacetriathlon.com\/fr\/wp-json\/wp\/v2\/product\/56927","targetHints":{"allow":["GET"]}}],"collection":[{"href":"https:\/\/espacetriathlon.com\/fr\/wp-json\/wp\/v2\/product"}],"about":[{"href":"https:\/\/espacetriathlon.com\/fr\/wp-json\/wp\/v2\/types\/product"}],"version-history":[{"count":0,"href":"https:\/\/espacetriathlon.com\/fr\/wp-json\/wp\/v2\/product\/56927\/revisions"}],"wp:featuredmedia":[{"embeddable":true,"href":"https:\/\/espacetriathlon.com\/fr\/wp-json\/wp\/v2\/media\/56922"}],"wp:attachment":[{"href":"https:\/\/espacetriathlon.com\/fr\/wp-json\/wp\/v2\/media?parent=56927"}],"wp:term":[{"taxonomy":"product_brand","embeddable":true,"href":"https:\/\/espacetriathlon.com\/fr\/wp-json\/wp\/v2\/product_brand?post=56927"},{"taxonomy":"product_cat","embeddable":true,"href":"https:\/\/espacetriathlon.com\/fr\/wp-json\/wp\/v2\/product_cat?post=56927"},{"taxonomy":"product_tag","embeddable":true,"href":"https:\/\/espacetriathlon.com\/fr\/wp-json\/wp\/v2\/product_tag?post=56927"}],"curies":[{"name":"wp","href":"https:\/\/api.w.org\/{rel}","templated":true}]}}