{"id":57094,"date":"2025-10-23T19:23:18","date_gmt":"2025-10-23T19:23:18","guid":{"rendered":"https:\/\/espacetriathlon.com\/product\/pochette-sweetie-tweetie\/"},"modified":"2025-10-23T19:23:18","modified_gmt":"2025-10-23T19:23:18","slug":"pochette-sweetie-tweetie","status":"publish","type":"product","link":"https:\/\/espacetriathlon.com\/fr\/product\/pochette-sweetie-tweetie\/","title":{"rendered":"Pochette Sweetie Tweetie"},"content":{"rendered":"","protected":false},"excerpt":{"rendered":"<p>Fabriqu\u00e9e en silicone souple, elle est dot\u00e9e d&#8217;une dragonne et d&#8217;une fermeture \u00e0 glissi\u00e8re. Bien qu&#8217;elle ne soit pas \u00e9tanche, la pochette prot\u00e9gera votre t\u00e9l\u00e9phone ou vos petits effets personnels des chutes \u00e0 la piscine ou du sable \u00e0 la plage. 17 cm x 10 cm, 2,5 cm d&#8217;\u00e9paisseur.  <\/p>\n","protected":false},"featured_media":57082,"template":"","meta":[],"product_brand":[],"product_cat":[279],"product_tag":[],"class_list":{"0":"post-57094","1":"product","2":"type-product","3":"status-publish","4":"has-post-thumbnail","6":"product_cat-accessories-swim","7":"pa_brand-funkita","9":"first","10":"instock","11":"shipping-taxable","12":"purchasable","13":"product-type-simple"},"_links":{"self":[{"href":"https:\/\/espacetriathlon.com\/fr\/wp-json\/wp\/v2\/product\/57094","targetHints":{"allow":["GET"]}}],"collection":[{"href":"https:\/\/espacetriathlon.com\/fr\/wp-json\/wp\/v2\/product"}],"about":[{"href":"https:\/\/espacetriathlon.com\/fr\/wp-json\/wp\/v2\/types\/product"}],"version-history":[{"count":0,"href":"https:\/\/espacetriathlon.com\/fr\/wp-json\/wp\/v2\/product\/57094\/revisions"}],"wp:featuredmedia":[{"embeddable":true,"href":"https:\/\/espacetriathlon.com\/fr\/wp-json\/wp\/v2\/media\/57082"}],"wp:attachment":[{"href":"https:\/\/espacetriathlon.com\/fr\/wp-json\/wp\/v2\/media?parent=57094"}],"wp:term":[{"taxonomy":"product_brand","embeddable":true,"href":"https:\/\/espacetriathlon.com\/fr\/wp-json\/wp\/v2\/product_brand?post=57094"},{"taxonomy":"product_cat","embeddable":true,"href":"https:\/\/espacetriathlon.com\/fr\/wp-json\/wp\/v2\/product_cat?post=57094"},{"taxonomy":"product_tag","embeddable":true,"href":"https:\/\/espacetriathlon.com\/fr\/wp-json\/wp\/v2\/product_tag?post=57094"}],"curies":[{"name":"wp","href":"https:\/\/api.w.org\/{rel}","templated":true}]}}