{"id":58282,"date":"2025-11-18T14:32:30","date_gmt":"2025-11-18T14:32:30","guid":{"rendered":"https:\/\/espacetriathlon.com\/product\/venom-hero-homme-dark-blue-tiffany\/"},"modified":"2025-11-22T19:48:56","modified_gmt":"2025-11-22T19:48:56","slug":"venom-hero-homme-dark-blue-tiffany","status":"publish","type":"product","link":"https:\/\/espacetriathlon.com\/fr\/product\/venom-hero-homme-dark-blue-tiffany\/","title":{"rendered":"Venom Hero Homme Dark blue Tiffany"},"content":{"rendered":"<p>V = v\u00e9locit\u00e9 &#8211; notre objectif premier en cr\u00e9ant ce produit : cr\u00e9er la combinaison de course la plus performante qui soit ; E = ing\u00e9nierie &#8211; le r\u00e9sultat du travail collaboratif de notre d\u00e9partement de recherche et d\u00e9veloppement ; N = nouveau &#8211; nouveau dans sa cat\u00e9gorie, nouveau dans sa technologie, nouveau dans son design ; O = original &#8211; \u00e0 l&#8217;origine par AKRON ; M = fabrication &#8211; car 100% de notre gamme comp\u00e9tition est fi\u00e8rement fabriqu\u00e9e en Italie.<\/p>\n<p>&nbsp;<\/p>\n","protected":false},"excerpt":{"rendered":"<p>Agr\u00e9ment INA : agr\u00e9\u00e9 par la FINA pour les comp\u00e9titions nationales et internationales de natation. Les maillots de bain approuv\u00e9s par la FINA ont un code-barres unique de la FINA imprim\u00e9 sur le maillot de bain, ce qui le rend facilement identifiable pour les officiels de la natation. VENOM, con\u00e7u pour la vitesse, repr\u00e9sentera la ligne &#8220;Premium&#8221; d&#8217;AKRON. La construction ergonomique plate des soudures aide les groupes musculaires cl\u00e9s \u00e0 r\u00e9cup\u00e9rer plus rapidement et double les couches de compression. La conception de la bande externe est destin\u00e9e \u00e0 am\u00e9liorer la turbulence hydrodynamique, \u00e0 r\u00e9duire la p\u00e9n\u00e9tration de l&#8217;eau et \u00e0 d\u00e9velopper la glisse. La bande miroir en double C donne la sensation de soulever le bassin pendant la natation et permet une grande amplitude de mouvement.     <\/p>\n<p>&nbsp;<\/p>\n","protected":false},"featured_media":58277,"template":"","meta":[],"product_brand":[],"product_cat":[837],"product_tag":[],"class_list":{"0":"post-58282","1":"product","2":"type-product","3":"status-publish","4":"has-post-thumbnail","6":"product_cat-maillots-competition","7":"pa_akron_cm-20-00-waist-70-74-hip-87-91-2","8":"pa_akron_cm-22-0-waist-74-78-hip-91-95-2","9":"pa_akron_cm-24-1-waist-78-82-hip-95-99-2","10":"pa_akron_cm-26-2-waist-82-86-hip-99-103-2","11":"pa_akron_cm-28-3-waist-86-90-hip-103-107-2","12":"pa_akron_cm-30-4-waist90-94-hip-107-111-2","13":"pa_brand-akron","15":"first","16":"instock","17":"sale","18":"shipping-taxable","19":"purchasable","20":"product-type-variable"},"_links":{"self":[{"href":"https:\/\/espacetriathlon.com\/fr\/wp-json\/wp\/v2\/product\/58282","targetHints":{"allow":["GET"]}}],"collection":[{"href":"https:\/\/espacetriathlon.com\/fr\/wp-json\/wp\/v2\/product"}],"about":[{"href":"https:\/\/espacetriathlon.com\/fr\/wp-json\/wp\/v2\/types\/product"}],"version-history":[{"count":1,"href":"https:\/\/espacetriathlon.com\/fr\/wp-json\/wp\/v2\/product\/58282\/revisions"}],"predecessor-version":[{"id":58340,"href":"https:\/\/espacetriathlon.com\/fr\/wp-json\/wp\/v2\/product\/58282\/revisions\/58340"}],"wp:featuredmedia":[{"embeddable":true,"href":"https:\/\/espacetriathlon.com\/fr\/wp-json\/wp\/v2\/media\/58277"}],"wp:attachment":[{"href":"https:\/\/espacetriathlon.com\/fr\/wp-json\/wp\/v2\/media?parent=58282"}],"wp:term":[{"taxonomy":"product_brand","embeddable":true,"href":"https:\/\/espacetriathlon.com\/fr\/wp-json\/wp\/v2\/product_brand?post=58282"},{"taxonomy":"product_cat","embeddable":true,"href":"https:\/\/espacetriathlon.com\/fr\/wp-json\/wp\/v2\/product_cat?post=58282"},{"taxonomy":"product_tag","embeddable":true,"href":"https:\/\/espacetriathlon.com\/fr\/wp-json\/wp\/v2\/product_tag?post=58282"}],"curies":[{"name":"wp","href":"https:\/\/api.w.org\/{rel}","templated":true}]}}