{"id":58375,"date":"2025-11-25T20:50:59","date_gmt":"2025-11-25T20:50:59","guid":{"rendered":"https:\/\/espacetriathlon.com\/product\/pro-2-0-short-sleeves-tri-suit-men-aegean\/"},"modified":"2025-11-25T20:50:59","modified_gmt":"2025-11-25T20:50:59","slug":"pro-2-0-short-sleeves-tri-suit-men-aegean","status":"publish","type":"product","link":"https:\/\/espacetriathlon.com\/fr\/product\/pro-2-0-short-sleeves-tri-suit-men-aegean\/","title":{"rendered":"Pro 2.0 Short Sleeves Tri Suit Men Aegean"},"content":{"rendered":"<p>Sublimation de couleurs r\u00e9sistantes<\/p>\n<p>Fermeture \u00e0 glissi\u00e8re compl\u00e8te<\/p>\n<p>Nylon spandex haute performance<\/p>\n<p>Biais anti-frottement<\/p>\n<p>Avec deux poches en filet<\/p>\n","protected":false},"excerpt":{"rendered":"<div class=\"product__description rte quick-add-hidden\">\n<p>La <strong>combinaison de triathlon \u00e0 manches courtes Pro 2.0 pour hommes<\/strong> est con\u00e7ue pour la vitesse, le confort et l&#8217;endurance. Dot\u00e9e d&#8217;un tissu a\u00e9rodynamique avanc\u00e9 et d&#8217;une coupe seconde peau, elle am\u00e9liore les performances dans les trois disciplines. La mati\u00e8re respirante \u00e0 s\u00e9chage rapide vous permet de rester au frais, tandis que la peau de chamois int\u00e9gr\u00e9e vous soutient pendant la course. Avec une fermeture \u00e0 glissi\u00e8re sur toute la longueur et des poches arri\u00e8re pour les \u00e9l\u00e9ments essentiels de la course, cette combinaison est votre ultime avantage le jour de la course.   <\/p>\n<p>&nbsp;<\/p>\n<\/div>\n","protected":false},"featured_media":58369,"template":"","meta":[],"product_brand":[],"product_cat":[1703],"product_tag":[],"class_list":{"0":"post-58375","1":"product","2":"type-product","3":"status-publish","4":"has-post-thumbnail","6":"product_cat-gear-fr","7":"pa_brand-synergy","8":"pa_size-m-fr","9":"pa_size-l-fr","10":"pa_size-xl-fr","11":"pa_size-xxl-fr","13":"first","14":"instock","15":"shipping-taxable","16":"purchasable","17":"product-type-variable"},"_links":{"self":[{"href":"https:\/\/espacetriathlon.com\/fr\/wp-json\/wp\/v2\/product\/58375","targetHints":{"allow":["GET"]}}],"collection":[{"href":"https:\/\/espacetriathlon.com\/fr\/wp-json\/wp\/v2\/product"}],"about":[{"href":"https:\/\/espacetriathlon.com\/fr\/wp-json\/wp\/v2\/types\/product"}],"version-history":[{"count":0,"href":"https:\/\/espacetriathlon.com\/fr\/wp-json\/wp\/v2\/product\/58375\/revisions"}],"wp:featuredmedia":[{"embeddable":true,"href":"https:\/\/espacetriathlon.com\/fr\/wp-json\/wp\/v2\/media\/58369"}],"wp:attachment":[{"href":"https:\/\/espacetriathlon.com\/fr\/wp-json\/wp\/v2\/media?parent=58375"}],"wp:term":[{"taxonomy":"product_brand","embeddable":true,"href":"https:\/\/espacetriathlon.com\/fr\/wp-json\/wp\/v2\/product_brand?post=58375"},{"taxonomy":"product_cat","embeddable":true,"href":"https:\/\/espacetriathlon.com\/fr\/wp-json\/wp\/v2\/product_cat?post=58375"},{"taxonomy":"product_tag","embeddable":true,"href":"https:\/\/espacetriathlon.com\/fr\/wp-json\/wp\/v2\/product_tag?post=58375"}],"curies":[{"name":"wp","href":"https:\/\/api.w.org\/{rel}","templated":true}]}}