{"id":58533,"date":"2025-11-26T07:49:44","date_gmt":"2025-11-26T07:49:44","guid":{"rendered":"https:\/\/espacetriathlon.com\/product\/pro-short-sleeves-tri-suit-men-gold-red\/"},"modified":"2025-11-26T07:49:44","modified_gmt":"2025-11-26T07:49:44","slug":"pro-short-sleeves-tri-suit-men-gold-red","status":"publish","type":"product","link":"https:\/\/espacetriathlon.com\/fr\/product\/pro-short-sleeves-tri-suit-men-gold-red\/","title":{"rendered":"Pro Short Sleeves Tri Suit Men Gold Red"},"content":{"rendered":"<p>Sublimation de couleurs inalt\u00e9rables<\/p>\n<p>Biais anti-frottement<\/p>\n<p>Nylon spandex haute performance<\/p>\n<p>Coussin fin et de qualit\u00e9 sup\u00e9rieure<\/p>\n","protected":false},"excerpt":{"rendered":"<p>Cette combinaison fait tout et va partout. Repoussant l&#8217;eau pour les nages sans combinaison, tout en optimisant la respirabilit\u00e9 pour le cyclisme et la course \u00e0 pied, c&#8217;est une solution unique pour le triathl\u00e8te qui veut minimiser le temps de transition. Excellente pour les courses et l&#8217;entra\u00eenement. La combinaison Synergy Tri est notre mod\u00e8le le plus vendu et pour cause. La combinaison est fabriqu\u00e9e \u00e0 partir d&#8217;un nylon-spandex aquaphobe connu pour son confort, sa respirabilit\u00e9 et ses qualit\u00e9s de compression.    <\/p>\n","protected":false},"featured_media":58524,"template":"","meta":[],"product_brand":[],"product_cat":[1703],"product_tag":[],"class_list":{"0":"post-58533","1":"product","2":"type-product","3":"status-publish","4":"has-post-thumbnail","6":"product_cat-gear-fr","7":"pa_brand-synergy","8":"pa_size-m-fr","9":"pa_size-l-fr","10":"pa_size-xl-fr","12":"first","13":"instock","14":"shipping-taxable","15":"purchasable","16":"product-type-variable"},"_links":{"self":[{"href":"https:\/\/espacetriathlon.com\/fr\/wp-json\/wp\/v2\/product\/58533","targetHints":{"allow":["GET"]}}],"collection":[{"href":"https:\/\/espacetriathlon.com\/fr\/wp-json\/wp\/v2\/product"}],"about":[{"href":"https:\/\/espacetriathlon.com\/fr\/wp-json\/wp\/v2\/types\/product"}],"version-history":[{"count":0,"href":"https:\/\/espacetriathlon.com\/fr\/wp-json\/wp\/v2\/product\/58533\/revisions"}],"wp:featuredmedia":[{"embeddable":true,"href":"https:\/\/espacetriathlon.com\/fr\/wp-json\/wp\/v2\/media\/58524"}],"wp:attachment":[{"href":"https:\/\/espacetriathlon.com\/fr\/wp-json\/wp\/v2\/media?parent=58533"}],"wp:term":[{"taxonomy":"product_brand","embeddable":true,"href":"https:\/\/espacetriathlon.com\/fr\/wp-json\/wp\/v2\/product_brand?post=58533"},{"taxonomy":"product_cat","embeddable":true,"href":"https:\/\/espacetriathlon.com\/fr\/wp-json\/wp\/v2\/product_cat?post=58533"},{"taxonomy":"product_tag","embeddable":true,"href":"https:\/\/espacetriathlon.com\/fr\/wp-json\/wp\/v2\/product_tag?post=58533"}],"curies":[{"name":"wp","href":"https:\/\/api.w.org\/{rel}","templated":true}]}}