{"id":58749,"date":"2025-11-26T12:43:46","date_gmt":"2025-11-26T12:43:46","guid":{"rendered":"https:\/\/espacetriathlon.com\/?post_type=product&#038;p=58749"},"modified":"2025-11-26T12:54:38","modified_gmt":"2025-11-26T12:54:38","slug":"elite-sleeveless-tri-suit-men-smoke-gray","status":"publish","type":"product","link":"https:\/\/espacetriathlon.com\/fr\/product\/elite-sleeveless-tri-suit-men-smoke-gray\/","title":{"rendered":"Elite Sleeveless Tri Suit Men Smoke Gray"},"content":{"rendered":"<p>Panneau en maille<\/p>\n<p>Poches en maille avec poches lat\u00e9rales suppl\u00e9mentaires<\/p>\n<p>Peau de chamois ultra-l\u00e9g\u00e8re \u00e0 s\u00e9chage rapide<\/p>\n","protected":false},"excerpt":{"rendered":"<p>Cette combinaison fait tout et va partout. Repoussant l&#8217;eau pour les nages sans combinaison, tout en optimisant la respirabilit\u00e9 pour le cyclisme et la course \u00e0 pied, c&#8217;est une solution unique pour le triathl\u00e8te qui veut minimiser le temps de transition. Excellent pour les courses et l&#8217;entra\u00eenement. La combinaison Synergy Elite S\/S est notre mod\u00e8le le plus vendu et pour cause. La combinaison est fabriqu\u00e9e \u00e0 partir d&#8217;un nylon-spandex aquaphobe connu pour son confort, sa respirabilit\u00e9 et ses qualit\u00e9s de compression. La peau de chamois en polaire anti-microbienne fait de ce v\u00eatement le meilleur choix pour une course longue distance ou pour un sprint, o\u00f9 le temps pass\u00e9 en transition est important !<\/p>\n","protected":false},"featured_media":58771,"template":"","meta":[],"product_brand":[],"product_cat":[1703],"product_tag":[],"class_list":{"0":"post-58749","1":"product","2":"type-product","3":"status-publish","4":"has-post-thumbnail","6":"product_cat-gear-fr","7":"pa_brand-synergy","8":"pa_size-m-fr","9":"pa_size-l-fr","10":"pa_size-xl-fr","12":"first","13":"instock","14":"shipping-taxable","15":"purchasable","16":"product-type-variable"},"_links":{"self":[{"href":"https:\/\/espacetriathlon.com\/fr\/wp-json\/wp\/v2\/product\/58749","targetHints":{"allow":["GET"]}}],"collection":[{"href":"https:\/\/espacetriathlon.com\/fr\/wp-json\/wp\/v2\/product"}],"about":[{"href":"https:\/\/espacetriathlon.com\/fr\/wp-json\/wp\/v2\/types\/product"}],"version-history":[{"count":2,"href":"https:\/\/espacetriathlon.com\/fr\/wp-json\/wp\/v2\/product\/58749\/revisions"}],"predecessor-version":[{"id":58778,"href":"https:\/\/espacetriathlon.com\/fr\/wp-json\/wp\/v2\/product\/58749\/revisions\/58778"}],"wp:featuredmedia":[{"embeddable":true,"href":"https:\/\/espacetriathlon.com\/fr\/wp-json\/wp\/v2\/media\/58771"}],"wp:attachment":[{"href":"https:\/\/espacetriathlon.com\/fr\/wp-json\/wp\/v2\/media?parent=58749"}],"wp:term":[{"taxonomy":"product_brand","embeddable":true,"href":"https:\/\/espacetriathlon.com\/fr\/wp-json\/wp\/v2\/product_brand?post=58749"},{"taxonomy":"product_cat","embeddable":true,"href":"https:\/\/espacetriathlon.com\/fr\/wp-json\/wp\/v2\/product_cat?post=58749"},{"taxonomy":"product_tag","embeddable":true,"href":"https:\/\/espacetriathlon.com\/fr\/wp-json\/wp\/v2\/product_tag?post=58749"}],"curies":[{"name":"wp","href":"https:\/\/api.w.org\/{rel}","templated":true}]}}